{"id":1009,"date":"2010-03-11T15:17:00","date_gmt":"2010-03-11T14:17:00","guid":{"rendered":"http:\/\/www.diocesi.torino.it\/salute\/links-utili\/"},"modified":"2017-05-15T11:11:53","modified_gmt":"2017-05-15T09:11:53","slug":"links-utili","status":"publish","type":"page","link":"https:\/\/www.diocesi.torino.it\/salute\/links-utili\/","title":{"rendered":"Links utili"},"content":{"rendered":"<div id=\"pl-1009\"  class=\"panel-layout\" ><div id=\"pg-1009-0\"  class=\"panel-grid panel-no-style\" ><div id=\"pgc-1009-0-0\"  class=\"panel-grid-cell\" ><div id=\"panel-1009-0-0-0\" class=\"so-panel widget widget_sow-editor panel-first-child panel-last-child\" data-index=\"0\" ><div\n\t\t\t\n\t\t\tclass=\"so-widget-sow-editor so-widget-sow-editor-base\"\n\t\t\t\n\t\t>\n<div class=\"siteorigin-widget-tinymce textwidget\">\n\t<div><strong>La Santa Sede: Pontificio Consiglio della Pastorale della Salute<\/strong><br \/>Il portale istituzionale della Santa Sede su Internet, consultabile in sei lingue.<br \/>Comprende una ricca sezione documentaria (consultabile anche tramite motore di ricerca) che riporta i principali scritti della Chiesa in materia di Pastorale della Salute.<\/p>\n<p><b class=\"scuro\">Sito web:<\/b> <a href=\"http:\/\/www.vatican.va\/roman_curia\/pontifical_councils\/hlthwork\/index_it.htm\" target=\"_blank\">www.vatican.va\/roman_curia\/pontifical_councils\/hlthwork\/index_it.htm<\/a><br \/><br style=\"clear: right;\" \/><b class=\"blues\">Ufficio nazionale per la Pastorale della Sanit\u00e0<\/b><br \/>L'istituzione dell'Ufficio Nazionale per la Pastorale della Sanit\u00e0 da parte della Conferenza Episcopale Italiana risponde a una attesa e a una esigenza da molti avvertita, oltre che a numerose ed esplicite sollecitazioni.<br \/>Il nuovo Ufficio della C.E.I. si inserisce nel servizio di pastorale sanitaria cos\u00ec come si \u00e8 andato delineando in questi anni, in modo organico e attraverso strutture specifiche.<\/p>\n<p><b class=\"scuro\">Sede:<\/b> Via Aurelia, 468 - 00165 ROMA<br \/><b class=\"scuro\">Tel.<\/b> 06 66.39.84.77 - <b class=\"scuro\">FAX<\/b> 06 66.39.84.27<br \/><b class=\"scuro\">Direttore:<\/b> don Carmine Arice<\/p>\n<p><b class=\"scuro\">Sito web:<\/b> <a href=\"http:\/\/www.chiesacattolica.it\/salute\/\">http:\/\/www.chiesacattolica.it\/salute\/<\/a><\/p>\n<p><br style=\"clear: left;\" \/><a class=\"cross\" href=\"http:\/\/www.aipas.net\/\" target=\"_blank\">\u00a0<\/a><b class=\"blues\">A.I.Pa.S - Associazione Italiana Pastorale Sanitaria<\/b><br \/>L'A.I.Pa.S. si inserisce nell'azione pastorale della Chiesa nel mondo della salute con la forza della testimonianza che sgorga dall'alleanza e integrazione di carismi e tra ministri ordinati, consacrati\/laici\/laiche.<\/p>\n<p><b class=\"scuro\">Sito web:<\/b> <a href=\"http:\/\/www.aipasalute.it\/\">http:\/\/www.aipasalute.it\/<\/a><\/p>\n<p><a class=\"cross\" href=\"http:\/\/www.amcitorino.it\/\" target=\"_blank\"><br \/><\/a><a class=\"cross\" href=\"http:\/\/www.amcitorino.it\/\" target=\"_blank\"><b class=\"blues\" style=\"color: #333333;\"><br \/>AMCI - Associazione Medici Cattolici Italiani<\/b><\/a><br \/>L'Associazione ha fra i suoi scopi: - provvedere alla formazione morale, scientifica e professionale dei medici; - promuovere gli studi medico-morali, ispirandosi ai principi della Dottrina Cattolica e nel fedele rispetto del Magistero della Chiesa; - animare e difendere lo spirito di autentico servizio umano e cristiano dei medici nel rapporto con l'ammalato...<\/p>\n<p><b class=\"scuro\">Sito web nazionale:<\/b> <a href=\"http:\/\/www.amci.org\/\" target=\"_blank\">www.amci.org<\/a><br \/><b class=\"scuro\">Sito web territoriale:<\/b> <a href=\"http:\/\/www.amcitorino.it\/\" target=\"_blank\">www.amcitorino.it<\/a><br clear=\"all\" \/><br \/><a class=\"cross\" href=\"http:\/\/www.anapaca.it\/\" target=\"_blank\"><img decoding=\"async\" class=\"cross\" style=\"clear: left; margin-bottom: 12px; margin-left: 12px; float: right; display: inline-block; position: relative;\" src=\"\/diocesitorino\/allegati\/24961\/anapaca.jpg\" alt=\"Sito ANAPACA\" name=\"ANAPACA\" border=\"0\" hspace=\"0\" \/> <\/a><b class=\"blues\">ANAPACA<\/b><br \/>L'A.N.A.P.A.CA. \u00e8 un'associazione di volontariato apolitica e aconfessionale, che fornisce assistenza psicologica, gratuita, ai malati di cancro ed ai loro familiari, \u00e8 ufficialmente riconosciuta come ONLUS dalla Regione Piemonte.<\/p>\n<p><b class=\"scuro\">Sede:<\/b> Via Pastrengo, 16 - 10128 Torino<br \/><b class=\"scuro\">Tel.<\/b> 011.440.75.92 - <b class=\"scuro\">FAX<\/b> 011.440.68.40<br \/><b class=\"scuro\">E-mail:<\/b> <a href=\"mailto:segreteria@anapaca.it\">segreteria@anapaca.it<\/a><br \/><b class=\"scuro\">Sito web:<\/b> <a href=\"http:\/\/www.anapaca.it\/\" target=\"_blank\">www.anapaca.it<\/a><\/p>\n<p><b class=\"blues\">L'Ancora - L'Ancora nell'Unit\u00e0 di Salute<\/b><br \/><i>\"L'ancora\"<\/i> \u00e8 una rivista di informazione, formazione, spiritualit\u00e0, particolarmente dedicata al Centro Volontari della Sofferenza. La pubblicazione <i>\"L'Ancora nell'Unit\u00e0 di Salute\"<\/i> \u00e8 destinata agli operatori sanitari e a coloro che si occupano degli ammalati e dei portatori di handicap\u00a0a livello professionale.<br \/>Entrambe le riviste sono curate dalle Edizioni CVS.<br \/><b class=\"scuro\">Sito web:<\/b>\u00a0\u00a0<a href=\"http:\/\/www.sodcvs.org\/it\/edizionicvs\/index.php?UID=20111229134129213.215.219.154\"><span style=\"color: #800080;\">http:\/\/www.sodcvs.org\/it\/edizionicvs\/index.php?UID=20111229134129213.215.219.154<\/span><\/a><\/div>\n<div>\u00a0<\/div>\n<div><a class=\"cross\" href=\"http:\/\/www.casabordino.org\"><br \/><\/a><b class=\"blues\"><br \/>CASA BORDINO - Centro di ricerca e intervento sul disagio psichico<\/b><br \/>Si propone di fornire risposte concrete ai bisogni di cura, di assistenza e di sostegno ai disabili psichici e alle loro famiglie, soprattutto nel momento in cui le strutture pubbliche territoriali terminano il loro servizio, al fine di garantire una continuit\u00e0 di sostegno.<\/p>\n<p><b class=\"scuro\">Sede:<\/b> Via San Domenico, 28 - 10122 Torino<br \/><b class=\"scuro\">Sportello d'ascolto Tel.<\/b> 011\/52.17.232 - <b class=\"scuro\">FAX<\/b> 011\/431.97.42<br \/><b class=\"scuro\">E-mail:<\/b> <a href=\"mailto:casabordino@tin.it\">casabordino@casabordino.it<\/a> \u00a0<br \/><b class=\"scuro\">Sito web:<\/b> <a href=\"http:\/\/www.casabordino.org\">www.casabordino.org<\/a><br clear=\"all\" \/><br \/><b class=\"blues\">Camillianum<\/b><\/div>\n<div>Istituto internazionale di Teologia Pastorale Sanitaria<\/div>\n<div><b class=\"blues\">Sito web: <a href=\"http:\/\/www.camillianum.com\/\">http:\/\/www.camillianum.com\/<\/a><\/b><\/p>\n<p>\u00a0<\/p><\/div>\n<div>\u00a0<\/div>\n<div>\n<div><b class=\"blues\">Fatebenefratelli<\/b><br \/>Rivista dell'Ordine Ospedaliero San Giovanni di Dio<\/div>\n<div><b class=\"scuro\">Sito web:<\/b>\u00a0 <a href=\"http:\/\/www.fatebenefratelli.it\/pubblicazioni.html\"><span style=\"color: #800080;\">http:\/\/www.fatebenefratelli.it\/pubblicazioni.html<\/span><\/a><\/div>\n<div><a class=\"cross\" href=\"http:\/\/www.dongnocchi.it\/\" target=\"_blank\"><img decoding=\"async\" class=\"cross\" style=\"clear: left; margin-bottom: 12px; margin-left: 12px; float: right; display: inline-block; position: relative;\" src=\"\/diocesitorino\/allegati\/24961\/don_gnocchi.jpg\" alt=\"Sito Fondazione Don Carlo Gnocchi\" name=\"Fondazione Don Carlo Gnocchi\" border=\"0\" hspace=\"0\" \/> <\/a><b class=\"blues\">FONDAZIONE DON CARLO GNOCCHI - Onlus<\/b><br \/>Oggi la Fondazione Don Carlo Gnocchi ha alle proprie dipendenze oltre tremila operatori, eroga le proprie attivit\u00e0 in regime di convenzione con il Servizio Sanitario Nazionale ed opera in 24 Centri ubicati in 9 Regioni italiane.<br \/><b class=\"scuro\">Sede legale e presidenza:<\/b> 20121 Milano - piazzale Morandi, 6<br \/><b class=\"scuro\">Direzione generale:<\/b> 20162 Milano - via C. Girola 30<br \/><b class=\"scuro\">Sito web:<\/b> <a href=\"http:\/\/www.dongnocchi.it\/\" target=\"_blank\">http:\/\/www.dongnocchi.it\/<\/a><br \/><b class=\"scuro\">E-mail:<\/b> <a href=\"mailto:mailto:ufficiostampa@dongnocchi.it\">mailto:ufficiostampa@dongnocchi.it<\/a><\/p>\n<p><b>Torino, Centro \"S. Maria ai Colli\"<\/b><br \/><b class=\"scuro\">Sede:<\/b> Viale Settimio Severo<br \/><b class=\"scuro\">Tel.<\/b> 011 630.33.11 - <b>FAX<\/b> 011 660.44.25<br \/><b class=\"scuro\">Direttore:<\/b> Giovanni Cassisi<\/p>\n<p><b>Torino, Presidio \"Ausiliatrice - Don Gnocchi\"<\/b><br \/><b class=\"scuro\">Sede:<\/b> Via Peyron, 42 (tel. 011 437.07.11)<br \/><b class=\"scuro\">Direttore:<\/b> Giovanni Cassisi<br clear=\"all\" \/><br \/><b class=\"blues\">Missione Salute<\/b><br \/>Bimestrale di cultura e informazione sul mondo della sanit\u00e0. Rivista dei Camilliani d'Italia.<br \/><b class=\"scuro\">Sito web:<\/b> <a href=\"http:\/\/www.missionesalute.it\/\" target=\"_blank\">www.missionesalute.it\/<\/a>\u00a0<\/div>\n<\/div>\n<div>\u00a0<\/div>\n<div><strong>Forum\u00a0Interregionale\u00a0Permanente del Volontariato\u00a0- Piemonte e\u00a0Valle d'Aosta<\/strong>\u00a0<\/div>\n<div>\n<div><span style=\"font-style: normal; font-weight: normal;\">Il Forum Interregionale Permanente del Volontariato - Piemonte e Valle d\u2019Aosta\u00a0\u00e8 un organismo di coordinamento e collegamento.<\/span><\/div>\n<div><span style=\"font-size: x-small;\"><span style=\"font-family: Arial;\"><span style=\"font-style: normal; font-weight: normal;\">Rappresenta oltre 900 gruppi ed organizzazioni di volontariato, oltre 41.000 volontari<i> <\/i>che si riconoscono in nome di quattro valori fondamentali e qualificanti: gratuit\u00e0, centralit\u00e0 della persona, solidariet\u00e0 e<i> <\/i>condivisione.<\/span><\/span><\/span><\/div>\n<div><span style=\"font-size: x-small;\"><span style=\"font-family: Arial;\"><span style=\"font-style: normal; font-weight: normal;\"><strong>Sito web:<\/strong>\u00a0<span style=\"font-size: x-small;\"><a href=\"http:\/\/www.forumvolontariato.org\/\"><span style=\"color: #800080;\">www.forumvolontariato.org<\/span><\/a><\/span><\/span><\/span><\/span><\/div>\n<p><span id=\"1324630208631E\" style=\"display: none;\">\u00a0<\/span><\/p>\n<div>\u00a0<\/div>\n<p><br clear=\"all\" \/>\u00a0<\/p>\n<\/div>\n<\/div>\n<\/div><\/div><\/div><\/div><\/div>","protected":false},"excerpt":{"rendered":"<p>La Santa Sede: Pontificio Consiglio della Pastorale della SaluteIl portale istituzionale della Santa Sede su Internet, consultabile in sei lingue.Comprende una ricca sezione documentaria (consultabile anche tramite motore di ricerca) che riporta i principali scritti della Chiesa in materia di Pastorale della Salute.Sito web: www.vatican.va\/roman_curia\/pontifical_councils\/hlthwork\/index_it.htmUfficio nazionale per la Pastorale della Sanit\u00e0L&#8217;istituzione dell&#8217;Ufficio Nazionale per la Pastorale della Sanit\u00e0 da parte della Conferenza Episcopale Italiana risponde &hellip; <a href=\"https:\/\/www.diocesi.torino.it\/salute\/links-utili\/\" class=\"more-link\">Continua a leggere <span class=\"screen-reader-text\"><\/span> <span class=\"meta-nav\">&raquo;<\/span><\/a><\/p>\n","protected":false},"author":1,"featured_media":0,"parent":0,"menu_order":0,"comment_status":"closed","ping_status":"closed","template":"","meta":{"ip_address":"","user_agent":"","level":"","revision":"","cookie_id":"","page_referer":"","html_form":"","_expiration-date-status":"","_expiration-date":0,"_expiration-date-type":"","_expiration-date-categories":[],"_expiration-date-options":[]},"acf":[],"yoast_head":"<!-- This site is optimized with the Yoast SEO plugin v20.8 - https:\/\/yoast.com\/wordpress\/plugins\/seo\/ -->\n<title>Links utili - Pastorale della SALUTE<\/title>\n<meta name=\"robots\" content=\"index, follow, max-snippet:-1, max-image-preview:large, max-video-preview:-1\" \/>\n<link rel=\"canonical\" href=\"https:\/\/www.diocesi.torino.it\/salute\/links-utili\/\" \/>\n<meta property=\"og:locale\" content=\"it_IT\" \/>\n<meta property=\"og:type\" content=\"article\" \/>\n<meta property=\"og:title\" content=\"Links utili - Pastorale della SALUTE\" \/>\n<meta property=\"og:description\" content=\"La Santa Sede: Pontificio Consiglio della Pastorale della SaluteIl portale istituzionale della Santa Sede su Internet, consultabile in sei lingue.Comprende una ricca sezione documentaria (consultabile anche tramite motore di ricerca) che riporta i principali scritti della Chiesa in materia di Pastorale della Salute.Sito web: www.vatican.va\/roman_curia\/pontifical_councils\/hlthwork\/index_it.htmUfficio nazionale per la Pastorale della Sanit\u00e0L&#039;istituzione dell&#039;Ufficio Nazionale per la Pastorale della Sanit\u00e0 da parte della Conferenza Episcopale Italiana risponde &hellip; Continua a leggere &raquo;\" \/>\n<meta property=\"og:url\" content=\"https:\/\/www.diocesi.torino.it\/salute\/links-utili\/\" \/>\n<meta property=\"og:site_name\" content=\"Pastorale della SALUTE\" \/>\n<meta property=\"article:modified_time\" content=\"2017-05-15T09:11:53+00:00\" \/>\n<meta name=\"twitter:card\" content=\"summary_large_image\" \/>\n<meta name=\"twitter:label1\" content=\"Tempo di lettura stimato\" \/>\n\t<meta name=\"twitter:data1\" content=\"3 minuti\" \/>\n<script type=\"application\/ld+json\" class=\"yoast-schema-graph\">{\"@context\":\"https:\/\/schema.org\",\"@graph\":[{\"@type\":\"WebPage\",\"@id\":\"https:\/\/www.diocesi.torino.it\/salute\/links-utili\/\",\"url\":\"https:\/\/www.diocesi.torino.it\/salute\/links-utili\/\",\"name\":\"Links utili - Pastorale della SALUTE\",\"isPartOf\":{\"@id\":\"https:\/\/www.diocesi.torino.it\/salute\/#website\"},\"datePublished\":\"2010-03-11T14:17:00+00:00\",\"dateModified\":\"2017-05-15T09:11:53+00:00\",\"breadcrumb\":{\"@id\":\"https:\/\/www.diocesi.torino.it\/salute\/links-utili\/#breadcrumb\"},\"inLanguage\":\"it-IT\",\"potentialAction\":[{\"@type\":\"ReadAction\",\"target\":[\"https:\/\/www.diocesi.torino.it\/salute\/links-utili\/\"]}]},{\"@type\":\"BreadcrumbList\",\"@id\":\"https:\/\/www.diocesi.torino.it\/salute\/links-utili\/#breadcrumb\",\"itemListElement\":[{\"@type\":\"ListItem\",\"position\":1,\"name\":\"Home\",\"item\":\"https:\/\/www.diocesi.torino.it\/salute\/\"},{\"@type\":\"ListItem\",\"position\":2,\"name\":\"Links utili\"}]},{\"@type\":\"WebSite\",\"@id\":\"https:\/\/www.diocesi.torino.it\/salute\/#website\",\"url\":\"https:\/\/www.diocesi.torino.it\/salute\/\",\"name\":\"Pastorale della SALUTE\",\"description\":\"\",\"potentialAction\":[{\"@type\":\"SearchAction\",\"target\":{\"@type\":\"EntryPoint\",\"urlTemplate\":\"https:\/\/www.diocesi.torino.it\/salute\/?s={search_term_string}\"},\"query-input\":\"required name=search_term_string\"}],\"inLanguage\":\"it-IT\"}]}<\/script>\n<!-- \/ Yoast SEO plugin. -->","yoast_head_json":{"title":"Links utili - Pastorale della SALUTE","robots":{"index":"index","follow":"follow","max-snippet":"max-snippet:-1","max-image-preview":"max-image-preview:large","max-video-preview":"max-video-preview:-1"},"canonical":"https:\/\/www.diocesi.torino.it\/salute\/links-utili\/","og_locale":"it_IT","og_type":"article","og_title":"Links utili - Pastorale della SALUTE","og_description":"La Santa Sede: Pontificio Consiglio della Pastorale della SaluteIl portale istituzionale della Santa Sede su Internet, consultabile in sei lingue.Comprende una ricca sezione documentaria (consultabile anche tramite motore di ricerca) che riporta i principali scritti della Chiesa in materia di Pastorale della Salute.Sito web: www.vatican.va\/roman_curia\/pontifical_councils\/hlthwork\/index_it.htmUfficio nazionale per la Pastorale della Sanit\u00e0L'istituzione dell'Ufficio Nazionale per la Pastorale della Sanit\u00e0 da parte della Conferenza Episcopale Italiana risponde &hellip; Continua a leggere &raquo;","og_url":"https:\/\/www.diocesi.torino.it\/salute\/links-utili\/","og_site_name":"Pastorale della SALUTE","article_modified_time":"2017-05-15T09:11:53+00:00","twitter_card":"summary_large_image","twitter_misc":{"Tempo di lettura stimato":"3 minuti"},"schema":{"@context":"https:\/\/schema.org","@graph":[{"@type":"WebPage","@id":"https:\/\/www.diocesi.torino.it\/salute\/links-utili\/","url":"https:\/\/www.diocesi.torino.it\/salute\/links-utili\/","name":"Links utili - Pastorale della SALUTE","isPartOf":{"@id":"https:\/\/www.diocesi.torino.it\/salute\/#website"},"datePublished":"2010-03-11T14:17:00+00:00","dateModified":"2017-05-15T09:11:53+00:00","breadcrumb":{"@id":"https:\/\/www.diocesi.torino.it\/salute\/links-utili\/#breadcrumb"},"inLanguage":"it-IT","potentialAction":[{"@type":"ReadAction","target":["https:\/\/www.diocesi.torino.it\/salute\/links-utili\/"]}]},{"@type":"BreadcrumbList","@id":"https:\/\/www.diocesi.torino.it\/salute\/links-utili\/#breadcrumb","itemListElement":[{"@type":"ListItem","position":1,"name":"Home","item":"https:\/\/www.diocesi.torino.it\/salute\/"},{"@type":"ListItem","position":2,"name":"Links utili"}]},{"@type":"WebSite","@id":"https:\/\/www.diocesi.torino.it\/salute\/#website","url":"https:\/\/www.diocesi.torino.it\/salute\/","name":"Pastorale della SALUTE","description":"","potentialAction":[{"@type":"SearchAction","target":{"@type":"EntryPoint","urlTemplate":"https:\/\/www.diocesi.torino.it\/salute\/?s={search_term_string}"},"query-input":"required name=search_term_string"}],"inLanguage":"it-IT"}]}},"_links":{"self":[{"href":"https:\/\/www.diocesi.torino.it\/salute\/wp-json\/wp\/v2\/pages\/1009"}],"collection":[{"href":"https:\/\/www.diocesi.torino.it\/salute\/wp-json\/wp\/v2\/pages"}],"about":[{"href":"https:\/\/www.diocesi.torino.it\/salute\/wp-json\/wp\/v2\/types\/page"}],"author":[{"embeddable":true,"href":"https:\/\/www.diocesi.torino.it\/salute\/wp-json\/wp\/v2\/users\/1"}],"replies":[{"embeddable":true,"href":"https:\/\/www.diocesi.torino.it\/salute\/wp-json\/wp\/v2\/comments?post=1009"}],"version-history":[{"count":1,"href":"https:\/\/www.diocesi.torino.it\/salute\/wp-json\/wp\/v2\/pages\/1009\/revisions"}],"predecessor-version":[{"id":1014,"href":"https:\/\/www.diocesi.torino.it\/salute\/wp-json\/wp\/v2\/pages\/1009\/revisions\/1014"}],"wp:attachment":[{"href":"https:\/\/www.diocesi.torino.it\/salute\/wp-json\/wp\/v2\/media?parent=1009"}],"curies":[{"name":"wp","href":"https:\/\/api.w.org\/{rel}","templated":true}]}}