{"id":4497,"date":"2023-02-23T09:50:50","date_gmt":"2023-02-23T08:50:50","guid":{"rendered":"http:\/\/www.diocesi.torino.it\/scuola\/?page_id=4497"},"modified":"2024-01-31T15:26:23","modified_gmt":"2024-01-31T14:26:23","slug":"settimana-della-scuola-2023-24","status":"publish","type":"page","link":"https:\/\/www.diocesi.torino.it\/scuola\/settimana-della-scuola-2023-24\/","title":{"rendered":"Settimana della Scuola 2023\/24"},"content":{"rendered":"<div id=\"pl-4497\"  class=\"panel-layout\" ><div id=\"pg-4497-0\"  class=\"panel-grid panel-no-style\" ><div id=\"pgc-4497-0-0\"  class=\"panel-grid-cell\" ><div id=\"panel-4497-0-0-0\" class=\"so-panel widget widget_sow-editor panel-first-child panel-last-child\" data-index=\"0\" ><div\n\t\t\t\n\t\t\tclass=\"so-widget-sow-editor so-widget-sow-editor-base\"\n\t\t\t\n\t\t>\n<div class=\"siteorigin-widget-tinymce textwidget\">\n\t<h2><span style=\"color: #3366ff;\"><strong>Settimana della Scuola 2023\/24\u00a0<\/strong><\/span><\/h2>\n<p><img decoding=\"async\" loading=\"lazy\" class=\"alignnone size-full wp-image-7682\" src=\"https:\/\/www.diocesi.torino.it\/scuola\/wp-content\/uploads\/sites\/18\/2023\/02\/Pastorale-Scolastica.png\" alt=\"\" width=\"93\" height=\"85\" \/><\/p>\n<h2><span style=\"color: #ff0000;\"><em><strong>Osiamo il FUTURO !<\/strong><\/em><\/span><\/h2>\n<h5><span style=\"color: #339966;\"><strong>Attivit\u00e0 per bambini e ragazzi (18-22 marzo 2024)<\/strong><\/span><\/h5>\n<p>&nbsp;<\/p>\n<h5>Di seguito trovate i link per l'iscrizione alle attivit\u00e0 che la \"Settimana della Scuola 2023-24\" propone a bambini e ragazzi, secondo l'et\u00e0 e grado di istruzione. Cliccando su \"ISCRIVITI ORA\" si acceder\u00e0 ad una pagina dedicata all'incontro prescelto, contenente luogo, orario, una breve descrizione dell'attivit\u00e0 e il form da compilare per completare e inviare l'iscrizione.<\/h5>\n<p>&nbsp;<\/p>\n<h5>Incontro per la <strong><span style=\"color: #339966;\">Scuola dell'Infanzia<\/span><\/strong> e <strong><span style=\"color: #339966;\">primo anno della Scuola Primaria<\/span><\/strong> (18 marzo 2024) -\u00a0<a href=\"https:\/\/www.diocesi.torino.it\/scuola\/settimana-della-scuola-23-24-inf\/\"><strong><span style=\"color: #ff0000;\">ISCRIVITI ORA<\/span><\/strong><\/a><\/h5>\n<h5>Incontro per la <strong><span style=\"color: #339966;\">Scuola Primaria, classi dalla 2a alla 5a<\/span><\/strong> (20 marzo 2024) - <a href=\"https:\/\/www.diocesi.torino.it\/scuola\/attivita-per-la-scuola-primaria\/\"><strong><span style=\"color: #ff0000;\">ISCRIVITI ORA<\/span><\/strong><\/a><\/h5>\n<h5>Incontro per la <strong><span style=\"color: #339966;\">Scuola Secondaria di Primo Grado<\/span><\/strong> (21 marzo 2024) - <a href=\"https:\/\/www.diocesi.torino.it\/scuola\/attivita-per-la-scuola-secondaria-di-i-grado\/\"><strong><span style=\"color: #ff0000;\">ISCRIVITI ORA<\/span><\/strong><\/a><\/h5>\n<h5>Incontro per la <strong><span style=\"color: #339966;\">Scuola Secondaria di Secondo Grado<\/span><\/strong> e <strong><span style=\"color: #339966;\">Formazione Professionale<\/span><\/strong> (22 marzo 2024) - <a href=\"https:\/\/www.diocesi.torino.it\/scuola\/attivita-per-la-scuola-secondaria-di-ii-grado-fp\/\"><strong><span style=\"color: #ff0000;\">ISCRIVITI ORA<\/span><\/strong><\/a><\/h5>\n<p>&nbsp;<\/p>\n<p>Qui sotto potete scaricare la brochure delle attivit\u00e0 in formato PDF. Qui sotto potete scaricare la brochure delle attivit\u00e0 in formato PDF. La comunicazione della \"Settimana della Scuola\" \u00e8 stata pubblicata anche sul sito dell'Ufficio Scolastico Regionale, con nota Prot. 1461 del 30\/01\/2024 (clicca <a href=\"https:\/\/www.istruzionepiemonte.it\/wp-content\/uploads\/2024\/01\/Nota-USR-prot.-n.-1461.30-01-2024.pdf\">QUI<\/a> per leggere la nota).<\/p>\n<\/div>\n<\/div><\/div><\/div><\/div><\/div><hr class=\"wpba_attachment_hr\"><div id='wpba_attachment_list' class='wpba wpba-wrap'>\n<ul class='wpba-attachment-list unstyled'><li id='wpba_attachment_list_8113' class='wpba-list-item pull-left'><img src='https:\/\/www.diocesi.torino.it\/scuola\/wp-content\/themes\/wp-starter-so\/icons\/document.png' width='16' height='20' class='wpba-icon pull-left'><a href='https:\/\/www.diocesi.torino.it\/scuola\/wp-content\/uploads\/sites\/18\/2024\/01\/Sett23-24-ragazzi-P.pdf' title='Sett23-24-ragazzi-P' class='wpba-link pull-left' target=\"_blank\">Sett23-24-ragazzi-P<\/a><\/li>\n<\/ul><\/div>\n","protected":false},"excerpt":{"rendered":"<p>Settimana della Scuola 2023\/24\u00a0 Osiamo il FUTURO ! Attivit\u00e0 per bambini e ragazzi (18-22 marzo 2024) &nbsp; Di seguito trovate i link per l&#8217;iscrizione alle attivit\u00e0 che la &#8220;Settimana della Scuola 2023-24&#8221; propone a bambini e ragazzi, secondo l&#8217;et\u00e0 e grado di istruzione. Cliccando su &#8220;ISCRIVITI ORA&#8221; si acceder\u00e0 ad una pagina dedicata all&#8217;incontro prescelto, contenente luogo, orario, una breve descrizione dell&#8217;attivit\u00e0 e il form &hellip; <a href=\"https:\/\/www.diocesi.torino.it\/scuola\/settimana-della-scuola-2023-24\/\" class=\"more-link\">Continua a leggere <span class=\"screen-reader-text\"><\/span> <span class=\"meta-nav\">&raquo;<\/span><\/a><\/p>\n","protected":false},"author":27,"featured_media":8107,"parent":0,"menu_order":0,"comment_status":"closed","ping_status":"closed","template":"","meta":{"ip_address":"","user_agent":"","level":"","revision":"","cookie_id":"","page_referer":"","html_form":"","_expiration-date-status":"","_expiration-date":0,"_expiration-date-type":"","_expiration-date-categories":[],"_expiration-date-options":[]},"acf":[],"yoast_head":"<!-- This site is optimized with the Yoast SEO plugin v20.8 - https:\/\/yoast.com\/wordpress\/plugins\/seo\/ -->\n<title>Settimana della Scuola 2023\/24 - Pastorale SCOLASTICA<\/title>\n<meta name=\"robots\" content=\"index, follow, max-snippet:-1, max-image-preview:large, max-video-preview:-1\" \/>\n<link rel=\"canonical\" href=\"https:\/\/www.diocesi.torino.it\/scuola\/settimana-della-scuola-2023-24\/\" \/>\n<meta property=\"og:locale\" content=\"it_IT\" \/>\n<meta property=\"og:type\" content=\"article\" \/>\n<meta property=\"og:title\" content=\"Settimana della Scuola 2023\/24 - Pastorale SCOLASTICA\" \/>\n<meta property=\"og:description\" content=\"Settimana della Scuola 2023\/24\u00a0 Osiamo il FUTURO ! Attivit\u00e0 per bambini e ragazzi (18-22 marzo 2024) &nbsp; Di seguito trovate i link per l&#039;iscrizione alle attivit\u00e0 che la &quot;Settimana della Scuola 2023-24&quot; propone a bambini e ragazzi, secondo l&#039;et\u00e0 e grado di istruzione. Cliccando su &quot;ISCRIVITI ORA&quot; si acceder\u00e0 ad una pagina dedicata all&#039;incontro prescelto, contenente luogo, orario, una breve descrizione dell&#039;attivit\u00e0 e il form &hellip; Continua a leggere &raquo;\" \/>\n<meta property=\"og:url\" content=\"https:\/\/www.diocesi.torino.it\/scuola\/settimana-della-scuola-2023-24\/\" \/>\n<meta property=\"og:site_name\" content=\"Pastorale SCOLASTICA\" \/>\n<meta property=\"article:modified_time\" content=\"2024-01-31T14:26:23+00:00\" \/>\n<meta property=\"og:image\" content=\"https:\/\/www.diocesi.torino.it\/scuola\/wp-content\/uploads\/sites\/18\/2023\/10\/Sett23-24-ragazzi.jpg\" \/>\n\t<meta property=\"og:image:width\" content=\"578\" \/>\n\t<meta property=\"og:image:height\" content=\"597\" \/>\n\t<meta property=\"og:image:type\" content=\"image\/jpeg\" \/>\n<meta name=\"twitter:card\" content=\"summary_large_image\" \/>\n<meta name=\"twitter:label1\" content=\"Tempo di lettura stimato\" \/>\n\t<meta name=\"twitter:data1\" content=\"1 minuto\" \/>\n<script type=\"application\/ld+json\" class=\"yoast-schema-graph\">{\"@context\":\"https:\/\/schema.org\",\"@graph\":[{\"@type\":\"WebPage\",\"@id\":\"https:\/\/www.diocesi.torino.it\/scuola\/settimana-della-scuola-2023-24\/\",\"url\":\"https:\/\/www.diocesi.torino.it\/scuola\/settimana-della-scuola-2023-24\/\",\"name\":\"Settimana della Scuola 2023\/24 - Pastorale SCOLASTICA\",\"isPartOf\":{\"@id\":\"https:\/\/www.diocesi.torino.it\/scuola\/#website\"},\"datePublished\":\"2023-02-23T08:50:50+00:00\",\"dateModified\":\"2024-01-31T14:26:23+00:00\",\"breadcrumb\":{\"@id\":\"https:\/\/www.diocesi.torino.it\/scuola\/settimana-della-scuola-2023-24\/#breadcrumb\"},\"inLanguage\":\"it-IT\",\"potentialAction\":[{\"@type\":\"ReadAction\",\"target\":[\"https:\/\/www.diocesi.torino.it\/scuola\/settimana-della-scuola-2023-24\/\"]}]},{\"@type\":\"BreadcrumbList\",\"@id\":\"https:\/\/www.diocesi.torino.it\/scuola\/settimana-della-scuola-2023-24\/#breadcrumb\",\"itemListElement\":[{\"@type\":\"ListItem\",\"position\":1,\"name\":\"Home\",\"item\":\"https:\/\/www.diocesi.torino.it\/scuola\/\"},{\"@type\":\"ListItem\",\"position\":2,\"name\":\"Settimana della Scuola 2023\/24\"}]},{\"@type\":\"WebSite\",\"@id\":\"https:\/\/www.diocesi.torino.it\/scuola\/#website\",\"url\":\"https:\/\/www.diocesi.torino.it\/scuola\/\",\"name\":\"Pastorale SCOLASTICA\",\"description\":\"\",\"potentialAction\":[{\"@type\":\"SearchAction\",\"target\":{\"@type\":\"EntryPoint\",\"urlTemplate\":\"https:\/\/www.diocesi.torino.it\/scuola\/?s={search_term_string}\"},\"query-input\":\"required name=search_term_string\"}],\"inLanguage\":\"it-IT\"}]}<\/script>\n<!-- \/ Yoast SEO plugin. -->","yoast_head_json":{"title":"Settimana della Scuola 2023\/24 - Pastorale SCOLASTICA","robots":{"index":"index","follow":"follow","max-snippet":"max-snippet:-1","max-image-preview":"max-image-preview:large","max-video-preview":"max-video-preview:-1"},"canonical":"https:\/\/www.diocesi.torino.it\/scuola\/settimana-della-scuola-2023-24\/","og_locale":"it_IT","og_type":"article","og_title":"Settimana della Scuola 2023\/24 - Pastorale SCOLASTICA","og_description":"Settimana della Scuola 2023\/24\u00a0 Osiamo il FUTURO ! Attivit\u00e0 per bambini e ragazzi (18-22 marzo 2024) &nbsp; Di seguito trovate i link per l'iscrizione alle attivit\u00e0 che la \"Settimana della Scuola 2023-24\" propone a bambini e ragazzi, secondo l'et\u00e0 e grado di istruzione. Cliccando su \"ISCRIVITI ORA\" si acceder\u00e0 ad una pagina dedicata all'incontro prescelto, contenente luogo, orario, una breve descrizione dell'attivit\u00e0 e il form &hellip; Continua a leggere &raquo;","og_url":"https:\/\/www.diocesi.torino.it\/scuola\/settimana-della-scuola-2023-24\/","og_site_name":"Pastorale SCOLASTICA","article_modified_time":"2024-01-31T14:26:23+00:00","og_image":[{"width":578,"height":597,"url":"https:\/\/www.diocesi.torino.it\/scuola\/wp-content\/uploads\/sites\/18\/2023\/10\/Sett23-24-ragazzi.jpg","type":"image\/jpeg"}],"twitter_card":"summary_large_image","twitter_misc":{"Tempo di lettura stimato":"1 minuto"},"schema":{"@context":"https:\/\/schema.org","@graph":[{"@type":"WebPage","@id":"https:\/\/www.diocesi.torino.it\/scuola\/settimana-della-scuola-2023-24\/","url":"https:\/\/www.diocesi.torino.it\/scuola\/settimana-della-scuola-2023-24\/","name":"Settimana della Scuola 2023\/24 - Pastorale SCOLASTICA","isPartOf":{"@id":"https:\/\/www.diocesi.torino.it\/scuola\/#website"},"datePublished":"2023-02-23T08:50:50+00:00","dateModified":"2024-01-31T14:26:23+00:00","breadcrumb":{"@id":"https:\/\/www.diocesi.torino.it\/scuola\/settimana-della-scuola-2023-24\/#breadcrumb"},"inLanguage":"it-IT","potentialAction":[{"@type":"ReadAction","target":["https:\/\/www.diocesi.torino.it\/scuola\/settimana-della-scuola-2023-24\/"]}]},{"@type":"BreadcrumbList","@id":"https:\/\/www.diocesi.torino.it\/scuola\/settimana-della-scuola-2023-24\/#breadcrumb","itemListElement":[{"@type":"ListItem","position":1,"name":"Home","item":"https:\/\/www.diocesi.torino.it\/scuola\/"},{"@type":"ListItem","position":2,"name":"Settimana della Scuola 2023\/24"}]},{"@type":"WebSite","@id":"https:\/\/www.diocesi.torino.it\/scuola\/#website","url":"https:\/\/www.diocesi.torino.it\/scuola\/","name":"Pastorale SCOLASTICA","description":"","potentialAction":[{"@type":"SearchAction","target":{"@type":"EntryPoint","urlTemplate":"https:\/\/www.diocesi.torino.it\/scuola\/?s={search_term_string}"},"query-input":"required name=search_term_string"}],"inLanguage":"it-IT"}]}},"_links":{"self":[{"href":"https:\/\/www.diocesi.torino.it\/scuola\/wp-json\/wp\/v2\/pages\/4497"}],"collection":[{"href":"https:\/\/www.diocesi.torino.it\/scuola\/wp-json\/wp\/v2\/pages"}],"about":[{"href":"https:\/\/www.diocesi.torino.it\/scuola\/wp-json\/wp\/v2\/types\/page"}],"author":[{"embeddable":true,"href":"https:\/\/www.diocesi.torino.it\/scuola\/wp-json\/wp\/v2\/users\/27"}],"replies":[{"embeddable":true,"href":"https:\/\/www.diocesi.torino.it\/scuola\/wp-json\/wp\/v2\/comments?post=4497"}],"version-history":[{"count":52,"href":"https:\/\/www.diocesi.torino.it\/scuola\/wp-json\/wp\/v2\/pages\/4497\/revisions"}],"predecessor-version":[{"id":8149,"href":"https:\/\/www.diocesi.torino.it\/scuola\/wp-json\/wp\/v2\/pages\/4497\/revisions\/8149"}],"wp:featuredmedia":[{"embeddable":true,"href":"https:\/\/www.diocesi.torino.it\/scuola\/wp-json\/wp\/v2\/media\/8107"}],"wp:attachment":[{"href":"https:\/\/www.diocesi.torino.it\/scuola\/wp-json\/wp\/v2\/media?parent=4497"}],"curies":[{"name":"wp","href":"https:\/\/api.w.org\/{rel}","templated":true}]}}