{"id":2213,"date":"2018-02-21T15:27:05","date_gmt":"2018-02-21T14:27:05","guid":{"rendered":"http:\/\/www.diocesi.torino.it\/socialeelavoro\/?page_id=2213"},"modified":"2018-06-28T10:31:51","modified_gmt":"2018-06-28T08:31:51","slug":"percorso-formativo-per-i-volontari-dei-servizi-per-il-lavoro","status":"publish","type":"page","link":"https:\/\/www.diocesi.torino.it\/socialeelavoro\/servizi-per-il-lavoro\/percorso-formativo-per-i-volontari-dei-servizi-per-il-lavoro\/","title":{"rendered":"Percorso formativo per i volontari dei Servizi per il lavoro"},"content":{"rendered":"<div id=\"pl-2213\"  class=\"panel-layout\" ><div id=\"pg-2213-0\"  class=\"panel-grid panel-no-style\" ><div id=\"pgc-2213-0-0\"  class=\"panel-grid-cell\" ><div id=\"panel-2213-0-0-0\" class=\"so-panel widget widget_sow-editor panel-first-child panel-last-child\" data-index=\"0\" ><div\n\t\t\t\n\t\t\tclass=\"so-widget-sow-editor so-widget-sow-editor-base\"\n\t\t\t\n\t\t>\n<div class=\"siteorigin-widget-tinymce textwidget\">\n\t<p><img decoding=\"async\" loading=\"lazy\" class=\" wp-image-2222 alignright\" src=\"http:\/\/www.diocesi.torino.it\/socialeelavoro\/wp-content\/uploads\/sites\/8\/2018\/02\/lavoro_ricerca_disoccupati_fila-300x240.jpg\" alt=\"\" width=\"388\" height=\"310\" srcset=\"https:\/\/www.diocesi.torino.it\/socialeelavoro\/wp-content\/uploads\/sites\/8\/2018\/02\/lavoro_ricerca_disoccupati_fila-300x240.jpg 300w, https:\/\/www.diocesi.torino.it\/socialeelavoro\/wp-content\/uploads\/sites\/8\/2018\/02\/lavoro_ricerca_disoccupati_fila-768x614.jpg 768w, https:\/\/www.diocesi.torino.it\/socialeelavoro\/wp-content\/uploads\/sites\/8\/2018\/02\/lavoro_ricerca_disoccupati_fila.jpg 1024w, https:\/\/www.diocesi.torino.it\/socialeelavoro\/wp-content\/uploads\/sites\/8\/2018\/02\/lavoro_ricerca_disoccupati_fila-350x280.jpg 350w, https:\/\/www.diocesi.torino.it\/socialeelavoro\/wp-content\/uploads\/sites\/8\/2018\/02\/lavoro_ricerca_disoccupati_fila-960x768.jpg 960w\" sizes=\"(max-width: 388px) 100vw, 388px\" \/><\/p>\n<p>In questa pagina trovate tutte le informazioni sul percorso formativo per i volontari dei \u00abServizi per il lavoro\u00bb e per le nuove realt\u00e0 interessate al tema dell\u2019accompagnamento al lavoro.<\/p>\n<p>I Servizi per il lavoro sono sportelli di ascolto e accompagnamento per persone in cerca di lavoro o di opportunit\u00e0 formative. Ogni Servizio \u00e8 completamente gratuito ed \u00e8 gestito da volontari compenti della parrocchia o Unit\u00e0 pastorale, che mettono a disposizione il loro tempo e le loro competenze per le persone che stanno cercando un nuovo lavoro. I volontari accompagnano le persone in modo professionale e fraterno.<\/p>\n<p>L\u2019esperienza di tutti i Servizi per il lavoro della Diocesi di Torino \u00e8 coordinata e promossa dall\u2019Ufficio diocesano di Pastorale Sociale e del Lavoro.<\/p>\n<p><em>In allegato il volantino con il <a href=\"http:\/\/www.diocesi.torino.it\/socialeelavoro\/wp-content\/uploads\/sites\/8\/2018\/02\/Servizi_lavoro_percorsoformativo_programma.pdf\" target=\"_blank\" rel=\"noopener\">programma dettagliato<\/a> del percorso formativo e la <a href=\"http:\/\/www.diocesi.torino.it\/socialeelavoro\/wp-content\/uploads\/sites\/8\/2018\/02\/Servizi_lavoro_presentazione_.pdf\" target=\"_blank\" rel=\"noopener\">presentazione<\/a> del percorso stesso.<\/em><\/p>\n<p><span style=\"color: #ff0000\"><strong>Qui di seguito l\u2019elenco dei singoli incontri del percorso formativo: cliccando su ciascuna data \u00e8 possibile scaricare i materiali oggetto dell\u2019incontro (ACCESSO RISERVATO AGLI ISCRITTI AL CORSO<\/strong>).<\/span><\/p>\n<p>- <a href=\"http:\/\/www.diocesi.torino.it\/socialeelavoro\/seminario-della-pastorale-del-lavoro-sul-tema-giovani-e-lavoro\/\" target=\"_blank\" rel=\"noopener\"><strong>SABATO 21 OTTOBRE<\/strong> 2017<\/a> (ore 9 - 13): Seminario della Pastorale del Lavoro sul tema \u00abGiovani e lavoro\u00bb<\/p>\n<p>- <a href=\"http:\/\/www.diocesi.torino.it\/socialeelavoro\/formazione-model-1-su-servizio-informativo\/\" target=\"_blank\" rel=\"noopener\"><strong>SABATO 3 FEBBRAIO<\/strong> 2018<\/a> (ore 9 - 13, presso parrocchia Ges\u00f9 Redentore - Piazza Giovanni XXIII, 26, Torino TO): formazione Model 1 su \u00abServizio informativo\u00bb<\/p>\n<p>- <a href=\"http:\/\/www.diocesi.torino.it\/socialeelavoro\/2382-2\/\" target=\"_blank\" rel=\"noopener\"><strong>SABATO 14 APRILE<\/strong>\u00a02018<\/a> (ore 9 - 13, presso parrocchia Santa Maria della Stella - Via Fratelli Piol, 44 Rivoli TO): formazione Model 2 su \u00abConsulenza e accompagnamento alla persona\u00bb<\/p>\n<p>- <a href=\"http:\/\/www.diocesi.torino.it\/socialeelavoro\/model-3-formazione-di-gruppo\/\" target=\"_blank\" rel=\"noopener\"><strong>SABATO 5 MAGGIO<\/strong> 2018<\/a> (9 - 13, presso la parrocchia di Borgaro): formazione Model 3 su \u00abIl Servizio per il lavoro come snodo di politiche attive\u00bb<\/p>\n<\/div>\n<\/div><\/div><\/div><\/div><\/div><hr class=\"wpba_attachment_hr\"><div id='wpba_attachment_list' class='wpba wpba-wrap'>\n<ul class='wpba-attachment-list unstyled'><li id='wpba_attachment_list_2216' class='wpba-list-item pull-left'><img src='https:\/\/www.diocesi.torino.it\/socialeelavoro\/wp-content\/themes\/wp-starter-so\/icons\/document.png' width='16' height='20' class='wpba-icon pull-left'><a href='https:\/\/www.diocesi.torino.it\/socialeelavoro\/wp-content\/uploads\/sites\/8\/2018\/02\/Servizi_lavoro_percorsoformativo_programma.pdf' title='CALENDARIO e PROGRAMMA percorso formativo Servizi per il lavoro' class='wpba-link pull-left' target=\"_blank\">CALENDARIO e PROGRAMMA percorso formativo Servizi per il lavoro<\/a><\/li>\n<li id='wpba_attachment_list_2539' class='wpba-list-item pull-left'><img src='https:\/\/www.diocesi.torino.it\/socialeelavoro\/wp-content\/themes\/wp-starter-so\/icons\/document.png' width='16' height='20' class='wpba-icon pull-left'><a href='https:\/\/www.diocesi.torino.it\/socialeelavoro\/wp-content\/uploads\/sites\/8\/2018\/06\/2018-06-07-incontro-volontari-UP-TORINO-2.pdf' title='incontro 7 giugno' class='wpba-link pull-left' target=\"_blank\">incontro 7 giugno<\/a><\/li>\n<li id='wpba_attachment_list_2540' class='wpba-list-item pull-left'><img src='https:\/\/www.diocesi.torino.it\/socialeelavoro\/wp-content\/themes\/wp-starter-so\/icons\/document.png' width='16' height='20' class='wpba-icon pull-left'><a href='https:\/\/www.diocesi.torino.it\/socialeelavoro\/wp-content\/uploads\/sites\/8\/2018\/06\/locandina-DEFrev-finale.pdf' title='locandina bandi' class='wpba-link pull-left' target=\"_blank\">locandina bandi<\/a><\/li>\n<li id='wpba_attachment_list_2543' class='wpba-list-item pull-left'><img src='https:\/\/www.diocesi.torino.it\/socialeelavoro\/wp-content\/themes\/wp-starter-so\/icons\/document.png' width='16' height='20' class='wpba-icon pull-left'><a href='https:\/\/www.diocesi.torino.it\/socialeelavoro\/wp-content\/uploads\/sites\/8\/2018\/06\/flyer.pdf' title='flyer' class='wpba-link pull-left' target=\"_blank\">flyer<\/a><\/li>\n<li id='wpba_attachment_list_2552' class='wpba-list-item pull-left'><img src='https:\/\/www.diocesi.torino.it\/socialeelavoro\/wp-content\/themes\/wp-starter-so\/icons\/document.png' width='16' height='20' class='wpba-icon pull-left'><a href='https:\/\/www.diocesi.torino.it\/socialeelavoro\/wp-content\/uploads\/sites\/8\/2018\/06\/Atti-corso_def_impaginazione-2.pdf' title='Atti corso' class='wpba-link pull-left' target=\"_blank\">Atti corso<\/a><\/li>\n<li id='wpba_attachment_list_2553' class='wpba-list-item pull-left'><img src='https:\/\/www.diocesi.torino.it\/socialeelavoro\/wp-content\/themes\/wp-starter-so\/icons\/document.png' width='16' height='20' class='wpba-icon pull-left'><a href='https:\/\/www.diocesi.torino.it\/socialeelavoro\/wp-content\/uploads\/sites\/8\/2018\/06\/contatti_breve_2017_18_attivi-ripensamento.pdf' title='indirizzario sportelli 2017-2018' class='wpba-link pull-left' target=\"_blank\">indirizzario sportelli 2017-2018<\/a><\/li>\n<\/ul><\/div>\n","protected":false},"excerpt":{"rendered":"<p>In questa pagina trovate tutte le informazioni sul percorso formativo per i volontari dei \u00abServizi per il lavoro\u00bb e per le nuove realt\u00e0 interessate al tema dell\u2019accompagnamento al lavoro.I Servizi per il lavoro sono sportelli di ascolto e accompagnamento per persone in cerca di lavoro o di opportunit\u00e0 formative. Ogni Servizio \u00e8 completamente gratuito ed \u00e8 gestito da volontari compenti della parrocchia o Unit\u00e0 pastorale, &hellip; <a href=\"https:\/\/www.diocesi.torino.it\/socialeelavoro\/servizi-per-il-lavoro\/percorso-formativo-per-i-volontari-dei-servizi-per-il-lavoro\/\" class=\"more-link\">Continua a leggere <span class=\"screen-reader-text\"><\/span> <span class=\"meta-nav\">&raquo;<\/span><\/a><\/p>\n","protected":false},"author":2,"featured_media":0,"parent":2403,"menu_order":0,"comment_status":"closed","ping_status":"closed","template":"","meta":{"ip_address":"","user_agent":"","level":"","revision":"","cookie_id":"","page_referer":"","html_form":"","_expiration-date-status":"","_expiration-date":0,"_expiration-date-type":"","_expiration-date-categories":[],"_expiration-date-options":[]},"acf":[],"yoast_head":"<!-- This site is optimized with the Yoast SEO plugin v20.8 - https:\/\/yoast.com\/wordpress\/plugins\/seo\/ -->\n<title>Percorso formativo per i volontari dei Servizi per il lavoro - Pastorale Sociale e del Lavoro<\/title>\n<meta name=\"robots\" content=\"index, follow, max-snippet:-1, max-image-preview:large, max-video-preview:-1\" \/>\n<link rel=\"canonical\" href=\"https:\/\/www.diocesi.torino.it\/socialeelavoro\/servizi-per-il-lavoro\/percorso-formativo-per-i-volontari-dei-servizi-per-il-lavoro\/\" \/>\n<meta property=\"og:locale\" content=\"it_IT\" \/>\n<meta property=\"og:type\" content=\"article\" \/>\n<meta property=\"og:title\" content=\"Percorso formativo per i volontari dei Servizi per il lavoro - Pastorale Sociale e del Lavoro\" \/>\n<meta property=\"og:description\" content=\"In questa pagina trovate tutte le informazioni sul percorso formativo per i volontari dei \u00abServizi per il lavoro\u00bb e per le nuove realt\u00e0 interessate al tema dell\u2019accompagnamento al lavoro.I Servizi per il lavoro sono sportelli di ascolto e accompagnamento per persone in cerca di lavoro o di opportunit\u00e0 formative. Ogni Servizio \u00e8 completamente gratuito ed \u00e8 gestito da volontari compenti della parrocchia o Unit\u00e0 pastorale, &hellip; Continua a leggere &raquo;\" \/>\n<meta property=\"og:url\" content=\"https:\/\/www.diocesi.torino.it\/socialeelavoro\/servizi-per-il-lavoro\/percorso-formativo-per-i-volontari-dei-servizi-per-il-lavoro\/\" \/>\n<meta property=\"og:site_name\" content=\"Pastorale Sociale e del Lavoro\" \/>\n<meta property=\"article:modified_time\" content=\"2018-06-28T08:31:51+00:00\" \/>\n<meta name=\"twitter:card\" content=\"summary_large_image\" \/>\n<script type=\"application\/ld+json\" class=\"yoast-schema-graph\">{\"@context\":\"https:\/\/schema.org\",\"@graph\":[{\"@type\":\"WebPage\",\"@id\":\"https:\/\/www.diocesi.torino.it\/socialeelavoro\/servizi-per-il-lavoro\/percorso-formativo-per-i-volontari-dei-servizi-per-il-lavoro\/\",\"url\":\"https:\/\/www.diocesi.torino.it\/socialeelavoro\/servizi-per-il-lavoro\/percorso-formativo-per-i-volontari-dei-servizi-per-il-lavoro\/\",\"name\":\"Percorso formativo per i volontari dei Servizi per il lavoro - Pastorale Sociale e del Lavoro\",\"isPartOf\":{\"@id\":\"https:\/\/www.diocesi.torino.it\/socialeelavoro\/#website\"},\"datePublished\":\"2018-02-21T14:27:05+00:00\",\"dateModified\":\"2018-06-28T08:31:51+00:00\",\"breadcrumb\":{\"@id\":\"https:\/\/www.diocesi.torino.it\/socialeelavoro\/servizi-per-il-lavoro\/percorso-formativo-per-i-volontari-dei-servizi-per-il-lavoro\/#breadcrumb\"},\"inLanguage\":\"it-IT\",\"potentialAction\":[{\"@type\":\"ReadAction\",\"target\":[\"https:\/\/www.diocesi.torino.it\/socialeelavoro\/servizi-per-il-lavoro\/percorso-formativo-per-i-volontari-dei-servizi-per-il-lavoro\/\"]}]},{\"@type\":\"BreadcrumbList\",\"@id\":\"https:\/\/www.diocesi.torino.it\/socialeelavoro\/servizi-per-il-lavoro\/percorso-formativo-per-i-volontari-dei-servizi-per-il-lavoro\/#breadcrumb\",\"itemListElement\":[{\"@type\":\"ListItem\",\"position\":1,\"name\":\"Home\",\"item\":\"https:\/\/www.diocesi.torino.it\/socialeelavoro\/\"},{\"@type\":\"ListItem\",\"position\":2,\"name\":\"Servizi per il lavoro\",\"item\":\"https:\/\/www.diocesi.torino.it\/socialeelavoro\/servizi-per-il-lavoro\/\"},{\"@type\":\"ListItem\",\"position\":3,\"name\":\"Percorso formativo per i volontari dei Servizi per il lavoro\"}]},{\"@type\":\"WebSite\",\"@id\":\"https:\/\/www.diocesi.torino.it\/socialeelavoro\/#website\",\"url\":\"https:\/\/www.diocesi.torino.it\/socialeelavoro\/\",\"name\":\"Pastorale Sociale e del Lavoro\",\"description\":\"\",\"publisher\":{\"@id\":\"https:\/\/www.diocesi.torino.it\/socialeelavoro\/#organization\"},\"potentialAction\":[{\"@type\":\"SearchAction\",\"target\":{\"@type\":\"EntryPoint\",\"urlTemplate\":\"https:\/\/www.diocesi.torino.it\/socialeelavoro\/?s={search_term_string}\"},\"query-input\":\"required name=search_term_string\"}],\"inLanguage\":\"it-IT\"},{\"@type\":\"Organization\",\"@id\":\"https:\/\/www.diocesi.torino.it\/socialeelavoro\/#organization\",\"name\":\"Pastorale Sociale e del Lavoro\",\"url\":\"https:\/\/www.diocesi.torino.it\/socialeelavoro\/\",\"logo\":{\"@type\":\"ImageObject\",\"inLanguage\":\"it-IT\",\"@id\":\"https:\/\/www.diocesi.torino.it\/socialeelavoro\/#\/schema\/logo\/image\/\",\"url\":\"https:\/\/www.diocesi.torino.it\/socialeelavoro\/wp-content\/uploads\/sites\/8\/2021\/03\/upl_logo_black.png\",\"contentUrl\":\"https:\/\/www.diocesi.torino.it\/socialeelavoro\/wp-content\/uploads\/sites\/8\/2021\/03\/upl_logo_black.png\",\"width\":300,\"height\":300,\"caption\":\"Pastorale Sociale e del Lavoro\"},\"image\":{\"@id\":\"https:\/\/www.diocesi.torino.it\/socialeelavoro\/#\/schema\/logo\/image\/\"}}]}<\/script>\n<!-- \/ Yoast SEO plugin. -->","yoast_head_json":{"title":"Percorso formativo per i volontari dei Servizi per il lavoro - Pastorale Sociale e del Lavoro","robots":{"index":"index","follow":"follow","max-snippet":"max-snippet:-1","max-image-preview":"max-image-preview:large","max-video-preview":"max-video-preview:-1"},"canonical":"https:\/\/www.diocesi.torino.it\/socialeelavoro\/servizi-per-il-lavoro\/percorso-formativo-per-i-volontari-dei-servizi-per-il-lavoro\/","og_locale":"it_IT","og_type":"article","og_title":"Percorso formativo per i volontari dei Servizi per il lavoro - Pastorale Sociale e del Lavoro","og_description":"In questa pagina trovate tutte le informazioni sul percorso formativo per i volontari dei \u00abServizi per il lavoro\u00bb e per le nuove realt\u00e0 interessate al tema dell\u2019accompagnamento al lavoro.I Servizi per il lavoro sono sportelli di ascolto e accompagnamento per persone in cerca di lavoro o di opportunit\u00e0 formative. Ogni Servizio \u00e8 completamente gratuito ed \u00e8 gestito da volontari compenti della parrocchia o Unit\u00e0 pastorale, &hellip; Continua a leggere &raquo;","og_url":"https:\/\/www.diocesi.torino.it\/socialeelavoro\/servizi-per-il-lavoro\/percorso-formativo-per-i-volontari-dei-servizi-per-il-lavoro\/","og_site_name":"Pastorale Sociale e del Lavoro","article_modified_time":"2018-06-28T08:31:51+00:00","twitter_card":"summary_large_image","schema":{"@context":"https:\/\/schema.org","@graph":[{"@type":"WebPage","@id":"https:\/\/www.diocesi.torino.it\/socialeelavoro\/servizi-per-il-lavoro\/percorso-formativo-per-i-volontari-dei-servizi-per-il-lavoro\/","url":"https:\/\/www.diocesi.torino.it\/socialeelavoro\/servizi-per-il-lavoro\/percorso-formativo-per-i-volontari-dei-servizi-per-il-lavoro\/","name":"Percorso formativo per i volontari dei Servizi per il lavoro - Pastorale Sociale e del Lavoro","isPartOf":{"@id":"https:\/\/www.diocesi.torino.it\/socialeelavoro\/#website"},"datePublished":"2018-02-21T14:27:05+00:00","dateModified":"2018-06-28T08:31:51+00:00","breadcrumb":{"@id":"https:\/\/www.diocesi.torino.it\/socialeelavoro\/servizi-per-il-lavoro\/percorso-formativo-per-i-volontari-dei-servizi-per-il-lavoro\/#breadcrumb"},"inLanguage":"it-IT","potentialAction":[{"@type":"ReadAction","target":["https:\/\/www.diocesi.torino.it\/socialeelavoro\/servizi-per-il-lavoro\/percorso-formativo-per-i-volontari-dei-servizi-per-il-lavoro\/"]}]},{"@type":"BreadcrumbList","@id":"https:\/\/www.diocesi.torino.it\/socialeelavoro\/servizi-per-il-lavoro\/percorso-formativo-per-i-volontari-dei-servizi-per-il-lavoro\/#breadcrumb","itemListElement":[{"@type":"ListItem","position":1,"name":"Home","item":"https:\/\/www.diocesi.torino.it\/socialeelavoro\/"},{"@type":"ListItem","position":2,"name":"Servizi per il lavoro","item":"https:\/\/www.diocesi.torino.it\/socialeelavoro\/servizi-per-il-lavoro\/"},{"@type":"ListItem","position":3,"name":"Percorso formativo per i volontari dei Servizi per il lavoro"}]},{"@type":"WebSite","@id":"https:\/\/www.diocesi.torino.it\/socialeelavoro\/#website","url":"https:\/\/www.diocesi.torino.it\/socialeelavoro\/","name":"Pastorale Sociale e del Lavoro","description":"","publisher":{"@id":"https:\/\/www.diocesi.torino.it\/socialeelavoro\/#organization"},"potentialAction":[{"@type":"SearchAction","target":{"@type":"EntryPoint","urlTemplate":"https:\/\/www.diocesi.torino.it\/socialeelavoro\/?s={search_term_string}"},"query-input":"required name=search_term_string"}],"inLanguage":"it-IT"},{"@type":"Organization","@id":"https:\/\/www.diocesi.torino.it\/socialeelavoro\/#organization","name":"Pastorale Sociale e del Lavoro","url":"https:\/\/www.diocesi.torino.it\/socialeelavoro\/","logo":{"@type":"ImageObject","inLanguage":"it-IT","@id":"https:\/\/www.diocesi.torino.it\/socialeelavoro\/#\/schema\/logo\/image\/","url":"https:\/\/www.diocesi.torino.it\/socialeelavoro\/wp-content\/uploads\/sites\/8\/2021\/03\/upl_logo_black.png","contentUrl":"https:\/\/www.diocesi.torino.it\/socialeelavoro\/wp-content\/uploads\/sites\/8\/2021\/03\/upl_logo_black.png","width":300,"height":300,"caption":"Pastorale Sociale e del Lavoro"},"image":{"@id":"https:\/\/www.diocesi.torino.it\/socialeelavoro\/#\/schema\/logo\/image\/"}}]}},"_links":{"self":[{"href":"https:\/\/www.diocesi.torino.it\/socialeelavoro\/wp-json\/wp\/v2\/pages\/2213"}],"collection":[{"href":"https:\/\/www.diocesi.torino.it\/socialeelavoro\/wp-json\/wp\/v2\/pages"}],"about":[{"href":"https:\/\/www.diocesi.torino.it\/socialeelavoro\/wp-json\/wp\/v2\/types\/page"}],"author":[{"embeddable":true,"href":"https:\/\/www.diocesi.torino.it\/socialeelavoro\/wp-json\/wp\/v2\/users\/2"}],"replies":[{"embeddable":true,"href":"https:\/\/www.diocesi.torino.it\/socialeelavoro\/wp-json\/wp\/v2\/comments?post=2213"}],"version-history":[{"count":20,"href":"https:\/\/www.diocesi.torino.it\/socialeelavoro\/wp-json\/wp\/v2\/pages\/2213\/revisions"}],"predecessor-version":[{"id":2554,"href":"https:\/\/www.diocesi.torino.it\/socialeelavoro\/wp-json\/wp\/v2\/pages\/2213\/revisions\/2554"}],"up":[{"embeddable":true,"href":"https:\/\/www.diocesi.torino.it\/socialeelavoro\/wp-json\/wp\/v2\/pages\/2403"}],"wp:attachment":[{"href":"https:\/\/www.diocesi.torino.it\/socialeelavoro\/wp-json\/wp\/v2\/media?parent=2213"}],"curies":[{"name":"wp","href":"https:\/\/api.w.org\/{rel}","templated":true}]}}