{"id":469,"date":"2010-04-13T14:33:00","date_gmt":"2010-04-13T12:33:00","guid":{"rendered":"http:\/\/www.diocesi.torino.it\/socialeelavoro\/chi-siamo\/"},"modified":"2020-08-05T18:14:25","modified_gmt":"2020-08-05T16:14:25","slug":"chi-siamo","status":"publish","type":"page","link":"https:\/\/www.diocesi.torino.it\/socialeelavoro\/chi-siamo\/","title":{"rendered":"Chi siamo"},"content":{"rendered":"<div id=\"pl-469\"  class=\"panel-layout\" ><div id=\"pg-469-0\"  class=\"panel-grid panel-no-style\" ><div id=\"pgc-469-0-0\"  class=\"panel-grid-cell\" ><div id=\"panel-469-0-0-0\" class=\"so-panel widget widget_sow-editor panel-first-child panel-last-child\" data-index=\"0\" ><div\n\t\t\t\n\t\t\tclass=\"so-widget-sow-editor so-widget-sow-editor-base\"\n\t\t\t\n\t\t><h3 class=\"widget-title\">MISSION<\/h3>\n<div class=\"siteorigin-widget-tinymce textwidget\">\n\t<p><span style=\"color: #666699;\"><em>(Nota: i testi della pagina, comprese le voci nella colonna di destra, sono in fase di revisione)<\/em><\/span><\/p>\n<p>La Pastorale Sociale e del Lavoro, come ogni azione pastorale, \u00e8 l'esperienza di Dio in Cristo che salva, con riferimento specifico al mondo del sociale del lavoro ed \u00e8 opera della comunit\u00e0 cristiana in quanto tale.<\/p>\n<p>La sua azione \u00e8 per un'evangelizzazione negli ambienti dove gli uomini vivono, favorendo una loro maturazione di fede e una conseguente acquisizione di stili di vita e un'etica cristianamente ispirati, capaci di modificare sia la vita personale sia le istituzioni e le strutture economiche e sociali secondo criteri di pace e di giustizia.<br \/>\nIl discernimento, alla luce della Parola di Dio, \u00e8 la condizione imprescindibile per ogni pastorale, anche per quella dedicata al sociale e al lavoro. Esso consiste nello studio e nella conoscenza della realt\u00e0 non solo da un punto di vista sociologico, ma anche etico, teologico e pastorale. Qui si colloca il raccordo con la Dottrina Sociale della Chiesa, con la Teologia Morale e con le scienze sociali che offrono contributi di riflessione per dare fondamento alle molteplici azioni progettuali e all'elaborazione di documenti rispetto a problematiche specifiche.<\/p>\n<p>La Pastorale Sociale e del Lavoro opera in collaborazione con enti, associazioni e movimenti che, nei loro obiettivi, perseguono l'attenzione al mondo del sociale e del lavoro, secondo le indicazioni offerte dalla Conferenza Episcopale Italiana (particolare riferimento alla Nota Pastorale ''Evangelizzare il Sociale''- 1992).<br \/>\nTale azione di costruzione di cammini formativi trasversali agli altri settori della pastorale si completa con l'azione di evangelizzazione specifica attraverso il settore della ''pastorale d'ambiente'', coinvolgendo i cristiani che sono impegnati nel sindacato, nella politica, nel mondo della cooperazione, nella formazione professionale e in tutti i settori lavorativi, sia a livello esecutivo che dirigenziale e imprenditoriale.<br \/>\nPunto di riferimento imprescindibile dell'azione pastorale, con riferimento al sociale e al lavoro, non pu\u00f2 non essere la Dottrina Sociale della Chiesa che, con la recente pubblicazione del Compendio, si ripropone come strumento fondamentale: ''<i>Il cristiano sa di poter trovare nella dottrina Sociale della Chiesa i principi di riflessione, i criteri di giudizio e le direttive di azione da cui partire per promuovere un umanesimo integrale e solidale. Diffondere tale dottrina costituisce, pertanto, un'autentica priorit\u00e0 pastorale''<\/i>\u00a0(<i>Compendio n. 7<\/i>).Tale azione della Chiesa si esplica in alcuni settori specifici che possiedono un livello di complessit\u00e0 alta e richiedono continuo aggiornamento e confronto con coloro che vi operano:<\/p>\n<ul>\n<li><i><b>lavoro<\/b><\/i><\/li>\n<li><i><b>politica<\/b><\/i><\/li>\n<li><i><b>economia<\/b><\/i><\/li>\n<li><i><b>giustizia e pace<\/b><\/i><\/li>\n<li><i><b>salvaguardia del creato<\/b><\/i><\/li>\n<\/ul>\n<p>Ciascuna Chiesa particolare cerca di rispondere a tutte queste sollecitazioni e lo fa tenendo conto delle proprie caratteristiche e della propria storia. La Chiesa di Torino ha saputo esprimere un'attenzione e un'azione pastorale straordinaria, sia attraverso i ''Santi sociali'', di cui \u00e8 sempre importante riscoprirne la spiritualit\u00e0, sia attraverso tutte le figure di laici e sacerdoti che, in modi diversi, hanno offerto la loro vita perch\u00e9 il Signore Ges\u00f9 fosse annunciato nei diversi ambienti di vita. E' su queste orme che la Pastorale Sociale e del Lavoro prosegue il suo cammino, riconoscente per coloro che hanno contribuito con sapienza e coraggio alla sua crescita e fiduciosa nell'aiuto di Dio e di coloro che amano costruire insieme la Chiesa come comunit\u00e0 di fratelli.<br \/>\nLe attivit\u00e0 promosse dall'Ufficio si coordinano a quelle degli altri uffici diocesani secondo le indicazioni condivise e si coordina con gli Uffici delle altre diocesi piemontesi attraverso la responsabilit\u00e0 del coordinamento del Direttore della sede dell'Arcidiocesi di Torino. Infine, rimane a stretto contatto, attraverso la Consulta, con l'Ufficio Nazionale al quale spetta proporre momenti di coordinamento e di riflessione secondo le indicazioni della Conferenza Episcopale Italiana.<\/p>\n<p><b>DIRETTORE:<\/b>\u00a0Svaluto Ferro Alessandro<\/p>\n<p><b>ADDETTI:<\/b>\u00a0Bustino Susanna, Chicco Ivana<\/p>\n<\/div>\n<\/div><\/div><\/div><div id=\"pgc-469-0-1\"  class=\"panel-grid-cell\" ><div id=\"panel-469-0-1-0\" class=\"so-panel widget widget_sow-accordion panel-first-child panel-last-child\" data-index=\"1\" ><div\n\t\t\t\n\t\t\tclass=\"so-widget-sow-accordion so-widget-sow-accordion-default-93ea98fb5043-469\"\n\t\t\t\n\t\t><div>\n\t<div class=\"sow-accordion\">\n\t\t\t<div class=\"sow-accordion-panel\"\n\t\t\t data-anchor=\"organigramma-dellufficio\">\n\t\t\t\t<div class=\"sow-accordion-panel-header-container\" role=\"heading\" aria-level=\"2\">\n\t\t\t\t\t<div class=\"sow-accordion-panel-header\" tabindex=\"0\" role=\"button\" id=\"accordion-label-organigramma-dellufficio\" aria-controls=\"accordion-content-organigramma-dellufficio\" aria-expanded=\"false\">\n\t\t\t\t\t\t<div class=\"sow-accordion-title sow-accordion-title-icon-left\">\n\t\t\t\t\t\t\t\t\t\t\t\t\t\tORGANIGRAMMA dell'Ufficio\t\t\t\t\t\t\t\t\t\t\t\t\t<\/div>\n\t\t\t\t\t\t<div class=\"sow-accordion-open-close-button\">\n\t\t\t\t\t\t\t<div class=\"sow-accordion-open-button\">\n\t\t\t\t\t\t\t\t<span class=\"sow-icon-ionicons\" data-sow-icon=\"&#xf218;\"\n\t\t \n\t\taria-hidden=\"true\"><\/span>\t\t\t\t\t\t\t<\/div>\n\t\t\t\t\t\t\t<div class=\"sow-accordion-close-button\">\n\t\t\t\t\t\t\t\t<span class=\"sow-icon-ionicons\" data-sow-icon=\"&#xf209;\"\n\t\t \n\t\taria-hidden=\"true\"><\/span>\t\t\t\t\t\t\t<\/div>\n\t\t\t\t\t\t<\/div>\n\t\t\t\t\t<\/div>\n\t\t\t\t<\/div>\n\n\t\t\t<div\n\t\t\t\tclass=\"sow-accordion-panel-content\"\n\t\t\t\trole=\"region\"\n\t\t\t\taria-labelledby=\"accordion-label-organigramma-dellufficio\"\n\t\t\t\tid=\"accordion-content-organigramma-dellufficio\"\n\t\t\t\tstyle=\"display: none;\"\t\t\t>\n\t\t\t\t<div class=\"sow-accordion-panel-border\" tabindex=\"0\">\n\t\t\t\t\t<p>Ufficio della Curia:\u00a0 <a href=\"https:\/\/www.diocesi.torino.it\/socialeelavoro\/wp-content\/uploads\/sites\/8\/2020\/07\/organigramma_prova_1.pdf\">organigramma_prova_1<\/a><\/p>\n<p>Servizio sportello lavoro:\u00a0 <a href=\"https:\/\/www.diocesi.torino.it\/socialeelavoro\/wp-content\/uploads\/sites\/8\/2020\/07\/organigramma_prova_2.pdf\">organigramma_prova_2<\/a><\/p>\n\t\t\t\t<\/div>\n\t\t\t<\/div>\n\t\t<\/div>\n\t\t\t<div class=\"sow-accordion-panel\"\n\t\t\t data-anchor=\"recapiti-e-orari\">\n\t\t\t\t<div class=\"sow-accordion-panel-header-container\" role=\"heading\" aria-level=\"2\">\n\t\t\t\t\t<div class=\"sow-accordion-panel-header\" tabindex=\"0\" role=\"button\" id=\"accordion-label-recapiti-e-orari\" aria-controls=\"accordion-content-recapiti-e-orari\" aria-expanded=\"false\">\n\t\t\t\t\t\t<div class=\"sow-accordion-title sow-accordion-title-icon-left\">\n\t\t\t\t\t\t\t\t\t\t\t\t\t\trecapiti e orari\t\t\t\t\t\t\t\t\t\t\t\t\t<\/div>\n\t\t\t\t\t\t<div class=\"sow-accordion-open-close-button\">\n\t\t\t\t\t\t\t<div class=\"sow-accordion-open-button\">\n\t\t\t\t\t\t\t\t<span class=\"sow-icon-ionicons\" data-sow-icon=\"&#xf218;\"\n\t\t \n\t\taria-hidden=\"true\"><\/span>\t\t\t\t\t\t\t<\/div>\n\t\t\t\t\t\t\t<div class=\"sow-accordion-close-button\">\n\t\t\t\t\t\t\t\t<span class=\"sow-icon-ionicons\" data-sow-icon=\"&#xf209;\"\n\t\t \n\t\taria-hidden=\"true\"><\/span>\t\t\t\t\t\t\t<\/div>\n\t\t\t\t\t\t<\/div>\n\t\t\t\t\t<\/div>\n\t\t\t\t<\/div>\n\n\t\t\t<div\n\t\t\t\tclass=\"sow-accordion-panel-content\"\n\t\t\t\trole=\"region\"\n\t\t\t\taria-labelledby=\"accordion-label-recapiti-e-orari\"\n\t\t\t\tid=\"accordion-content-recapiti-e-orari\"\n\t\t\t\tstyle=\"display: none;\"\t\t\t>\n\t\t\t\t<div class=\"sow-accordion-panel-border\" tabindex=\"0\">\n\t\t\t\t\t<p><strong>SEDE:<\/strong>\u00a0via Val della Torre 3<br \/>\n<b>ORARI DI APERTURA:<\/b>\u00a09:00 - 12:30; (chiuso il sabato)<br \/>\n<b>TEL.:<\/b>\u00a0011\/51.56.355<br \/>\n<b>FAX:<\/b>\u00a0011\/51.56.359<br \/>\n<b>E-MAIL:<\/b>\u00a0<a href=\"mailto:lavoro@diocesi.torino.it\">lavoro@diocesi.torino.it<\/a><\/p>\n\t\t\t\t<\/div>\n\t\t\t<\/div>\n\t\t<\/div>\n\t\t\t<div class=\"sow-accordion-panel\"\n\t\t\t data-anchor=\"organismi-afferenti\">\n\t\t\t\t<div class=\"sow-accordion-panel-header-container\" role=\"heading\" aria-level=\"2\">\n\t\t\t\t\t<div class=\"sow-accordion-panel-header\" tabindex=\"0\" role=\"button\" id=\"accordion-label-organismi-afferenti\" aria-controls=\"accordion-content-organismi-afferenti\" aria-expanded=\"false\">\n\t\t\t\t\t\t<div class=\"sow-accordion-title sow-accordion-title-icon-left\">\n\t\t\t\t\t\t\t\t\t\t\t\t\t\tORGANISMI afferenti\t\t\t\t\t\t\t\t\t\t\t\t\t<\/div>\n\t\t\t\t\t\t<div class=\"sow-accordion-open-close-button\">\n\t\t\t\t\t\t\t<div class=\"sow-accordion-open-button\">\n\t\t\t\t\t\t\t\t<span class=\"sow-icon-ionicons\" data-sow-icon=\"&#xf218;\"\n\t\t \n\t\taria-hidden=\"true\"><\/span>\t\t\t\t\t\t\t<\/div>\n\t\t\t\t\t\t\t<div class=\"sow-accordion-close-button\">\n\t\t\t\t\t\t\t\t<span class=\"sow-icon-ionicons\" data-sow-icon=\"&#xf209;\"\n\t\t \n\t\taria-hidden=\"true\"><\/span>\t\t\t\t\t\t\t<\/div>\n\t\t\t\t\t\t<\/div>\n\t\t\t\t\t<\/div>\n\t\t\t\t<\/div>\n\n\t\t\t<div\n\t\t\t\tclass=\"sow-accordion-panel-content\"\n\t\t\t\trole=\"region\"\n\t\t\t\taria-labelledby=\"accordion-label-organismi-afferenti\"\n\t\t\t\tid=\"accordion-content-organismi-afferenti\"\n\t\t\t\tstyle=\"display: none;\"\t\t\t>\n\t\t\t\t<div class=\"sow-accordion-panel-border\" tabindex=\"0\">\n\t\t\t\t\t<p>associazione x<\/p>\n<p>associazione Y<\/p>\n<p>assocazione Z<\/p>\n\t\t\t\t<\/div>\n\t\t\t<\/div>\n\t\t<\/div>\n\t\t<\/div>\n<\/div>\n<\/div><\/div><\/div><\/div><\/div><hr class=\"wpba_attachment_hr\"><div id='wpba_attachment_list' class='wpba wpba-wrap'>\n<ul class='wpba-attachment-list unstyled'><li id='wpba_attachment_list_3782' class='wpba-list-item pull-left'><img src='https:\/\/www.diocesi.torino.it\/socialeelavoro\/wp-content\/themes\/wp-starter-so\/icons\/document.png' width='16' height='20' class='wpba-icon pull-left'><a href='https:\/\/www.diocesi.torino.it\/socialeelavoro\/wp-content\/uploads\/sites\/8\/2020\/07\/organigramma_prova_1.pdf' title='organigramma_prova_1' class='wpba-link pull-left' target=\"_blank\">organigramma_prova_1<\/a><\/li>\n<li id='wpba_attachment_list_3783' class='wpba-list-item pull-left'><img src='https:\/\/www.diocesi.torino.it\/socialeelavoro\/wp-content\/themes\/wp-starter-so\/icons\/document.png' width='16' height='20' class='wpba-icon pull-left'><a href='https:\/\/www.diocesi.torino.it\/socialeelavoro\/wp-content\/uploads\/sites\/8\/2020\/07\/organigramma_prova_2.pdf' title='organigramma_prova_2' class='wpba-link pull-left' target=\"_blank\">organigramma_prova_2<\/a><\/li>\n<\/ul><\/div>\n","protected":false},"excerpt":{"rendered":"<p>(Nota: i testi della pagina, comprese le voci nella colonna di destra, sono in fase di revisione) La Pastorale Sociale e del Lavoro, come ogni azione pastorale, \u00e8 l&#8217;esperienza di Dio in Cristo che salva, con riferimento specifico al mondo del sociale del lavoro ed \u00e8 opera della comunit\u00e0 cristiana in quanto tale. La sua azione \u00e8 per un&#8217;evangelizzazione negli ambienti dove gli uomini vivono, &hellip; <a href=\"https:\/\/www.diocesi.torino.it\/socialeelavoro\/chi-siamo\/\" class=\"more-link\">Continua a leggere <span class=\"screen-reader-text\"><\/span> <span class=\"meta-nav\">&raquo;<\/span><\/a><\/p>\n","protected":false},"author":1,"featured_media":0,"parent":0,"menu_order":0,"comment_status":"closed","ping_status":"closed","template":"","meta":{"ip_address":"","user_agent":"","level":"","revision":"","cookie_id":"","page_referer":"","html_form":"","_expiration-date-status":"saved","_expiration-date":0,"_expiration-date-type":"","_expiration-date-categories":[],"_expiration-date-options":[]},"acf":[],"yoast_head":"<!-- This site is optimized with the Yoast SEO plugin v20.8 - https:\/\/yoast.com\/wordpress\/plugins\/seo\/ -->\n<title>Chi siamo - Pastorale Sociale e del Lavoro<\/title>\n<meta name=\"robots\" content=\"index, follow, max-snippet:-1, max-image-preview:large, max-video-preview:-1\" \/>\n<link rel=\"canonical\" href=\"https:\/\/www.diocesi.torino.it\/socialeelavoro\/chi-siamo\/\" \/>\n<meta property=\"og:locale\" content=\"it_IT\" \/>\n<meta property=\"og:type\" content=\"article\" \/>\n<meta property=\"og:title\" content=\"Chi siamo - Pastorale Sociale e del Lavoro\" \/>\n<meta property=\"og:description\" content=\"(Nota: i testi della pagina, comprese le voci nella colonna di destra, sono in fase di revisione) La Pastorale Sociale e del Lavoro, come ogni azione pastorale, \u00e8 l&#039;esperienza di Dio in Cristo che salva, con riferimento specifico al mondo del sociale del lavoro ed \u00e8 opera della comunit\u00e0 cristiana in quanto tale. La sua azione \u00e8 per un&#039;evangelizzazione negli ambienti dove gli uomini vivono, &hellip; Continua a leggere &raquo;\" \/>\n<meta property=\"og:url\" content=\"https:\/\/www.diocesi.torino.it\/socialeelavoro\/chi-siamo\/\" \/>\n<meta property=\"og:site_name\" content=\"Pastorale Sociale e del Lavoro\" \/>\n<meta property=\"article:modified_time\" content=\"2020-08-05T16:14:25+00:00\" \/>\n<meta name=\"twitter:card\" content=\"summary_large_image\" \/>\n<meta name=\"twitter:label1\" content=\"Tempo di lettura stimato\" \/>\n\t<meta name=\"twitter:data1\" content=\"3 minuti\" \/>\n<script type=\"application\/ld+json\" class=\"yoast-schema-graph\">{\"@context\":\"https:\/\/schema.org\",\"@graph\":[{\"@type\":\"WebPage\",\"@id\":\"https:\/\/www.diocesi.torino.it\/socialeelavoro\/chi-siamo\/\",\"url\":\"https:\/\/www.diocesi.torino.it\/socialeelavoro\/chi-siamo\/\",\"name\":\"Chi siamo - Pastorale Sociale e del Lavoro\",\"isPartOf\":{\"@id\":\"https:\/\/www.diocesi.torino.it\/socialeelavoro\/#website\"},\"datePublished\":\"2010-04-13T12:33:00+00:00\",\"dateModified\":\"2020-08-05T16:14:25+00:00\",\"breadcrumb\":{\"@id\":\"https:\/\/www.diocesi.torino.it\/socialeelavoro\/chi-siamo\/#breadcrumb\"},\"inLanguage\":\"it-IT\",\"potentialAction\":[{\"@type\":\"ReadAction\",\"target\":[\"https:\/\/www.diocesi.torino.it\/socialeelavoro\/chi-siamo\/\"]}]},{\"@type\":\"BreadcrumbList\",\"@id\":\"https:\/\/www.diocesi.torino.it\/socialeelavoro\/chi-siamo\/#breadcrumb\",\"itemListElement\":[{\"@type\":\"ListItem\",\"position\":1,\"name\":\"Home\",\"item\":\"https:\/\/www.diocesi.torino.it\/socialeelavoro\/\"},{\"@type\":\"ListItem\",\"position\":2,\"name\":\"Chi siamo\"}]},{\"@type\":\"WebSite\",\"@id\":\"https:\/\/www.diocesi.torino.it\/socialeelavoro\/#website\",\"url\":\"https:\/\/www.diocesi.torino.it\/socialeelavoro\/\",\"name\":\"Pastorale Sociale e del Lavoro\",\"description\":\"\",\"publisher\":{\"@id\":\"https:\/\/www.diocesi.torino.it\/socialeelavoro\/#organization\"},\"potentialAction\":[{\"@type\":\"SearchAction\",\"target\":{\"@type\":\"EntryPoint\",\"urlTemplate\":\"https:\/\/www.diocesi.torino.it\/socialeelavoro\/?s={search_term_string}\"},\"query-input\":\"required name=search_term_string\"}],\"inLanguage\":\"it-IT\"},{\"@type\":\"Organization\",\"@id\":\"https:\/\/www.diocesi.torino.it\/socialeelavoro\/#organization\",\"name\":\"Pastorale Sociale e del Lavoro\",\"url\":\"https:\/\/www.diocesi.torino.it\/socialeelavoro\/\",\"logo\":{\"@type\":\"ImageObject\",\"inLanguage\":\"it-IT\",\"@id\":\"https:\/\/www.diocesi.torino.it\/socialeelavoro\/#\/schema\/logo\/image\/\",\"url\":\"https:\/\/www.diocesi.torino.it\/socialeelavoro\/wp-content\/uploads\/sites\/8\/2021\/03\/upl_logo_black.png\",\"contentUrl\":\"https:\/\/www.diocesi.torino.it\/socialeelavoro\/wp-content\/uploads\/sites\/8\/2021\/03\/upl_logo_black.png\",\"width\":300,\"height\":300,\"caption\":\"Pastorale Sociale e del Lavoro\"},\"image\":{\"@id\":\"https:\/\/www.diocesi.torino.it\/socialeelavoro\/#\/schema\/logo\/image\/\"}}]}<\/script>\n<!-- \/ Yoast SEO plugin. -->","yoast_head_json":{"title":"Chi siamo - Pastorale Sociale e del Lavoro","robots":{"index":"index","follow":"follow","max-snippet":"max-snippet:-1","max-image-preview":"max-image-preview:large","max-video-preview":"max-video-preview:-1"},"canonical":"https:\/\/www.diocesi.torino.it\/socialeelavoro\/chi-siamo\/","og_locale":"it_IT","og_type":"article","og_title":"Chi siamo - Pastorale Sociale e del Lavoro","og_description":"(Nota: i testi della pagina, comprese le voci nella colonna di destra, sono in fase di revisione) La Pastorale Sociale e del Lavoro, come ogni azione pastorale, \u00e8 l'esperienza di Dio in Cristo che salva, con riferimento specifico al mondo del sociale del lavoro ed \u00e8 opera della comunit\u00e0 cristiana in quanto tale. La sua azione \u00e8 per un'evangelizzazione negli ambienti dove gli uomini vivono, &hellip; Continua a leggere &raquo;","og_url":"https:\/\/www.diocesi.torino.it\/socialeelavoro\/chi-siamo\/","og_site_name":"Pastorale Sociale e del Lavoro","article_modified_time":"2020-08-05T16:14:25+00:00","twitter_card":"summary_large_image","twitter_misc":{"Tempo di lettura stimato":"3 minuti"},"schema":{"@context":"https:\/\/schema.org","@graph":[{"@type":"WebPage","@id":"https:\/\/www.diocesi.torino.it\/socialeelavoro\/chi-siamo\/","url":"https:\/\/www.diocesi.torino.it\/socialeelavoro\/chi-siamo\/","name":"Chi siamo - Pastorale Sociale e del Lavoro","isPartOf":{"@id":"https:\/\/www.diocesi.torino.it\/socialeelavoro\/#website"},"datePublished":"2010-04-13T12:33:00+00:00","dateModified":"2020-08-05T16:14:25+00:00","breadcrumb":{"@id":"https:\/\/www.diocesi.torino.it\/socialeelavoro\/chi-siamo\/#breadcrumb"},"inLanguage":"it-IT","potentialAction":[{"@type":"ReadAction","target":["https:\/\/www.diocesi.torino.it\/socialeelavoro\/chi-siamo\/"]}]},{"@type":"BreadcrumbList","@id":"https:\/\/www.diocesi.torino.it\/socialeelavoro\/chi-siamo\/#breadcrumb","itemListElement":[{"@type":"ListItem","position":1,"name":"Home","item":"https:\/\/www.diocesi.torino.it\/socialeelavoro\/"},{"@type":"ListItem","position":2,"name":"Chi siamo"}]},{"@type":"WebSite","@id":"https:\/\/www.diocesi.torino.it\/socialeelavoro\/#website","url":"https:\/\/www.diocesi.torino.it\/socialeelavoro\/","name":"Pastorale Sociale e del Lavoro","description":"","publisher":{"@id":"https:\/\/www.diocesi.torino.it\/socialeelavoro\/#organization"},"potentialAction":[{"@type":"SearchAction","target":{"@type":"EntryPoint","urlTemplate":"https:\/\/www.diocesi.torino.it\/socialeelavoro\/?s={search_term_string}"},"query-input":"required name=search_term_string"}],"inLanguage":"it-IT"},{"@type":"Organization","@id":"https:\/\/www.diocesi.torino.it\/socialeelavoro\/#organization","name":"Pastorale Sociale e del Lavoro","url":"https:\/\/www.diocesi.torino.it\/socialeelavoro\/","logo":{"@type":"ImageObject","inLanguage":"it-IT","@id":"https:\/\/www.diocesi.torino.it\/socialeelavoro\/#\/schema\/logo\/image\/","url":"https:\/\/www.diocesi.torino.it\/socialeelavoro\/wp-content\/uploads\/sites\/8\/2021\/03\/upl_logo_black.png","contentUrl":"https:\/\/www.diocesi.torino.it\/socialeelavoro\/wp-content\/uploads\/sites\/8\/2021\/03\/upl_logo_black.png","width":300,"height":300,"caption":"Pastorale Sociale e del Lavoro"},"image":{"@id":"https:\/\/www.diocesi.torino.it\/socialeelavoro\/#\/schema\/logo\/image\/"}}]}},"_links":{"self":[{"href":"https:\/\/www.diocesi.torino.it\/socialeelavoro\/wp-json\/wp\/v2\/pages\/469"}],"collection":[{"href":"https:\/\/www.diocesi.torino.it\/socialeelavoro\/wp-json\/wp\/v2\/pages"}],"about":[{"href":"https:\/\/www.diocesi.torino.it\/socialeelavoro\/wp-json\/wp\/v2\/types\/page"}],"author":[{"embeddable":true,"href":"https:\/\/www.diocesi.torino.it\/socialeelavoro\/wp-json\/wp\/v2\/users\/1"}],"replies":[{"embeddable":true,"href":"https:\/\/www.diocesi.torino.it\/socialeelavoro\/wp-json\/wp\/v2\/comments?post=469"}],"version-history":[{"count":41,"href":"https:\/\/www.diocesi.torino.it\/socialeelavoro\/wp-json\/wp\/v2\/pages\/469\/revisions"}],"predecessor-version":[{"id":3871,"href":"https:\/\/www.diocesi.torino.it\/socialeelavoro\/wp-json\/wp\/v2\/pages\/469\/revisions\/3871"}],"wp:attachment":[{"href":"https:\/\/www.diocesi.torino.it\/socialeelavoro\/wp-json\/wp\/v2\/media?parent=469"}],"curies":[{"name":"wp","href":"https:\/\/api.w.org\/{rel}","templated":true}]}}