{"id":763,"date":"2011-10-17T10:06:00","date_gmt":"2011-10-17T08:06:00","guid":{"rendered":"http:\/\/www.diocesi.torino.it\/socialeelavoro\/regione-eccl-piemontese\/commissione-regionale\/mons-fernando-charrier\/"},"modified":"2017-05-16T13:24:17","modified_gmt":"2017-05-16T11:24:17","slug":"mons-fernando-charrier","status":"publish","type":"page","link":"https:\/\/www.diocesi.torino.it\/socialeelavoro\/regione-eccl-piemontese\/commissione-regionale\/mons-fernando-charrier\/","title":{"rendered":"Mons.  Fernando Charrier"},"content":{"rendered":"<div id=\"pl-763\"  class=\"panel-layout\" ><div id=\"pg-763-0\"  class=\"panel-grid panel-no-style\" ><div id=\"pgc-763-0-0\"  class=\"panel-grid-cell\" ><div id=\"panel-763-0-0-0\" class=\"so-panel widget widget_sow-editor panel-first-child panel-last-child\" data-index=\"0\" ><div\n\t\t\t\n\t\t\tclass=\"so-widget-sow-editor so-widget-sow-editor-base\"\n\t\t\t\n\t\t>\n<div class=\"siteorigin-widget-tinymce textwidget\">\n\t<div>\n<div style=\"border-bottom: medium none; border-left: medium none; padding-bottom: 0cm; padding-left: 0cm; padding-right: 0cm; border-top: windowtext 1pt solid; border-right: medium none; padding-top: 1pt\">\n<div style=\"border-bottom: medium none; text-align: justify; border-left: medium none; padding-bottom: 0cm; line-height: 150%; padding-left: 0cm; padding-right: 0cm; border-top: medium none; border-right: medium none; padding-top: 0cm\">\u00a0<\/div>\n<\/div>\n<div style=\"text-align: justify; line-height: 150%\"><strong><span style=\"background: white\">MONS. CHARRIER UN \"ESEMPIO\"<\/span><\/strong><\/div>\n<div style=\"text-align: justify; line-height: 150%\"><strong><em><span style=\"background: white\">Una <\/span><\/em><\/strong><strong><em><span style=\"background: white\">spesa per il mondo del lavoro<\/span><\/em><\/strong><\/div>\n<div style=\"text-align: justify; line-height: 150%\"><span style=\"background: white\">Nella mattinata del 7 ottobre 2011 \u00e8 tornato alla casa del Padre Mons. Fernando Charrier, un Vescovo che ha fatto del mondo del lavoro il luogo fondamentale della sua opera di pastore. Spero di poter esprimere il sentimento di tutti coloro che in questi anni, non solo come delegati diocesani della Regione ecclesiastica Piemonte e Valle d\u0092Aosta, ma anche come religiosi e laici collegati alla Pastorale Sociale e del Lavoro che hanno collaborato con lui e ne hanno gustato la competenza, l\u0092attenzione ai problemi, lo spirito profetico e il coraggio. Alla fine degli anni novanta, affiancando il compianto don Gianni Fornero presso l\u0092ufficio pastorale Sociale e\u00a0del Lavoro di Torino, avevo avuto la possibilit\u00e0 di conoscerlo, ma dal 2004 proseguendo il cammino che don Gianni aveva intrapreso anche come segreteria regionale, ho avuto il privilegio di collaborare direttamente con Mons.Charrier per quatto anni. Mi ha affiancato con pazienza in quel momento di passaggio per l\u0092Ufficio pastorale cos\u00ec delicato, facendo quello che era essenziale in quel momento: incoraggiare me e tutti i collaboratori della commissione regionale, dando fiducia e manifestando stima in modo esplicito. Questo \u00e8 il dono pi\u00f9 importante di un Vescovo ai suoi sacerdoti e lui, per la prima volta, me lo ha fatto sperimentare. La sua competenza e fermezza non erano miscelate alla severit\u00e0, fonte di divisione e di ferite profonde, ma a quello spirito paterno che \u00e8 conferma dell\u0092autentica autorevolezza. E\u0092 stato un maestro per noi, cosciente delle difficolt\u00e0 sempre pi\u00f9 grandi che in quegli anni si susseguivano nella vita sociale e, in particolare, nel mondo del lavoro. Una complessit\u00e0 che ancora oggi chiama alla conversione, come lui stesso si esprimeva, dei vescovi e dei sacerdoti a considerare gli ambienti di vita autentici \u0093luoghi teologici\u0094, opportunit\u00e0 di evangelizzazione da cogliere nella continua attenzione ai segni dei tempi. Le commissioni regionali, i convegni vissuti insieme, ma soprattutto gli incontri personali andandolo a trovare nella sua casa ad Alessandria o a Mentoulles suo luogo di nascita,\u00a0mi hanno segnato profondamente. Ho ascoltato un uomo appassionato, forte e coraggioso, sempre aperto a quella relazione fatta di schiettezza e dolcezza insieme che \u00e8 garanzia di ricerca autentica della verit\u00e0. E\u0092 soprattutto da lui, come Vescovo, che ho intuito la ricchezza e l\u0092unicit\u00e0 della Pastorale Sociale e del Lavoro, qualche volta incompresa, come lui stesso diceva, certamente scomoda per chi intende l\u0092azione pastorale ancora vincolata a schemi che lasciano da parte la vita concreta vissuta dagli uomini. \u00a0Mi ha sempre detto: \u0093Questa pastorale ti far\u00e0 soffrire, ma permette di far incontrare il Signore agli uomini del lavoro, dell\u0092economia, della politica\u0085\u0094. Aveva ragione. Quel sorriso che tanto mi ha aiutato negli anni, insieme al portamento austero continuer\u00e0 ad accompagnarmi come, ne sono certo, rimarr\u00e0 nel cuore di tutti come incoraggiamento nei momenti difficili. Sono riconoscente con voi al Signore per il dono che ci ha fatto di conoscerlo, <\/span>\u00a0per il suo grande impegno e il dono di s\u00e9 nelle Diocesi a lui affidate e a favore dell\u0092evangelizzazione del mondo del lavoro. Per questo e per tutto ci\u00f2 che \u00e8 stata l\u0092esperienza di ciascuno, insieme a tutto ci\u00f2 che solo il Signore conosce, lo ricordiamo nella preghiera al Buon Pastore delle nostre anime. \u00a0<\/div>\n<div style=\"line-height: 150%\">\u00a0<\/div>\n<p><em>Don Daniele Bortolussi<\/em><\/div>\n<\/div>\n<\/div><\/div><\/div><\/div><\/div><hr class=\"wpba_attachment_hr\"><div id='wpba_attachment_list' class='wpba wpba-wrap'>\n<ul class='wpba-attachment-list unstyled'><li id='wpba_attachment_list_1584' class='wpba-list-item pull-left'><img src='https:\/\/www.diocesi.torino.it\/socialeelavoro\/wp-content\/themes\/wp-starter-so\/icons\/document.png' width='16' height='20' class='wpba-icon pull-left'><a href='https:\/\/www.diocesi.torino.it\/socialeelavoro\/wp-content\/uploads\/sites\/8\/2017\/05\/Charrier-scheda-biografica.pdf' title='Charrier-scheda-biografica' class='wpba-link pull-left' target=\"_blank\">Charrier-scheda-biografica<\/a><\/li>\n<\/ul><\/div>\n","protected":false},"excerpt":{"rendered":"<p>\u00a0MONS. CHARRIER UN &#8220;ESEMPIO&#8221;Una spesa per il mondo del lavoroNella mattinata del 7 ottobre 2011 \u00e8 tornato alla casa del Padre Mons. Fernando Charrier, un Vescovo che ha fatto del mondo del lavoro il luogo fondamentale della sua opera di pastore. Spero di poter esprimere il sentimento di tutti coloro che in questi anni, non solo come delegati diocesani della Regione ecclesiastica Piemonte e Valle &hellip; <a href=\"https:\/\/www.diocesi.torino.it\/socialeelavoro\/regione-eccl-piemontese\/commissione-regionale\/mons-fernando-charrier\/\" class=\"more-link\">Continua a leggere <span class=\"screen-reader-text\"><\/span> <span class=\"meta-nav\">&raquo;<\/span><\/a><\/p>\n","protected":false},"author":1,"featured_media":1583,"parent":735,"menu_order":0,"comment_status":"closed","ping_status":"closed","template":"","meta":{"ip_address":"","user_agent":"","level":"","revision":"","cookie_id":"","page_referer":"","html_form":"","_expiration-date-status":"","_expiration-date":0,"_expiration-date-type":"","_expiration-date-categories":[],"_expiration-date-options":[]},"acf":[],"yoast_head":"<!-- This site is optimized with the Yoast SEO plugin v20.8 - https:\/\/yoast.com\/wordpress\/plugins\/seo\/ -->\n<title>Mons. Fernando Charrier - Pastorale Sociale e del Lavoro<\/title>\n<meta name=\"robots\" content=\"index, follow, max-snippet:-1, max-image-preview:large, max-video-preview:-1\" \/>\n<link rel=\"canonical\" href=\"https:\/\/www.diocesi.torino.it\/socialeelavoro\/regione-eccl-piemontese\/commissione-regionale\/mons-fernando-charrier\/\" \/>\n<meta property=\"og:locale\" content=\"it_IT\" \/>\n<meta property=\"og:type\" content=\"article\" \/>\n<meta property=\"og:title\" content=\"Mons. Fernando Charrier - Pastorale Sociale e del Lavoro\" \/>\n<meta property=\"og:description\" content=\"\u00a0MONS. CHARRIER UN &quot;ESEMPIO&quot;Una spesa per il mondo del lavoroNella mattinata del 7 ottobre 2011 \u00e8 tornato alla casa del Padre Mons. Fernando Charrier, un Vescovo che ha fatto del mondo del lavoro il luogo fondamentale della sua opera di pastore. Spero di poter esprimere il sentimento di tutti coloro che in questi anni, non solo come delegati diocesani della Regione ecclesiastica Piemonte e Valle &hellip; Continua a leggere &raquo;\" \/>\n<meta property=\"og:url\" content=\"https:\/\/www.diocesi.torino.it\/socialeelavoro\/regione-eccl-piemontese\/commissione-regionale\/mons-fernando-charrier\/\" \/>\n<meta property=\"og:site_name\" content=\"Pastorale Sociale e del Lavoro\" \/>\n<meta property=\"article:modified_time\" content=\"2017-05-16T11:24:17+00:00\" \/>\n<meta property=\"og:image\" content=\"https:\/\/www.diocesi.torino.it\/socialeelavoro\/wp-content\/uploads\/sites\/8\/2017\/05\/VescovoFernandoCharrier.jpg\" \/>\n\t<meta property=\"og:image:width\" content=\"378\" \/>\n\t<meta property=\"og:image:height\" content=\"449\" \/>\n\t<meta property=\"og:image:type\" content=\"image\/jpeg\" \/>\n<meta name=\"twitter:card\" content=\"summary_large_image\" \/>\n<meta name=\"twitter:label1\" content=\"Tempo di lettura stimato\" \/>\n\t<meta name=\"twitter:data1\" content=\"3 minuti\" \/>\n<script type=\"application\/ld+json\" class=\"yoast-schema-graph\">{\"@context\":\"https:\/\/schema.org\",\"@graph\":[{\"@type\":\"WebPage\",\"@id\":\"https:\/\/www.diocesi.torino.it\/socialeelavoro\/regione-eccl-piemontese\/commissione-regionale\/mons-fernando-charrier\/\",\"url\":\"https:\/\/www.diocesi.torino.it\/socialeelavoro\/regione-eccl-piemontese\/commissione-regionale\/mons-fernando-charrier\/\",\"name\":\"Mons. Fernando Charrier - Pastorale Sociale e del Lavoro\",\"isPartOf\":{\"@id\":\"https:\/\/www.diocesi.torino.it\/socialeelavoro\/#website\"},\"datePublished\":\"2011-10-17T08:06:00+00:00\",\"dateModified\":\"2017-05-16T11:24:17+00:00\",\"breadcrumb\":{\"@id\":\"https:\/\/www.diocesi.torino.it\/socialeelavoro\/regione-eccl-piemontese\/commissione-regionale\/mons-fernando-charrier\/#breadcrumb\"},\"inLanguage\":\"it-IT\",\"potentialAction\":[{\"@type\":\"ReadAction\",\"target\":[\"https:\/\/www.diocesi.torino.it\/socialeelavoro\/regione-eccl-piemontese\/commissione-regionale\/mons-fernando-charrier\/\"]}]},{\"@type\":\"BreadcrumbList\",\"@id\":\"https:\/\/www.diocesi.torino.it\/socialeelavoro\/regione-eccl-piemontese\/commissione-regionale\/mons-fernando-charrier\/#breadcrumb\",\"itemListElement\":[{\"@type\":\"ListItem\",\"position\":1,\"name\":\"Home\",\"item\":\"https:\/\/www.diocesi.torino.it\/socialeelavoro\/\"},{\"@type\":\"ListItem\",\"position\":2,\"name\":\"Regione Eccl. Piemontese\",\"item\":\"https:\/\/www.diocesi.torino.it\/socialeelavoro\/regione-eccl-piemontese\/\"},{\"@type\":\"ListItem\",\"position\":3,\"name\":\"Commissione regionale\",\"item\":\"https:\/\/www.diocesi.torino.it\/socialeelavoro\/regione-eccl-piemontese\/commissione-regionale\/\"},{\"@type\":\"ListItem\",\"position\":4,\"name\":\"Mons. Fernando Charrier\"}]},{\"@type\":\"WebSite\",\"@id\":\"https:\/\/www.diocesi.torino.it\/socialeelavoro\/#website\",\"url\":\"https:\/\/www.diocesi.torino.it\/socialeelavoro\/\",\"name\":\"Pastorale Sociale e del Lavoro\",\"description\":\"\",\"publisher\":{\"@id\":\"https:\/\/www.diocesi.torino.it\/socialeelavoro\/#organization\"},\"potentialAction\":[{\"@type\":\"SearchAction\",\"target\":{\"@type\":\"EntryPoint\",\"urlTemplate\":\"https:\/\/www.diocesi.torino.it\/socialeelavoro\/?s={search_term_string}\"},\"query-input\":\"required name=search_term_string\"}],\"inLanguage\":\"it-IT\"},{\"@type\":\"Organization\",\"@id\":\"https:\/\/www.diocesi.torino.it\/socialeelavoro\/#organization\",\"name\":\"Pastorale Sociale e del Lavoro\",\"url\":\"https:\/\/www.diocesi.torino.it\/socialeelavoro\/\",\"logo\":{\"@type\":\"ImageObject\",\"inLanguage\":\"it-IT\",\"@id\":\"https:\/\/www.diocesi.torino.it\/socialeelavoro\/#\/schema\/logo\/image\/\",\"url\":\"https:\/\/www.diocesi.torino.it\/socialeelavoro\/wp-content\/uploads\/sites\/8\/2021\/03\/upl_logo_black.png\",\"contentUrl\":\"https:\/\/www.diocesi.torino.it\/socialeelavoro\/wp-content\/uploads\/sites\/8\/2021\/03\/upl_logo_black.png\",\"width\":300,\"height\":300,\"caption\":\"Pastorale Sociale e del Lavoro\"},\"image\":{\"@id\":\"https:\/\/www.diocesi.torino.it\/socialeelavoro\/#\/schema\/logo\/image\/\"}}]}<\/script>\n<!-- \/ Yoast SEO plugin. -->","yoast_head_json":{"title":"Mons. Fernando Charrier - Pastorale Sociale e del Lavoro","robots":{"index":"index","follow":"follow","max-snippet":"max-snippet:-1","max-image-preview":"max-image-preview:large","max-video-preview":"max-video-preview:-1"},"canonical":"https:\/\/www.diocesi.torino.it\/socialeelavoro\/regione-eccl-piemontese\/commissione-regionale\/mons-fernando-charrier\/","og_locale":"it_IT","og_type":"article","og_title":"Mons. Fernando Charrier - Pastorale Sociale e del Lavoro","og_description":"\u00a0MONS. CHARRIER UN \"ESEMPIO\"Una spesa per il mondo del lavoroNella mattinata del 7 ottobre 2011 \u00e8 tornato alla casa del Padre Mons. Fernando Charrier, un Vescovo che ha fatto del mondo del lavoro il luogo fondamentale della sua opera di pastore. Spero di poter esprimere il sentimento di tutti coloro che in questi anni, non solo come delegati diocesani della Regione ecclesiastica Piemonte e Valle &hellip; Continua a leggere &raquo;","og_url":"https:\/\/www.diocesi.torino.it\/socialeelavoro\/regione-eccl-piemontese\/commissione-regionale\/mons-fernando-charrier\/","og_site_name":"Pastorale Sociale e del Lavoro","article_modified_time":"2017-05-16T11:24:17+00:00","og_image":[{"width":378,"height":449,"url":"https:\/\/www.diocesi.torino.it\/socialeelavoro\/wp-content\/uploads\/sites\/8\/2017\/05\/VescovoFernandoCharrier.jpg","type":"image\/jpeg"}],"twitter_card":"summary_large_image","twitter_misc":{"Tempo di lettura stimato":"3 minuti"},"schema":{"@context":"https:\/\/schema.org","@graph":[{"@type":"WebPage","@id":"https:\/\/www.diocesi.torino.it\/socialeelavoro\/regione-eccl-piemontese\/commissione-regionale\/mons-fernando-charrier\/","url":"https:\/\/www.diocesi.torino.it\/socialeelavoro\/regione-eccl-piemontese\/commissione-regionale\/mons-fernando-charrier\/","name":"Mons. Fernando Charrier - Pastorale Sociale e del Lavoro","isPartOf":{"@id":"https:\/\/www.diocesi.torino.it\/socialeelavoro\/#website"},"datePublished":"2011-10-17T08:06:00+00:00","dateModified":"2017-05-16T11:24:17+00:00","breadcrumb":{"@id":"https:\/\/www.diocesi.torino.it\/socialeelavoro\/regione-eccl-piemontese\/commissione-regionale\/mons-fernando-charrier\/#breadcrumb"},"inLanguage":"it-IT","potentialAction":[{"@type":"ReadAction","target":["https:\/\/www.diocesi.torino.it\/socialeelavoro\/regione-eccl-piemontese\/commissione-regionale\/mons-fernando-charrier\/"]}]},{"@type":"BreadcrumbList","@id":"https:\/\/www.diocesi.torino.it\/socialeelavoro\/regione-eccl-piemontese\/commissione-regionale\/mons-fernando-charrier\/#breadcrumb","itemListElement":[{"@type":"ListItem","position":1,"name":"Home","item":"https:\/\/www.diocesi.torino.it\/socialeelavoro\/"},{"@type":"ListItem","position":2,"name":"Regione Eccl. Piemontese","item":"https:\/\/www.diocesi.torino.it\/socialeelavoro\/regione-eccl-piemontese\/"},{"@type":"ListItem","position":3,"name":"Commissione regionale","item":"https:\/\/www.diocesi.torino.it\/socialeelavoro\/regione-eccl-piemontese\/commissione-regionale\/"},{"@type":"ListItem","position":4,"name":"Mons. Fernando Charrier"}]},{"@type":"WebSite","@id":"https:\/\/www.diocesi.torino.it\/socialeelavoro\/#website","url":"https:\/\/www.diocesi.torino.it\/socialeelavoro\/","name":"Pastorale Sociale e del Lavoro","description":"","publisher":{"@id":"https:\/\/www.diocesi.torino.it\/socialeelavoro\/#organization"},"potentialAction":[{"@type":"SearchAction","target":{"@type":"EntryPoint","urlTemplate":"https:\/\/www.diocesi.torino.it\/socialeelavoro\/?s={search_term_string}"},"query-input":"required name=search_term_string"}],"inLanguage":"it-IT"},{"@type":"Organization","@id":"https:\/\/www.diocesi.torino.it\/socialeelavoro\/#organization","name":"Pastorale Sociale e del Lavoro","url":"https:\/\/www.diocesi.torino.it\/socialeelavoro\/","logo":{"@type":"ImageObject","inLanguage":"it-IT","@id":"https:\/\/www.diocesi.torino.it\/socialeelavoro\/#\/schema\/logo\/image\/","url":"https:\/\/www.diocesi.torino.it\/socialeelavoro\/wp-content\/uploads\/sites\/8\/2021\/03\/upl_logo_black.png","contentUrl":"https:\/\/www.diocesi.torino.it\/socialeelavoro\/wp-content\/uploads\/sites\/8\/2021\/03\/upl_logo_black.png","width":300,"height":300,"caption":"Pastorale Sociale e del Lavoro"},"image":{"@id":"https:\/\/www.diocesi.torino.it\/socialeelavoro\/#\/schema\/logo\/image\/"}}]}},"_links":{"self":[{"href":"https:\/\/www.diocesi.torino.it\/socialeelavoro\/wp-json\/wp\/v2\/pages\/763"}],"collection":[{"href":"https:\/\/www.diocesi.torino.it\/socialeelavoro\/wp-json\/wp\/v2\/pages"}],"about":[{"href":"https:\/\/www.diocesi.torino.it\/socialeelavoro\/wp-json\/wp\/v2\/types\/page"}],"author":[{"embeddable":true,"href":"https:\/\/www.diocesi.torino.it\/socialeelavoro\/wp-json\/wp\/v2\/users\/1"}],"replies":[{"embeddable":true,"href":"https:\/\/www.diocesi.torino.it\/socialeelavoro\/wp-json\/wp\/v2\/comments?post=763"}],"version-history":[{"count":3,"href":"https:\/\/www.diocesi.torino.it\/socialeelavoro\/wp-json\/wp\/v2\/pages\/763\/revisions"}],"predecessor-version":[{"id":1582,"href":"https:\/\/www.diocesi.torino.it\/socialeelavoro\/wp-json\/wp\/v2\/pages\/763\/revisions\/1582"}],"up":[{"embeddable":true,"href":"https:\/\/www.diocesi.torino.it\/socialeelavoro\/wp-json\/wp\/v2\/pages\/735"}],"wp:featuredmedia":[{"embeddable":true,"href":"https:\/\/www.diocesi.torino.it\/socialeelavoro\/wp-json\/wp\/v2\/media\/1583"}],"wp:attachment":[{"href":"https:\/\/www.diocesi.torino.it\/socialeelavoro\/wp-json\/wp\/v2\/media?parent=763"}],"curies":[{"name":"wp","href":"https:\/\/api.w.org\/{rel}","templated":true}]}}