{"id":767,"date":"2010-06-08T11:49:00","date_gmt":"2010-06-08T09:49:00","guid":{"rendered":"http:\/\/www.diocesi.torino.it\/socialeelavoro\/regione-eccl-piemontese\/osservatorio-del-mondo-rurale\/"},"modified":"2017-09-14T12:26:05","modified_gmt":"2017-09-14T10:26:05","slug":"osservatorio-del-mondo-rurale","status":"publish","type":"page","link":"https:\/\/www.diocesi.torino.it\/socialeelavoro\/regione-eccl-piemontese\/osservatorio-del-mondo-rurale\/","title":{"rendered":"Osservatorio del mondo Rurale"},"content":{"rendered":"<div id=\"pl-767\"  class=\"panel-layout\" ><div id=\"pg-767-0\"  class=\"panel-grid panel-no-style\" ><div id=\"pgc-767-0-0\"  class=\"panel-grid-cell\" ><div id=\"panel-767-0-0-0\" class=\"so-panel widget widget_sow-editor panel-first-child panel-last-child\" data-index=\"0\" ><div\n\t\t\t\n\t\t\tclass=\"so-widget-sow-editor so-widget-sow-editor-base\"\n\t\t\t\n\t\t>\n<div class=\"siteorigin-widget-tinymce textwidget\">\n\t<div style=\"text-align: justify; line-height: 150%;\"><span style=\"line-height: 150%;\">La Commissione Regionale della Pastorale Sociale e del Lavoro del Piemonte e Valle d\u0092Aosta si \u00e8 dotata da febbraio 2010 di uno strumento di analisi per conoscere, nel modo pi\u00f9 approfondito possibile, le questioni legate al mondo rurale. La Conferenza Episcopale Italiana, oltre a proporre ogni anno la Giornata del Ringraziamento nel mese di novembre, ha editato a pi\u00f9 riprese delle note pastorali riguardanti il mondo agricolo, tenendo conto di tutti gli ambiti ad esso collegati, portando\u00a0l\u0092attenzione sullo sviluppo umano, inteso come sviluppo di tutto l\u0092uomo e di tutti gli uomini.<\/span><span style=\"font-family: Arial;\">\u00a0<\/span><span style=\"line-height: 150%;\">La caratteristica dell\u0092Osservatorio del Mondo Rurale \u00e8 quella di essere aperto alle diverse competenze,\u00a0mantenendo un carattere \u0093informale\u0094 e non rappresentativo degli organizzazioni di appartenenza dei membri.Il taglio \u0093pastorale\u0094 che assume l\u0092iniziativa indica, inoltre, le finalit\u00e0 della stessa e ne circoscrive l\u0092ambito. Essa, infatti, non ha lo scopo essere di supplenza all\u0092azione formativa e culturale delle diverse organizzazioni attive del mondo rurale, ma vuole aiutare le comunit\u00e0 ecclesiali rurali e i movimenti ecclesiali nella riflessione su come dire oggi il Dio di Ges\u00f9 Cristo nelle comunit\u00e0 rurali, tenendo conto delle complesse questioni che questo ambito della vita sociale sta affrontando non solo sul nostro territorio. L\u0092Osservatorio affronter\u00e0 temi concreti d\u0092interesse del mondo rurale \u0096 ma anche, ed inevitabilmente, del mondo urbano \u0096 e lo far\u00e0 cercando di favorire un metodo basato sulla partecipazione, sollecitando la presenza attiva dei diversi attori impegnati ad affrontare le \u00a0differenti tematiche.<\/span><span style=\"line-height: 115%;\">Dentro una cultura che \u00e8 sempre pi\u00f9 connotata dall\u0092individualismo e dal localismo, si reputa necessario che l\u0092Osservatorio operi per valorizzare gli aspetti locali dei problemi e dei relativi interventi, inquadrandoli sempre in un contesto globale, con una particolare attenzione alle conseguenze che le diverse decisioni hanno sulle nuove generazioni<\/span><\/div>\n<div>\u00a0<\/div>\n<div>\n<div class=\"elenco\">\n<ul>\n<li><a href=\"http:\/\/www.diocesi.torino.it\/socialeelavoro\/regione-eccl-piemontese\/osservatorio-del-mondo-rurale\/progetti-proposti\/\"><span class=\"sh1\">Progetti proposti<\/span><\/a><\/li>\n<\/ul>\n<\/div>\n<\/div>\n<p>\u00a0<\/p>\n<\/div>\n<\/div><\/div><\/div><\/div><\/div>","protected":false},"excerpt":{"rendered":"<p>La Commissione Regionale della Pastorale Sociale e del Lavoro del Piemonte e Valle d\u0092Aosta si \u00e8 dotata da febbraio 2010 di uno strumento di analisi per conoscere, nel modo pi\u00f9 approfondito possibile, le questioni legate al mondo rurale. La Conferenza Episcopale Italiana, oltre a proporre ogni anno la Giornata del Ringraziamento nel mese di novembre, ha editato a pi\u00f9 riprese delle note pastorali riguardanti il &hellip; <a href=\"https:\/\/www.diocesi.torino.it\/socialeelavoro\/regione-eccl-piemontese\/osservatorio-del-mondo-rurale\/\" class=\"more-link\">Continua a leggere <span class=\"screen-reader-text\"><\/span> <span class=\"meta-nav\">&raquo;<\/span><\/a><\/p>\n","protected":false},"author":1,"featured_media":0,"parent":722,"menu_order":0,"comment_status":"closed","ping_status":"closed","template":"","meta":{"ip_address":"","user_agent":"","level":"","revision":"","cookie_id":"","page_referer":"","html_form":"","_expiration-date-status":"","_expiration-date":0,"_expiration-date-type":"","_expiration-date-categories":[],"_expiration-date-options":[]},"acf":[],"yoast_head":"<!-- This site is optimized with the Yoast SEO plugin v20.8 - https:\/\/yoast.com\/wordpress\/plugins\/seo\/ -->\n<title>Osservatorio del mondo Rurale - Pastorale Sociale e del Lavoro<\/title>\n<meta name=\"robots\" content=\"index, follow, max-snippet:-1, max-image-preview:large, max-video-preview:-1\" \/>\n<link rel=\"canonical\" href=\"https:\/\/www.diocesi.torino.it\/socialeelavoro\/regione-eccl-piemontese\/osservatorio-del-mondo-rurale\/\" \/>\n<meta property=\"og:locale\" content=\"it_IT\" \/>\n<meta property=\"og:type\" content=\"article\" \/>\n<meta property=\"og:title\" content=\"Osservatorio del mondo Rurale - Pastorale Sociale e del Lavoro\" \/>\n<meta property=\"og:description\" content=\"La Commissione Regionale della Pastorale Sociale e del Lavoro del Piemonte e Valle d\u0092Aosta si \u00e8 dotata da febbraio 2010 di uno strumento di analisi per conoscere, nel modo pi\u00f9 approfondito possibile, le questioni legate al mondo rurale. La Conferenza Episcopale Italiana, oltre a proporre ogni anno la Giornata del Ringraziamento nel mese di novembre, ha editato a pi\u00f9 riprese delle note pastorali riguardanti il &hellip; Continua a leggere &raquo;\" \/>\n<meta property=\"og:url\" content=\"https:\/\/www.diocesi.torino.it\/socialeelavoro\/regione-eccl-piemontese\/osservatorio-del-mondo-rurale\/\" \/>\n<meta property=\"og:site_name\" content=\"Pastorale Sociale e del Lavoro\" \/>\n<meta property=\"article:modified_time\" content=\"2017-09-14T10:26:05+00:00\" \/>\n<meta name=\"twitter:card\" content=\"summary_large_image\" \/>\n<meta name=\"twitter:label1\" content=\"Tempo di lettura stimato\" \/>\n\t<meta name=\"twitter:data1\" content=\"1 minuto\" \/>\n<script type=\"application\/ld+json\" class=\"yoast-schema-graph\">{\"@context\":\"https:\/\/schema.org\",\"@graph\":[{\"@type\":\"WebPage\",\"@id\":\"https:\/\/www.diocesi.torino.it\/socialeelavoro\/regione-eccl-piemontese\/osservatorio-del-mondo-rurale\/\",\"url\":\"https:\/\/www.diocesi.torino.it\/socialeelavoro\/regione-eccl-piemontese\/osservatorio-del-mondo-rurale\/\",\"name\":\"Osservatorio del mondo Rurale - Pastorale Sociale e del Lavoro\",\"isPartOf\":{\"@id\":\"https:\/\/www.diocesi.torino.it\/socialeelavoro\/#website\"},\"datePublished\":\"2010-06-08T09:49:00+00:00\",\"dateModified\":\"2017-09-14T10:26:05+00:00\",\"breadcrumb\":{\"@id\":\"https:\/\/www.diocesi.torino.it\/socialeelavoro\/regione-eccl-piemontese\/osservatorio-del-mondo-rurale\/#breadcrumb\"},\"inLanguage\":\"it-IT\",\"potentialAction\":[{\"@type\":\"ReadAction\",\"target\":[\"https:\/\/www.diocesi.torino.it\/socialeelavoro\/regione-eccl-piemontese\/osservatorio-del-mondo-rurale\/\"]}]},{\"@type\":\"BreadcrumbList\",\"@id\":\"https:\/\/www.diocesi.torino.it\/socialeelavoro\/regione-eccl-piemontese\/osservatorio-del-mondo-rurale\/#breadcrumb\",\"itemListElement\":[{\"@type\":\"ListItem\",\"position\":1,\"name\":\"Home\",\"item\":\"https:\/\/www.diocesi.torino.it\/socialeelavoro\/\"},{\"@type\":\"ListItem\",\"position\":2,\"name\":\"Regione Eccl. Piemontese\",\"item\":\"https:\/\/www.diocesi.torino.it\/socialeelavoro\/regione-eccl-piemontese\/\"},{\"@type\":\"ListItem\",\"position\":3,\"name\":\"Osservatorio del mondo Rurale\"}]},{\"@type\":\"WebSite\",\"@id\":\"https:\/\/www.diocesi.torino.it\/socialeelavoro\/#website\",\"url\":\"https:\/\/www.diocesi.torino.it\/socialeelavoro\/\",\"name\":\"Pastorale Sociale e del Lavoro\",\"description\":\"\",\"publisher\":{\"@id\":\"https:\/\/www.diocesi.torino.it\/socialeelavoro\/#organization\"},\"potentialAction\":[{\"@type\":\"SearchAction\",\"target\":{\"@type\":\"EntryPoint\",\"urlTemplate\":\"https:\/\/www.diocesi.torino.it\/socialeelavoro\/?s={search_term_string}\"},\"query-input\":\"required name=search_term_string\"}],\"inLanguage\":\"it-IT\"},{\"@type\":\"Organization\",\"@id\":\"https:\/\/www.diocesi.torino.it\/socialeelavoro\/#organization\",\"name\":\"Pastorale Sociale e del Lavoro\",\"url\":\"https:\/\/www.diocesi.torino.it\/socialeelavoro\/\",\"logo\":{\"@type\":\"ImageObject\",\"inLanguage\":\"it-IT\",\"@id\":\"https:\/\/www.diocesi.torino.it\/socialeelavoro\/#\/schema\/logo\/image\/\",\"url\":\"https:\/\/www.diocesi.torino.it\/socialeelavoro\/wp-content\/uploads\/sites\/8\/2021\/03\/upl_logo_black.png\",\"contentUrl\":\"https:\/\/www.diocesi.torino.it\/socialeelavoro\/wp-content\/uploads\/sites\/8\/2021\/03\/upl_logo_black.png\",\"width\":300,\"height\":300,\"caption\":\"Pastorale Sociale e del Lavoro\"},\"image\":{\"@id\":\"https:\/\/www.diocesi.torino.it\/socialeelavoro\/#\/schema\/logo\/image\/\"}}]}<\/script>\n<!-- \/ Yoast SEO plugin. -->","yoast_head_json":{"title":"Osservatorio del mondo Rurale - Pastorale Sociale e del Lavoro","robots":{"index":"index","follow":"follow","max-snippet":"max-snippet:-1","max-image-preview":"max-image-preview:large","max-video-preview":"max-video-preview:-1"},"canonical":"https:\/\/www.diocesi.torino.it\/socialeelavoro\/regione-eccl-piemontese\/osservatorio-del-mondo-rurale\/","og_locale":"it_IT","og_type":"article","og_title":"Osservatorio del mondo Rurale - Pastorale Sociale e del Lavoro","og_description":"La Commissione Regionale della Pastorale Sociale e del Lavoro del Piemonte e Valle d\u0092Aosta si \u00e8 dotata da febbraio 2010 di uno strumento di analisi per conoscere, nel modo pi\u00f9 approfondito possibile, le questioni legate al mondo rurale. La Conferenza Episcopale Italiana, oltre a proporre ogni anno la Giornata del Ringraziamento nel mese di novembre, ha editato a pi\u00f9 riprese delle note pastorali riguardanti il &hellip; Continua a leggere &raquo;","og_url":"https:\/\/www.diocesi.torino.it\/socialeelavoro\/regione-eccl-piemontese\/osservatorio-del-mondo-rurale\/","og_site_name":"Pastorale Sociale e del Lavoro","article_modified_time":"2017-09-14T10:26:05+00:00","twitter_card":"summary_large_image","twitter_misc":{"Tempo di lettura stimato":"1 minuto"},"schema":{"@context":"https:\/\/schema.org","@graph":[{"@type":"WebPage","@id":"https:\/\/www.diocesi.torino.it\/socialeelavoro\/regione-eccl-piemontese\/osservatorio-del-mondo-rurale\/","url":"https:\/\/www.diocesi.torino.it\/socialeelavoro\/regione-eccl-piemontese\/osservatorio-del-mondo-rurale\/","name":"Osservatorio del mondo Rurale - Pastorale Sociale e del Lavoro","isPartOf":{"@id":"https:\/\/www.diocesi.torino.it\/socialeelavoro\/#website"},"datePublished":"2010-06-08T09:49:00+00:00","dateModified":"2017-09-14T10:26:05+00:00","breadcrumb":{"@id":"https:\/\/www.diocesi.torino.it\/socialeelavoro\/regione-eccl-piemontese\/osservatorio-del-mondo-rurale\/#breadcrumb"},"inLanguage":"it-IT","potentialAction":[{"@type":"ReadAction","target":["https:\/\/www.diocesi.torino.it\/socialeelavoro\/regione-eccl-piemontese\/osservatorio-del-mondo-rurale\/"]}]},{"@type":"BreadcrumbList","@id":"https:\/\/www.diocesi.torino.it\/socialeelavoro\/regione-eccl-piemontese\/osservatorio-del-mondo-rurale\/#breadcrumb","itemListElement":[{"@type":"ListItem","position":1,"name":"Home","item":"https:\/\/www.diocesi.torino.it\/socialeelavoro\/"},{"@type":"ListItem","position":2,"name":"Regione Eccl. Piemontese","item":"https:\/\/www.diocesi.torino.it\/socialeelavoro\/regione-eccl-piemontese\/"},{"@type":"ListItem","position":3,"name":"Osservatorio del mondo Rurale"}]},{"@type":"WebSite","@id":"https:\/\/www.diocesi.torino.it\/socialeelavoro\/#website","url":"https:\/\/www.diocesi.torino.it\/socialeelavoro\/","name":"Pastorale Sociale e del Lavoro","description":"","publisher":{"@id":"https:\/\/www.diocesi.torino.it\/socialeelavoro\/#organization"},"potentialAction":[{"@type":"SearchAction","target":{"@type":"EntryPoint","urlTemplate":"https:\/\/www.diocesi.torino.it\/socialeelavoro\/?s={search_term_string}"},"query-input":"required name=search_term_string"}],"inLanguage":"it-IT"},{"@type":"Organization","@id":"https:\/\/www.diocesi.torino.it\/socialeelavoro\/#organization","name":"Pastorale Sociale e del Lavoro","url":"https:\/\/www.diocesi.torino.it\/socialeelavoro\/","logo":{"@type":"ImageObject","inLanguage":"it-IT","@id":"https:\/\/www.diocesi.torino.it\/socialeelavoro\/#\/schema\/logo\/image\/","url":"https:\/\/www.diocesi.torino.it\/socialeelavoro\/wp-content\/uploads\/sites\/8\/2021\/03\/upl_logo_black.png","contentUrl":"https:\/\/www.diocesi.torino.it\/socialeelavoro\/wp-content\/uploads\/sites\/8\/2021\/03\/upl_logo_black.png","width":300,"height":300,"caption":"Pastorale Sociale e del Lavoro"},"image":{"@id":"https:\/\/www.diocesi.torino.it\/socialeelavoro\/#\/schema\/logo\/image\/"}}]}},"_links":{"self":[{"href":"https:\/\/www.diocesi.torino.it\/socialeelavoro\/wp-json\/wp\/v2\/pages\/767"}],"collection":[{"href":"https:\/\/www.diocesi.torino.it\/socialeelavoro\/wp-json\/wp\/v2\/pages"}],"about":[{"href":"https:\/\/www.diocesi.torino.it\/socialeelavoro\/wp-json\/wp\/v2\/types\/page"}],"author":[{"embeddable":true,"href":"https:\/\/www.diocesi.torino.it\/socialeelavoro\/wp-json\/wp\/v2\/users\/1"}],"replies":[{"embeddable":true,"href":"https:\/\/www.diocesi.torino.it\/socialeelavoro\/wp-json\/wp\/v2\/comments?post=767"}],"version-history":[{"count":3,"href":"https:\/\/www.diocesi.torino.it\/socialeelavoro\/wp-json\/wp\/v2\/pages\/767\/revisions"}],"predecessor-version":[{"id":2033,"href":"https:\/\/www.diocesi.torino.it\/socialeelavoro\/wp-json\/wp\/v2\/pages\/767\/revisions\/2033"}],"up":[{"embeddable":true,"href":"https:\/\/www.diocesi.torino.it\/socialeelavoro\/wp-json\/wp\/v2\/pages\/722"}],"wp:attachment":[{"href":"https:\/\/www.diocesi.torino.it\/socialeelavoro\/wp-json\/wp\/v2\/media?parent=767"}],"curies":[{"name":"wp","href":"https:\/\/api.w.org\/{rel}","templated":true}]}}