{"id":775,"date":"2010-04-13T12:07:00","date_gmt":"2010-04-13T10:07:00","guid":{"rendered":"http:\/\/www.diocesi.torino.it\/socialeelavoro\/regione-eccl-piemontese\/progetti-regionali\/policoro\/"},"modified":"2017-05-16T13:24:19","modified_gmt":"2017-05-16T11:24:19","slug":"policoro","status":"publish","type":"page","link":"https:\/\/www.diocesi.torino.it\/socialeelavoro\/regione-eccl-piemontese\/progetti-regionali\/policoro\/","title":{"rendered":"Policoro"},"content":{"rendered":"<div id=\"pl-775\"  class=\"panel-layout\" ><div id=\"pg-775-0\"  class=\"panel-grid panel-no-style\" ><div id=\"pgc-775-0-0\"  class=\"panel-grid-cell\" ><div id=\"panel-775-0-0-0\" class=\"so-panel widget widget_sow-editor panel-first-child panel-last-child\" data-index=\"0\" ><div\n\t\t\t\n\t\t\tclass=\"so-widget-sow-editor so-widget-sow-editor-base\"\n\t\t\t\n\t\t>\n<div class=\"siteorigin-widget-tinymce textwidget\">\n\t<div>\u00a0<\/div>\n<div>\u00a0\u00a0<\/p>\n<div style=\"text-align: center; line-height: 150%\" align=\"center\"><b><span style=\"line-height: 150%; font-size: 16pt\">PROGETTO POLICORO IN PIEMONTE E VALLE D\u0092AOSTA<\/span><\/b><\/div>\n<div><i><span style=\"font-size: 11pt\">A cura del Coordinamento Policoro Piemonte<\/span><\/i><\/div>\n<div style=\"border-bottom: medium none; border-left: medium none; padding-bottom: 0cm; padding-left: 0cm; padding-right: 0cm; border-top: windowtext 1pt solid; border-right: medium none; padding-top: 1pt\">\n<div style=\"border-bottom: medium none; border-left: medium none; padding-bottom: 0cm; padding-left: 0cm; padding-right: 0cm; border-top: medium none; border-right: medium none; padding-top: 0cm\"><b>\u00a0<\/b><\/div>\n<div style=\"border-bottom: medium none; border-left: medium none; padding-bottom: 0cm; padding-left: 0cm; padding-right: 0cm; border-top: medium none; border-right: medium none; padding-top: 0cm\"><b>\u00a0<\/b><\/div>\n<\/div>\n<div style=\"text-align: justify; line-height: 115%\"><b><span style=\"line-height: 115%; font-size: 11pt\">IL PROGETTO POLICORO<\/span><\/b><\/div>\n<div style=\"text-align: justify; line-height: 115%; margin: 0cm 0cm 0pt 14.2pt\"><b>\u00a0<\/b><\/div>\n<div><span style=\"font-size: 11pt\">E\u0092 un progetto promosso dalla Conferenza Episcopale Italiana attraverso tre Uffici: Pastorale Sociale e del Lavoro, Pastorale Giovanile e Caritas.<\/span><\/div>\n<div><span style=\"font-size: 11pt\">Nasce nel 1996 all\u0092indomani del Convegno Ecclesiale di Palermo (1995) prendendo il nome dal piccolo paese della Basilicata dove, per la prima volta, si riuniscono gli Uffici Nazionali coinvolti per affrontare il problema della disoccupazione dei giovani del sud.<\/span><\/div>\n<div><span style=\"font-size: 11pt\">Il progetto intende offrire alle Chiese locali strumenti e opportunit\u00e0 per affrontare il problema della disoccupazione giovanile in una prospettiva di evangelizzazione e di promozione umana, oltre che aiutare le Chiese ad interagire tra di loro con spirito di solidariet\u00e0 e di reciprocit\u00e0, stimolando le pastorali e le aggregazioni laicali di ispirazione cristiana a lavorare \"in rete\" in un'ottica di sinergia e di collaborazione reciproca.<\/span><\/div>\n<div style=\"text-align: justify; line-height: 115%\">\u00a0<\/div>\n<div style=\"text-align: justify; line-height: 115%\"><b><span style=\"line-height: 115%; font-size: 11pt\">Obiettivi del progetto <\/span><\/b><\/div>\n<div><i><u><span style=\"font-size: 11pt\">Evangelizzazione<\/span><\/u><\/i><span style=\"font-size: 11pt\">dei giovani disoccupati o in situazione irregolare di lavoro<\/span><\/div>\n<div><i><u><span style=\"font-size: 11pt\">Formazione<\/span><\/u><\/i><span style=\"font-size: 11pt\"> di una nuova cultura del lavoro ispirata ai valori della responsabilit\u00e0 e della cooperazione<\/span><\/div>\n<div><i><u><span style=\"font-size: 11pt\">Gesti concreti di solidariet\u00e0<\/span><\/u><\/i><span style=\"font-size: 11pt\">per sostenere l\u0092avvio di nuove attivit\u00e0 imprenditoriali da parte dei giovani<\/span><\/div>\n<div><i><u><span style=\"font-size: 11pt\">Rapporti di Reciprocit\u00e0<\/span><\/u><\/i><span style=\"font-size: 11pt\"> tra le varie Chiese italiane per costruire una rete di scambio di doni<\/span><\/div>\n<div>\u00a0<\/div>\n<div><b><span style=\"font-size: 11pt\">Icona biblica<\/span><\/b><\/div>\n<div><i><span style=\"font-size: 11pt\">\u0093Non possiedo n\u00e9 oro, n\u00e9 argento, ma quello che ho te lo do:\u00a0nel nome di Ges\u00f9 Cristo, il Nazareno, cammina!\u0094<\/span><\/i><span style=\"font-size: 11pt\">\u00a0(At 3,1-10).<\/span><\/div>\n<div><span style=\"font-size: 11pt\">Cos\u00ec come Pietro e Giovanni allo storpio che chiedeva l\u0092elemosina alla porta Bella del tempio non hanno da offrire ricchezze materiali ma il Vangelo, la chiesa non offre ai giovani disoccupati ricchezze materiali, ma annuncia loro ci\u00f2 che possiede: Ges\u00f9. <\/span><\/div>\n<div><span style=\"font-size: 11pt\">La ricchezza del Vangelo pu\u00f2 veramente cambiare la vita e aiutare le persone ad alzarsi dalla strada della rassegnazione, del mendicare assistenza per camminare lungo i sentieri di speranza e di sviluppo.<\/span><\/div>\n<div style=\"text-align: justify; line-height: 115%\">\u00a0<\/div>\n<div style=\"text-align: justify; line-height: 115%\"><b><span style=\"line-height: 115%; font-size: 11pt\">L\u0092animatore di comunit\u00e0<\/span><\/b><\/div>\n<div><span style=\"font-size: 11pt\">Figura centrale del progetto \u00e8 l\u0092Animatore di Comunit\u00e0 \u00e8 colui che opera per sensibilizzare le persone sul problema della disoccupazione giovanile, accompagna e sostiene la creazione di nuove imprese e cooperative, sollecita tutte le forze disponibili sul territorio fornendo un apporto concreto alla realizzazione di una nuova cultura del lavoro nella propria diocesi. <\/span><\/div>\n<div><span style=\"font-size: 11pt\">Questa figura si occupa di:<\/span><\/div>\n<div style=\"text-align: justify; text-indent: -18pt; margin: 0cm 0cm 0pt 18pt\"><span style=\"font-size: 11pt\">-<span style=\"font: 7pt 'Times New Roman'\">\u00a0\u00a0\u00a0\u00a0\u00a0\u00a0\u00a0\u00a0\u00a0 <\/span><\/span><span style=\"font-size: 11pt\">Organizzare <i><u>incontri periodici<\/u><\/i> con i giovani presenti nelle parrocchie\u00a0o in altre realt\u00e0 associative<\/span><\/div>\n<div style=\"text-align: justify; text-indent: -18pt; margin: 0cm 0cm 0pt 18pt\"><span style=\"font-size: 11pt\">-<span style=\"font: 7pt 'Times New Roman'\">\u00a0\u00a0\u00a0\u00a0\u00a0\u00a0\u00a0\u00a0\u00a0 <\/span><\/span><span style=\"font-size: 11pt\">Tenere <i><u>corsi<\/u><\/i> sulle problematiche occupazionali e sugli aspetti motivazionali dell\u0092approccio al lavoro<\/span><\/div>\n<div style=\"text-align: justify; text-indent: -18pt; margin: 0cm 0cm 0pt 18pt\"><span style=\"font-size: 11pt\">-<span style=\"font: 7pt 'Times New Roman'\">\u00a0\u00a0\u00a0\u00a0\u00a0\u00a0\u00a0\u00a0\u00a0 <\/span><\/span><span style=\"font-size: 11pt\">Incontrare i giovani attraverso <i><u>colloqui individuali<\/u><\/i>, tesi anche alla redazione di curriculum vitae<\/span><\/div>\n<div style=\"text-align: justify; text-indent: -18pt; margin: 0cm 0cm 0pt 18pt\"><span style=\"font-size: 11pt\">-<span style=\"font: 7pt 'Times New Roman'\">\u00a0\u00a0\u00a0\u00a0\u00a0\u00a0\u00a0\u00a0\u00a0 <\/span><\/span><i><u><span style=\"font-size: 11pt\">Assistenza progettuale<\/span><\/u><\/i><span style=\"font-size: 11pt\"> per i giovani che intendono avviare un\u0092attivit\u00e0 di lavoro autonomo, artigianale, cooperativistico<\/span><\/div>\n<div style=\"text-align: justify; text-indent: -18pt; margin: 0cm 0cm 0pt 18pt\"><span style=\"font-size: 11pt\">-<span style=\"font: 7pt 'Times New Roman'\">\u00a0\u00a0\u00a0\u00a0\u00a0\u00a0\u00a0\u00a0\u00a0 <\/span><\/span><i><u><span style=\"font-size: 11pt\">Supporto<\/span><\/u><\/i><span style=\"font-size: 11pt\"> alla redazione del proprio piano di impresa<\/span><\/div>\n<div style=\"text-align: justify; text-indent: -18pt; margin: 0cm 0cm 0pt 18pt\"><span style=\"font-size: 11pt\">-<span style=\"font: 7pt 'Times New Roman'\">\u00a0\u00a0\u00a0\u00a0\u00a0\u00a0\u00a0\u00a0\u00a0 <\/span><\/span><i><u><span style=\"font-size: 11pt\">Consulenza<\/span><\/u><\/i><span style=\"font-size: 11pt\">gratuita sulle leggi che agevolano tutte le iniziative di autoimpiego e sulle procedure burocratiche per dare avvio a tali attivit\u00e0, oltre che sulle agevolazioni finanziarie che intervengono a sostegno di lavoro autonomo, microimpresa, franchising<\/span><\/div>\n<div style=\"text-align: justify; text-indent: -18pt; margin: 0cm 0cm 0pt 18pt\"><span style=\"font-size: 11pt\">-<span style=\"font: 7pt 'Times New Roman'\">\u00a0\u00a0\u00a0\u00a0\u00a0\u00a0\u00a0\u00a0\u00a0 <\/span><\/span><i><u><span style=\"font-size: 11pt\">Informazione<\/span><\/u><\/i><span style=\"font-size: 11pt\"> sulle opportunit\u00e0 occupazionali e formative presenti sul territorio<\/span><\/div>\n<div>\u00a0<\/div>\n<div><span style=\"font-size: 11pt\">L\u0092azione dell\u0092animatore di comunit\u00e0 avviene insieme a enti con cui si \u00e8 in contatto e si \u00e8 sviluppata una rete di scambi. Consulenze mirate ai fini dell\u0092accompagnamento allo sviluppo di gesti concreti: CENASCA-CISL,\u00a0ACLI,\u00a0BANCA ETICA,\u00a0CONFCOOPERATIVE<\/span><\/div>\n<div><span style=\"font-size: 11pt\">Enti che collaborano per l\u0092evangelizzazione:\u00a0AGESCI,\u00a0GIFRA,\u00a0GiOC,\u00a0MLAC.<\/span><\/div>\n<div><span style=\"font-size: 11pt\">Inoltre, il progetto Policoro si occupa di sensibilizzare l\u0092opinione pubblica sulla condizione del lavoro giovanile e sulla disoccupazione fornendo un approccio concreto alla realizzazione di una nuova cultura del lavoro (diversa dalla mentalit\u00e0 assistenzialistica e del posto fisso) nelle singole diocesi<\/span><\/div>\n<div><span style=\"font-size: 11pt\">Infine, compito di Policoro \u00e8 orientare, formare, informare, accompagnare al lavoro, ispirandosi sempre ai valori umani e cristiani di legalit\u00e0, solidariet\u00e0, fiducia, responsabilit\u00e0, cooperazione e auto imprenditorialit\u00e0<\/span><\/div>\n<div>\u00a0<\/div>\n<div style=\"text-align: justify; line-height: 115%\">\u00a0<\/div>\n<div style=\"text-align: justify; line-height: 115%\"><b><span style=\"line-height: 115%; font-size: 11pt\">Rapporti di reciprocit\u00e0<\/span><\/b><\/div>\n<div><span style=\"font-size: 11pt\">All\u0092interno del progetto Policoro \u00a0\u00e8 cresciuta la convinzione dell'importanza di creare delle opportunit\u00e0 di incontro tra le varie Chiese che sono in Italia. A questo scopo sono stati promossi \u0093rapporti di reciprocit\u00e0\u0094 tra le varie regionali d\u0092Italia.<\/span><\/div>\n<div><span style=\"font-size: 11pt\">Non si tratta di chiedere la soluzione dei problemi alle regioni dove c'\u00e8 pi\u00f9 lavoro, n\u00e9 di realizzare forme di sostegno a senso unico, ma di costruire una rete di reciprocit\u00e0 che permetta di realizzare la comunicazione e lo scambio di doni tra le Chiese, la cooperazione tra il Nord e il Sud d'Italia, in modo che la comunione ecclesiale sia fermento di solidariet\u00e0 sociale e di unit\u00e0 nazionale.<\/span><\/div>\n<div><span style=\"font-size: 11pt\">I Direttori regionali delle tre pastorali delle due regioni ecclesiastiche oltre a rappresentanti laici costituiscono il <i>Coordinamento interregionale dei Rapporti di reciprocit\u00e0 fra la Sicilia e il Piemonte.<\/i><\/span><\/div>\n<div><span style=\"font-size: 11pt\">Questo organo\u00e8 unico nel panorama del Progetto Policoro, in quanto le altre regioni non hanno attivato i Rapporti di reciprocit\u00e0. <\/span><\/div>\n<div><span style=\"font-size: 11pt\">Il Coordinamento si riunisce periodicamente tre volte all\u0092anno, programma le iniziative e si adopera per la loro realizzazione. <\/span><\/div>\n<div><span style=\"font-size: 11pt\">Nell\u0092ottica di questo scambio tra le diverse esperienze pastorali il coordinamento nel corso degli anni ha realizzato diverse attivit\u00e0:<\/span><\/div>\n<div style=\"text-align: justify; text-indent: -18pt; margin: 0cm 0cm 0pt 18pt\"><span style=\"font-size: 11pt\">\u00a7\u00a0<\/span><span style=\"font-size: 11pt\">Stages formativi di giovani siciliani in cooperative piemontesi<\/span><\/div>\n<div style=\"text-align: justify; text-indent: -18pt; margin: 0cm 0cm 0pt 18pt\"><span style=\"font-size: 11pt\">\u00a7\u00a0<\/span><span style=\"font-size: 11pt\">Esperienze di \u0093Vacanze Intelligenti\u0094 di giovani siciliani in Piemonte e di giovani piemontesi in Sicilia<\/span><\/div>\n<div style=\"text-align: justify; text-indent: -18pt; margin: 0cm 0cm 0pt 18pt\"><span style=\"font-size: 11pt\">\u00a7\u00a0<\/span><span style=\"font-size: 11pt\">Esperienze di solidariet\u00e0 oratorio e lavoro in strutture di pastorale giovanile<\/span><\/div>\n<div style=\"text-align: justify; text-indent: -18pt; margin: 0cm 0cm 0pt 18pt\"><span style=\"font-size: 11pt\">\u00a7\u00a0<\/span><span style=\"font-size: 11pt\">Seminari di approfondimento sulla formazione professionale e sulla cooperazione<\/span><\/div>\n<div style=\"text-align: justify; text-indent: -18pt; margin: 0cm 0cm 0pt 18pt\"><span style=\"font-size: 11pt\">\u00a7\u00a0<\/span><span style=\"font-size: 11pt\">Interscambi di seminaristi<\/span><\/div>\n<\/div>\n<\/div>\n<\/div><\/div><\/div><\/div><\/div><hr class=\"wpba_attachment_hr\"><div id='wpba_attachment_list' class='wpba wpba-wrap'>\n<ul class='wpba-attachment-list unstyled'><li id='wpba_attachment_list_1596' class='wpba-list-item pull-left'><img src='https:\/\/www.diocesi.torino.it\/socialeelavoro\/wp-content\/themes\/wp-starter-so\/icons\/document.png' width='16' height='20' class='wpba-icon pull-left'><a href='https:\/\/www.diocesi.torino.it\/socialeelavoro\/wp-content\/uploads\/sites\/8\/2017\/05\/Rapporti-di-reciprocit\u00e0.pdf' title='Rapporti-di-reciprocit\u00e0' class='wpba-link pull-left' target=\"_blank\">Rapporti-di-reciprocit\u00e0<\/a><\/li>\n<li id='wpba_attachment_list_1597' class='wpba-list-item pull-left'><img src='https:\/\/www.diocesi.torino.it\/socialeelavoro\/wp-content\/themes\/wp-starter-so\/icons\/document.png' width='16' height='20' class='wpba-icon pull-left'><a href='https:\/\/www.diocesi.torino.it\/socialeelavoro\/wp-content\/uploads\/sites\/8\/2017\/05\/Policoro-al-Nord.pdf' title='Policoro-al-Nord' class='wpba-link pull-left' target=\"_blank\">Policoro-al-Nord<\/a><\/li>\n<\/ul><\/div>\n","protected":false},"excerpt":{"rendered":"<p>\u00a0\u00a0\u00a0PROGETTO POLICORO IN PIEMONTE E VALLE D\u0092AOSTAA cura del Coordinamento Policoro Piemonte\u00a0\u00a0IL PROGETTO POLICORO\u00a0E\u0092 un progetto promosso dalla Conferenza Episcopale Italiana attraverso tre Uffici: Pastorale Sociale e del Lavoro, Pastorale Giovanile e Caritas.Nasce nel 1996 all\u0092indomani del Convegno Ecclesiale di Palermo (1995) prendendo il nome dal piccolo paese della Basilicata dove, per la prima volta, si riuniscono gli Uffici Nazionali coinvolti per affrontare il problema &hellip; <a href=\"https:\/\/www.diocesi.torino.it\/socialeelavoro\/regione-eccl-piemontese\/progetti-regionali\/policoro\/\" class=\"more-link\">Continua a leggere <span class=\"screen-reader-text\"><\/span> <span class=\"meta-nav\">&raquo;<\/span><\/a><\/p>\n","protected":false},"author":1,"featured_media":1595,"parent":773,"menu_order":0,"comment_status":"closed","ping_status":"closed","template":"","meta":{"ip_address":"","user_agent":"","level":"","revision":"","cookie_id":"","page_referer":"","html_form":"","_expiration-date-status":"","_expiration-date":0,"_expiration-date-type":"","_expiration-date-categories":[],"_expiration-date-options":[]},"acf":[],"yoast_head":"<!-- This site is optimized with the Yoast SEO plugin v20.8 - https:\/\/yoast.com\/wordpress\/plugins\/seo\/ -->\n<title>Policoro - Pastorale Sociale e del Lavoro<\/title>\n<meta name=\"robots\" content=\"index, follow, max-snippet:-1, max-image-preview:large, max-video-preview:-1\" \/>\n<link rel=\"canonical\" href=\"https:\/\/www.diocesi.torino.it\/socialeelavoro\/regione-eccl-piemontese\/progetti-regionali\/policoro\/\" \/>\n<meta property=\"og:locale\" content=\"it_IT\" \/>\n<meta property=\"og:type\" content=\"article\" \/>\n<meta property=\"og:title\" content=\"Policoro - Pastorale Sociale e del Lavoro\" \/>\n<meta property=\"og:description\" content=\"\u00a0\u00a0\u00a0PROGETTO POLICORO IN PIEMONTE E VALLE D\u0092AOSTAA cura del Coordinamento Policoro Piemonte\u00a0\u00a0IL PROGETTO POLICORO\u00a0E\u0092 un progetto promosso dalla Conferenza Episcopale Italiana attraverso tre Uffici: Pastorale Sociale e del Lavoro, Pastorale Giovanile e Caritas.Nasce nel 1996 all\u0092indomani del Convegno Ecclesiale di Palermo (1995) prendendo il nome dal piccolo paese della Basilicata dove, per la prima volta, si riuniscono gli Uffici Nazionali coinvolti per affrontare il problema &hellip; Continua a leggere &raquo;\" \/>\n<meta property=\"og:url\" content=\"https:\/\/www.diocesi.torino.it\/socialeelavoro\/regione-eccl-piemontese\/progetti-regionali\/policoro\/\" \/>\n<meta property=\"og:site_name\" content=\"Pastorale Sociale e del Lavoro\" \/>\n<meta property=\"article:modified_time\" content=\"2017-05-16T11:24:19+00:00\" \/>\n<meta property=\"og:image\" content=\"https:\/\/www.diocesi.torino.it\/socialeelavoro\/wp-content\/uploads\/sites\/8\/2017\/05\/logo-policoro.jpg\" \/>\n\t<meta property=\"og:image:width\" content=\"109\" \/>\n\t<meta property=\"og:image:height\" content=\"73\" \/>\n\t<meta property=\"og:image:type\" content=\"image\/jpeg\" \/>\n<meta name=\"twitter:card\" content=\"summary_large_image\" \/>\n<meta name=\"twitter:label1\" content=\"Tempo di lettura stimato\" \/>\n\t<meta name=\"twitter:data1\" content=\"4 minuti\" \/>\n<script type=\"application\/ld+json\" class=\"yoast-schema-graph\">{\"@context\":\"https:\/\/schema.org\",\"@graph\":[{\"@type\":\"WebPage\",\"@id\":\"https:\/\/www.diocesi.torino.it\/socialeelavoro\/regione-eccl-piemontese\/progetti-regionali\/policoro\/\",\"url\":\"https:\/\/www.diocesi.torino.it\/socialeelavoro\/regione-eccl-piemontese\/progetti-regionali\/policoro\/\",\"name\":\"Policoro - Pastorale Sociale e del Lavoro\",\"isPartOf\":{\"@id\":\"https:\/\/www.diocesi.torino.it\/socialeelavoro\/#website\"},\"datePublished\":\"2010-04-13T10:07:00+00:00\",\"dateModified\":\"2017-05-16T11:24:19+00:00\",\"breadcrumb\":{\"@id\":\"https:\/\/www.diocesi.torino.it\/socialeelavoro\/regione-eccl-piemontese\/progetti-regionali\/policoro\/#breadcrumb\"},\"inLanguage\":\"it-IT\",\"potentialAction\":[{\"@type\":\"ReadAction\",\"target\":[\"https:\/\/www.diocesi.torino.it\/socialeelavoro\/regione-eccl-piemontese\/progetti-regionali\/policoro\/\"]}]},{\"@type\":\"BreadcrumbList\",\"@id\":\"https:\/\/www.diocesi.torino.it\/socialeelavoro\/regione-eccl-piemontese\/progetti-regionali\/policoro\/#breadcrumb\",\"itemListElement\":[{\"@type\":\"ListItem\",\"position\":1,\"name\":\"Home\",\"item\":\"https:\/\/www.diocesi.torino.it\/socialeelavoro\/\"},{\"@type\":\"ListItem\",\"position\":2,\"name\":\"Regione Eccl. Piemontese\",\"item\":\"https:\/\/www.diocesi.torino.it\/socialeelavoro\/regione-eccl-piemontese\/\"},{\"@type\":\"ListItem\",\"position\":3,\"name\":\"Progetti Regionali\",\"item\":\"https:\/\/www.diocesi.torino.it\/socialeelavoro\/regione-eccl-piemontese\/progetti-regionali\/\"},{\"@type\":\"ListItem\",\"position\":4,\"name\":\"Policoro\"}]},{\"@type\":\"WebSite\",\"@id\":\"https:\/\/www.diocesi.torino.it\/socialeelavoro\/#website\",\"url\":\"https:\/\/www.diocesi.torino.it\/socialeelavoro\/\",\"name\":\"Pastorale Sociale e del Lavoro\",\"description\":\"\",\"publisher\":{\"@id\":\"https:\/\/www.diocesi.torino.it\/socialeelavoro\/#organization\"},\"potentialAction\":[{\"@type\":\"SearchAction\",\"target\":{\"@type\":\"EntryPoint\",\"urlTemplate\":\"https:\/\/www.diocesi.torino.it\/socialeelavoro\/?s={search_term_string}\"},\"query-input\":\"required name=search_term_string\"}],\"inLanguage\":\"it-IT\"},{\"@type\":\"Organization\",\"@id\":\"https:\/\/www.diocesi.torino.it\/socialeelavoro\/#organization\",\"name\":\"Pastorale Sociale e del Lavoro\",\"url\":\"https:\/\/www.diocesi.torino.it\/socialeelavoro\/\",\"logo\":{\"@type\":\"ImageObject\",\"inLanguage\":\"it-IT\",\"@id\":\"https:\/\/www.diocesi.torino.it\/socialeelavoro\/#\/schema\/logo\/image\/\",\"url\":\"https:\/\/www.diocesi.torino.it\/socialeelavoro\/wp-content\/uploads\/sites\/8\/2021\/03\/upl_logo_black.png\",\"contentUrl\":\"https:\/\/www.diocesi.torino.it\/socialeelavoro\/wp-content\/uploads\/sites\/8\/2021\/03\/upl_logo_black.png\",\"width\":300,\"height\":300,\"caption\":\"Pastorale Sociale e del Lavoro\"},\"image\":{\"@id\":\"https:\/\/www.diocesi.torino.it\/socialeelavoro\/#\/schema\/logo\/image\/\"}}]}<\/script>\n<!-- \/ Yoast SEO plugin. -->","yoast_head_json":{"title":"Policoro - Pastorale Sociale e del Lavoro","robots":{"index":"index","follow":"follow","max-snippet":"max-snippet:-1","max-image-preview":"max-image-preview:large","max-video-preview":"max-video-preview:-1"},"canonical":"https:\/\/www.diocesi.torino.it\/socialeelavoro\/regione-eccl-piemontese\/progetti-regionali\/policoro\/","og_locale":"it_IT","og_type":"article","og_title":"Policoro - Pastorale Sociale e del Lavoro","og_description":"\u00a0\u00a0\u00a0PROGETTO POLICORO IN PIEMONTE E VALLE D\u0092AOSTAA cura del Coordinamento Policoro Piemonte\u00a0\u00a0IL PROGETTO POLICORO\u00a0E\u0092 un progetto promosso dalla Conferenza Episcopale Italiana attraverso tre Uffici: Pastorale Sociale e del Lavoro, Pastorale Giovanile e Caritas.Nasce nel 1996 all\u0092indomani del Convegno Ecclesiale di Palermo (1995) prendendo il nome dal piccolo paese della Basilicata dove, per la prima volta, si riuniscono gli Uffici Nazionali coinvolti per affrontare il problema &hellip; Continua a leggere &raquo;","og_url":"https:\/\/www.diocesi.torino.it\/socialeelavoro\/regione-eccl-piemontese\/progetti-regionali\/policoro\/","og_site_name":"Pastorale Sociale e del Lavoro","article_modified_time":"2017-05-16T11:24:19+00:00","og_image":[{"width":109,"height":73,"url":"https:\/\/www.diocesi.torino.it\/socialeelavoro\/wp-content\/uploads\/sites\/8\/2017\/05\/logo-policoro.jpg","type":"image\/jpeg"}],"twitter_card":"summary_large_image","twitter_misc":{"Tempo di lettura stimato":"4 minuti"},"schema":{"@context":"https:\/\/schema.org","@graph":[{"@type":"WebPage","@id":"https:\/\/www.diocesi.torino.it\/socialeelavoro\/regione-eccl-piemontese\/progetti-regionali\/policoro\/","url":"https:\/\/www.diocesi.torino.it\/socialeelavoro\/regione-eccl-piemontese\/progetti-regionali\/policoro\/","name":"Policoro - Pastorale Sociale e del Lavoro","isPartOf":{"@id":"https:\/\/www.diocesi.torino.it\/socialeelavoro\/#website"},"datePublished":"2010-04-13T10:07:00+00:00","dateModified":"2017-05-16T11:24:19+00:00","breadcrumb":{"@id":"https:\/\/www.diocesi.torino.it\/socialeelavoro\/regione-eccl-piemontese\/progetti-regionali\/policoro\/#breadcrumb"},"inLanguage":"it-IT","potentialAction":[{"@type":"ReadAction","target":["https:\/\/www.diocesi.torino.it\/socialeelavoro\/regione-eccl-piemontese\/progetti-regionali\/policoro\/"]}]},{"@type":"BreadcrumbList","@id":"https:\/\/www.diocesi.torino.it\/socialeelavoro\/regione-eccl-piemontese\/progetti-regionali\/policoro\/#breadcrumb","itemListElement":[{"@type":"ListItem","position":1,"name":"Home","item":"https:\/\/www.diocesi.torino.it\/socialeelavoro\/"},{"@type":"ListItem","position":2,"name":"Regione Eccl. Piemontese","item":"https:\/\/www.diocesi.torino.it\/socialeelavoro\/regione-eccl-piemontese\/"},{"@type":"ListItem","position":3,"name":"Progetti Regionali","item":"https:\/\/www.diocesi.torino.it\/socialeelavoro\/regione-eccl-piemontese\/progetti-regionali\/"},{"@type":"ListItem","position":4,"name":"Policoro"}]},{"@type":"WebSite","@id":"https:\/\/www.diocesi.torino.it\/socialeelavoro\/#website","url":"https:\/\/www.diocesi.torino.it\/socialeelavoro\/","name":"Pastorale Sociale e del Lavoro","description":"","publisher":{"@id":"https:\/\/www.diocesi.torino.it\/socialeelavoro\/#organization"},"potentialAction":[{"@type":"SearchAction","target":{"@type":"EntryPoint","urlTemplate":"https:\/\/www.diocesi.torino.it\/socialeelavoro\/?s={search_term_string}"},"query-input":"required name=search_term_string"}],"inLanguage":"it-IT"},{"@type":"Organization","@id":"https:\/\/www.diocesi.torino.it\/socialeelavoro\/#organization","name":"Pastorale Sociale e del Lavoro","url":"https:\/\/www.diocesi.torino.it\/socialeelavoro\/","logo":{"@type":"ImageObject","inLanguage":"it-IT","@id":"https:\/\/www.diocesi.torino.it\/socialeelavoro\/#\/schema\/logo\/image\/","url":"https:\/\/www.diocesi.torino.it\/socialeelavoro\/wp-content\/uploads\/sites\/8\/2021\/03\/upl_logo_black.png","contentUrl":"https:\/\/www.diocesi.torino.it\/socialeelavoro\/wp-content\/uploads\/sites\/8\/2021\/03\/upl_logo_black.png","width":300,"height":300,"caption":"Pastorale Sociale e del Lavoro"},"image":{"@id":"https:\/\/www.diocesi.torino.it\/socialeelavoro\/#\/schema\/logo\/image\/"}}]}},"_links":{"self":[{"href":"https:\/\/www.diocesi.torino.it\/socialeelavoro\/wp-json\/wp\/v2\/pages\/775"}],"collection":[{"href":"https:\/\/www.diocesi.torino.it\/socialeelavoro\/wp-json\/wp\/v2\/pages"}],"about":[{"href":"https:\/\/www.diocesi.torino.it\/socialeelavoro\/wp-json\/wp\/v2\/types\/page"}],"author":[{"embeddable":true,"href":"https:\/\/www.diocesi.torino.it\/socialeelavoro\/wp-json\/wp\/v2\/users\/1"}],"replies":[{"embeddable":true,"href":"https:\/\/www.diocesi.torino.it\/socialeelavoro\/wp-json\/wp\/v2\/comments?post=775"}],"version-history":[{"count":3,"href":"https:\/\/www.diocesi.torino.it\/socialeelavoro\/wp-json\/wp\/v2\/pages\/775\/revisions"}],"predecessor-version":[{"id":1594,"href":"https:\/\/www.diocesi.torino.it\/socialeelavoro\/wp-json\/wp\/v2\/pages\/775\/revisions\/1594"}],"up":[{"embeddable":true,"href":"https:\/\/www.diocesi.torino.it\/socialeelavoro\/wp-json\/wp\/v2\/pages\/773"}],"wp:featuredmedia":[{"embeddable":true,"href":"https:\/\/www.diocesi.torino.it\/socialeelavoro\/wp-json\/wp\/v2\/media\/1595"}],"wp:attachment":[{"href":"https:\/\/www.diocesi.torino.it\/socialeelavoro\/wp-json\/wp\/v2\/media?parent=775"}],"curies":[{"name":"wp","href":"https:\/\/api.w.org\/{rel}","templated":true}]}}