{"id":785,"date":"2010-06-08T12:11:00","date_gmt":"2010-06-08T10:11:00","guid":{"rendered":"http:\/\/www.diocesi.torino.it\/socialeelavoro\/regione-eccl-piemontese\/iniziative\/atti-ritiro-dei-sindacalisti\/"},"modified":"2017-05-16T13:24:21","modified_gmt":"2017-05-16T11:24:21","slug":"atti-ritiro-dei-sindacalisti","status":"publish","type":"page","link":"https:\/\/www.diocesi.torino.it\/socialeelavoro\/regione-eccl-piemontese\/iniziative\/atti-ritiro-dei-sindacalisti\/","title":{"rendered":"Atti ritiro dei sindacalisti"},"content":{"rendered":"<div id=\"pl-785\"  class=\"panel-layout\" ><div id=\"pg-785-0\"  class=\"panel-grid panel-no-style\" ><div id=\"pgc-785-0-0\"  class=\"panel-grid-cell\" ><div id=\"panel-785-0-0-0\" class=\"so-panel widget widget_sow-editor panel-first-child panel-last-child\" data-index=\"0\" ><div\n\t\t\t\n\t\t\tclass=\"so-widget-sow-editor so-widget-sow-editor-base\"\n\t\t\t\n\t\t>\n<div class=\"siteorigin-widget-tinymce textwidget\">\n\t<div>\n<div><span style=\"font-size: medium\"><span style=\"color: #800000\"><strong><em>Riflessione spirituale ed etica<\/em><\/strong><\/span><\/span><\/div>\n<div>\u00a0<\/div>\n<div><span style=\"color: #0000ff\">E\u0092 un appuntamento annuale che offre l\u0092opportunit\u00e0 di riflettere insieme, con l\u0092intento di condividere le motivazioni anche spirituali che ci portano a vivere le complesse situazioni nel mondo del lavoro. <\/span><\/div>\n<div>\u00a0<\/div>\n<div>\u00a0<\/div>\n<div><span style=\"font-family: Arial\">\"Per il sindacalista non c'\u00e8 un momento di quiete, c'\u00e8 sempre la necessit\u00e0 di costruire nel mondo del lavoro le condizioni che permettono agli uomini di essere considerate persone, attraverso l\u0092esercizio di una relazione basata sull\u0092ascolto\u0094<\/span><\/div>\n<div><span style=\"font-family: Arial\"><em>(Un sindacalista)<\/em><\/span><\/div>\n<div>\u00a0<\/div>\n<div>\u00a0<\/div>\n<div>\u0093<span style=\"font-family: Arial\">Le organizzazioni sindacali, perseguendo il loro fine specifico del bene comune, sono un fattore costruttivo di ordine sociale e di solidariet\u00e0 e quindi un elemento indispensabile della vita sociale\u0094.<\/span><\/div>\n<div><span style=\"font-family: Arial\"><em>(Compendio Dottrina Sociale della Chiesa n. 305)<\/em><\/span><\/div>\n<div>\u00a0<\/div>\n<div><span style=\"color: #0000ff\"><span style=\"font-size: larger\"><span style=\"font-family: Tahoma\"><\/p>\n<div>Di seguito trovate gli atti degli incontri svolti negli ultimi anni<\/div>\n<p><\/span><\/span><\/span><\/div>\n<\/div>\n<\/div>\n<\/div><\/div><\/div><\/div><\/div><hr class=\"wpba_attachment_hr\"><div id='wpba_attachment_list' class='wpba wpba-wrap'>\n<ul class='wpba-attachment-list unstyled'><li id='wpba_attachment_list_1605' class='wpba-list-item pull-left'><img src='https:\/\/www.diocesi.torino.it\/socialeelavoro\/wp-content\/themes\/wp-starter-so\/icons\/document.png' width='16' height='20' class='wpba-icon pull-left'><a href='https:\/\/www.diocesi.torino.it\/socialeelavoro\/wp-content\/uploads\/sites\/8\/2017\/05\/atti-seminario-sindacalisti-2011.pdf' title='atti-seminario-sindacalisti-2011' class='wpba-link pull-left' target=\"_blank\">atti-seminario-sindacalisti-2011<\/a><\/li>\n<li id='wpba_attachment_list_1606' class='wpba-list-item pull-left'><img src='https:\/\/www.diocesi.torino.it\/socialeelavoro\/wp-content\/themes\/wp-starter-so\/icons\/document.png' width='16' height='20' class='wpba-icon pull-left'><a href='https:\/\/www.diocesi.torino.it\/socialeelavoro\/wp-content\/uploads\/sites\/8\/2017\/05\/Foglio-di-collegamento-sindacalisti.pdf' title='Foglio-di-collegamento-sindacalisti' class='wpba-link pull-left' target=\"_blank\">Foglio-di-collegamento-sindacalisti<\/a><\/li>\n<li id='wpba_attachment_list_1607' class='wpba-list-item pull-left'><img src='https:\/\/www.diocesi.torino.it\/socialeelavoro\/wp-content\/themes\/wp-starter-so\/icons\/document.png' width='16' height='20' class='wpba-icon pull-left'><a href='https:\/\/www.diocesi.torino.it\/socialeelavoro\/wp-content\/uploads\/sites\/8\/2017\/05\/Foglio-di-collegamento-sindacalisti-_2_-_5_.pdf' title='Foglio-di-collegamento-sindacalisti-_2_-_5_' class='wpba-link pull-left' target=\"_blank\">Foglio-di-collegamento-sindacalisti-_2_-_5_<\/a><\/li>\n<\/ul><\/div>\n","protected":false},"excerpt":{"rendered":"<p>Riflessione spirituale ed etica\u00a0E\u0092 un appuntamento annuale che offre l\u0092opportunit\u00e0 di riflettere insieme, con l\u0092intento di condividere le motivazioni anche spirituali che ci portano a vivere le complesse situazioni nel mondo del lavoro. \u00a0\u00a0&#8220;Per il sindacalista non c&#8217;\u00e8 un momento di quiete, c&#8217;\u00e8 sempre la necessit\u00e0 di costruire nel mondo del lavoro le condizioni che permettono agli uomini di essere considerate persone, attraverso l\u0092esercizio di &hellip; <a href=\"https:\/\/www.diocesi.torino.it\/socialeelavoro\/regione-eccl-piemontese\/iniziative\/atti-ritiro-dei-sindacalisti\/\" class=\"more-link\">Continua a leggere <span class=\"screen-reader-text\"><\/span> <span class=\"meta-nav\">&raquo;<\/span><\/a><\/p>\n","protected":false},"author":1,"featured_media":0,"parent":783,"menu_order":0,"comment_status":"closed","ping_status":"closed","template":"","meta":{"ip_address":"","user_agent":"","level":"","revision":"","cookie_id":"","page_referer":"","html_form":"","_expiration-date-status":"","_expiration-date":0,"_expiration-date-type":"","_expiration-date-categories":[],"_expiration-date-options":[]},"acf":[],"yoast_head":"<!-- This site is optimized with the Yoast SEO plugin v20.8 - https:\/\/yoast.com\/wordpress\/plugins\/seo\/ -->\n<title>Atti ritiro dei sindacalisti - Pastorale Sociale e del Lavoro<\/title>\n<meta name=\"robots\" content=\"index, follow, max-snippet:-1, max-image-preview:large, max-video-preview:-1\" \/>\n<link rel=\"canonical\" href=\"https:\/\/www.diocesi.torino.it\/socialeelavoro\/regione-eccl-piemontese\/iniziative\/atti-ritiro-dei-sindacalisti\/\" \/>\n<meta property=\"og:locale\" content=\"it_IT\" \/>\n<meta property=\"og:type\" content=\"article\" \/>\n<meta property=\"og:title\" content=\"Atti ritiro dei sindacalisti - Pastorale Sociale e del Lavoro\" \/>\n<meta property=\"og:description\" content=\"Riflessione spirituale ed etica\u00a0E\u0092 un appuntamento annuale che offre l\u0092opportunit\u00e0 di riflettere insieme, con l\u0092intento di condividere le motivazioni anche spirituali che ci portano a vivere le complesse situazioni nel mondo del lavoro. \u00a0\u00a0&quot;Per il sindacalista non c&#039;\u00e8 un momento di quiete, c&#039;\u00e8 sempre la necessit\u00e0 di costruire nel mondo del lavoro le condizioni che permettono agli uomini di essere considerate persone, attraverso l\u0092esercizio di &hellip; Continua a leggere &raquo;\" \/>\n<meta property=\"og:url\" content=\"https:\/\/www.diocesi.torino.it\/socialeelavoro\/regione-eccl-piemontese\/iniziative\/atti-ritiro-dei-sindacalisti\/\" \/>\n<meta property=\"og:site_name\" content=\"Pastorale Sociale e del Lavoro\" \/>\n<meta property=\"article:modified_time\" content=\"2017-05-16T11:24:21+00:00\" \/>\n<meta name=\"twitter:card\" content=\"summary_large_image\" \/>\n<meta name=\"twitter:label1\" content=\"Tempo di lettura stimato\" \/>\n\t<meta name=\"twitter:data1\" content=\"1 minuto\" \/>\n<script type=\"application\/ld+json\" class=\"yoast-schema-graph\">{\"@context\":\"https:\/\/schema.org\",\"@graph\":[{\"@type\":\"WebPage\",\"@id\":\"https:\/\/www.diocesi.torino.it\/socialeelavoro\/regione-eccl-piemontese\/iniziative\/atti-ritiro-dei-sindacalisti\/\",\"url\":\"https:\/\/www.diocesi.torino.it\/socialeelavoro\/regione-eccl-piemontese\/iniziative\/atti-ritiro-dei-sindacalisti\/\",\"name\":\"Atti ritiro dei sindacalisti - Pastorale Sociale e del Lavoro\",\"isPartOf\":{\"@id\":\"https:\/\/www.diocesi.torino.it\/socialeelavoro\/#website\"},\"datePublished\":\"2010-06-08T10:11:00+00:00\",\"dateModified\":\"2017-05-16T11:24:21+00:00\",\"breadcrumb\":{\"@id\":\"https:\/\/www.diocesi.torino.it\/socialeelavoro\/regione-eccl-piemontese\/iniziative\/atti-ritiro-dei-sindacalisti\/#breadcrumb\"},\"inLanguage\":\"it-IT\",\"potentialAction\":[{\"@type\":\"ReadAction\",\"target\":[\"https:\/\/www.diocesi.torino.it\/socialeelavoro\/regione-eccl-piemontese\/iniziative\/atti-ritiro-dei-sindacalisti\/\"]}]},{\"@type\":\"BreadcrumbList\",\"@id\":\"https:\/\/www.diocesi.torino.it\/socialeelavoro\/regione-eccl-piemontese\/iniziative\/atti-ritiro-dei-sindacalisti\/#breadcrumb\",\"itemListElement\":[{\"@type\":\"ListItem\",\"position\":1,\"name\":\"Home\",\"item\":\"https:\/\/www.diocesi.torino.it\/socialeelavoro\/\"},{\"@type\":\"ListItem\",\"position\":2,\"name\":\"Regione Eccl. Piemontese\",\"item\":\"https:\/\/www.diocesi.torino.it\/socialeelavoro\/regione-eccl-piemontese\/\"},{\"@type\":\"ListItem\",\"position\":3,\"name\":\"Iniziative\",\"item\":\"https:\/\/www.diocesi.torino.it\/socialeelavoro\/regione-eccl-piemontese\/iniziative\/\"},{\"@type\":\"ListItem\",\"position\":4,\"name\":\"Atti ritiro dei sindacalisti\"}]},{\"@type\":\"WebSite\",\"@id\":\"https:\/\/www.diocesi.torino.it\/socialeelavoro\/#website\",\"url\":\"https:\/\/www.diocesi.torino.it\/socialeelavoro\/\",\"name\":\"Pastorale Sociale e del Lavoro\",\"description\":\"\",\"publisher\":{\"@id\":\"https:\/\/www.diocesi.torino.it\/socialeelavoro\/#organization\"},\"potentialAction\":[{\"@type\":\"SearchAction\",\"target\":{\"@type\":\"EntryPoint\",\"urlTemplate\":\"https:\/\/www.diocesi.torino.it\/socialeelavoro\/?s={search_term_string}\"},\"query-input\":\"required name=search_term_string\"}],\"inLanguage\":\"it-IT\"},{\"@type\":\"Organization\",\"@id\":\"https:\/\/www.diocesi.torino.it\/socialeelavoro\/#organization\",\"name\":\"Pastorale Sociale e del Lavoro\",\"url\":\"https:\/\/www.diocesi.torino.it\/socialeelavoro\/\",\"logo\":{\"@type\":\"ImageObject\",\"inLanguage\":\"it-IT\",\"@id\":\"https:\/\/www.diocesi.torino.it\/socialeelavoro\/#\/schema\/logo\/image\/\",\"url\":\"https:\/\/www.diocesi.torino.it\/socialeelavoro\/wp-content\/uploads\/sites\/8\/2021\/03\/upl_logo_black.png\",\"contentUrl\":\"https:\/\/www.diocesi.torino.it\/socialeelavoro\/wp-content\/uploads\/sites\/8\/2021\/03\/upl_logo_black.png\",\"width\":300,\"height\":300,\"caption\":\"Pastorale Sociale e del Lavoro\"},\"image\":{\"@id\":\"https:\/\/www.diocesi.torino.it\/socialeelavoro\/#\/schema\/logo\/image\/\"}}]}<\/script>\n<!-- \/ Yoast SEO plugin. -->","yoast_head_json":{"title":"Atti ritiro dei sindacalisti - Pastorale Sociale e del Lavoro","robots":{"index":"index","follow":"follow","max-snippet":"max-snippet:-1","max-image-preview":"max-image-preview:large","max-video-preview":"max-video-preview:-1"},"canonical":"https:\/\/www.diocesi.torino.it\/socialeelavoro\/regione-eccl-piemontese\/iniziative\/atti-ritiro-dei-sindacalisti\/","og_locale":"it_IT","og_type":"article","og_title":"Atti ritiro dei sindacalisti - Pastorale Sociale e del Lavoro","og_description":"Riflessione spirituale ed etica\u00a0E\u0092 un appuntamento annuale che offre l\u0092opportunit\u00e0 di riflettere insieme, con l\u0092intento di condividere le motivazioni anche spirituali che ci portano a vivere le complesse situazioni nel mondo del lavoro. \u00a0\u00a0\"Per il sindacalista non c'\u00e8 un momento di quiete, c'\u00e8 sempre la necessit\u00e0 di costruire nel mondo del lavoro le condizioni che permettono agli uomini di essere considerate persone, attraverso l\u0092esercizio di &hellip; Continua a leggere &raquo;","og_url":"https:\/\/www.diocesi.torino.it\/socialeelavoro\/regione-eccl-piemontese\/iniziative\/atti-ritiro-dei-sindacalisti\/","og_site_name":"Pastorale Sociale e del Lavoro","article_modified_time":"2017-05-16T11:24:21+00:00","twitter_card":"summary_large_image","twitter_misc":{"Tempo di lettura stimato":"1 minuto"},"schema":{"@context":"https:\/\/schema.org","@graph":[{"@type":"WebPage","@id":"https:\/\/www.diocesi.torino.it\/socialeelavoro\/regione-eccl-piemontese\/iniziative\/atti-ritiro-dei-sindacalisti\/","url":"https:\/\/www.diocesi.torino.it\/socialeelavoro\/regione-eccl-piemontese\/iniziative\/atti-ritiro-dei-sindacalisti\/","name":"Atti ritiro dei sindacalisti - Pastorale Sociale e del Lavoro","isPartOf":{"@id":"https:\/\/www.diocesi.torino.it\/socialeelavoro\/#website"},"datePublished":"2010-06-08T10:11:00+00:00","dateModified":"2017-05-16T11:24:21+00:00","breadcrumb":{"@id":"https:\/\/www.diocesi.torino.it\/socialeelavoro\/regione-eccl-piemontese\/iniziative\/atti-ritiro-dei-sindacalisti\/#breadcrumb"},"inLanguage":"it-IT","potentialAction":[{"@type":"ReadAction","target":["https:\/\/www.diocesi.torino.it\/socialeelavoro\/regione-eccl-piemontese\/iniziative\/atti-ritiro-dei-sindacalisti\/"]}]},{"@type":"BreadcrumbList","@id":"https:\/\/www.diocesi.torino.it\/socialeelavoro\/regione-eccl-piemontese\/iniziative\/atti-ritiro-dei-sindacalisti\/#breadcrumb","itemListElement":[{"@type":"ListItem","position":1,"name":"Home","item":"https:\/\/www.diocesi.torino.it\/socialeelavoro\/"},{"@type":"ListItem","position":2,"name":"Regione Eccl. Piemontese","item":"https:\/\/www.diocesi.torino.it\/socialeelavoro\/regione-eccl-piemontese\/"},{"@type":"ListItem","position":3,"name":"Iniziative","item":"https:\/\/www.diocesi.torino.it\/socialeelavoro\/regione-eccl-piemontese\/iniziative\/"},{"@type":"ListItem","position":4,"name":"Atti ritiro dei sindacalisti"}]},{"@type":"WebSite","@id":"https:\/\/www.diocesi.torino.it\/socialeelavoro\/#website","url":"https:\/\/www.diocesi.torino.it\/socialeelavoro\/","name":"Pastorale Sociale e del Lavoro","description":"","publisher":{"@id":"https:\/\/www.diocesi.torino.it\/socialeelavoro\/#organization"},"potentialAction":[{"@type":"SearchAction","target":{"@type":"EntryPoint","urlTemplate":"https:\/\/www.diocesi.torino.it\/socialeelavoro\/?s={search_term_string}"},"query-input":"required name=search_term_string"}],"inLanguage":"it-IT"},{"@type":"Organization","@id":"https:\/\/www.diocesi.torino.it\/socialeelavoro\/#organization","name":"Pastorale Sociale e del Lavoro","url":"https:\/\/www.diocesi.torino.it\/socialeelavoro\/","logo":{"@type":"ImageObject","inLanguage":"it-IT","@id":"https:\/\/www.diocesi.torino.it\/socialeelavoro\/#\/schema\/logo\/image\/","url":"https:\/\/www.diocesi.torino.it\/socialeelavoro\/wp-content\/uploads\/sites\/8\/2021\/03\/upl_logo_black.png","contentUrl":"https:\/\/www.diocesi.torino.it\/socialeelavoro\/wp-content\/uploads\/sites\/8\/2021\/03\/upl_logo_black.png","width":300,"height":300,"caption":"Pastorale Sociale e del Lavoro"},"image":{"@id":"https:\/\/www.diocesi.torino.it\/socialeelavoro\/#\/schema\/logo\/image\/"}}]}},"_links":{"self":[{"href":"https:\/\/www.diocesi.torino.it\/socialeelavoro\/wp-json\/wp\/v2\/pages\/785"}],"collection":[{"href":"https:\/\/www.diocesi.torino.it\/socialeelavoro\/wp-json\/wp\/v2\/pages"}],"about":[{"href":"https:\/\/www.diocesi.torino.it\/socialeelavoro\/wp-json\/wp\/v2\/types\/page"}],"author":[{"embeddable":true,"href":"https:\/\/www.diocesi.torino.it\/socialeelavoro\/wp-json\/wp\/v2\/users\/1"}],"replies":[{"embeddable":true,"href":"https:\/\/www.diocesi.torino.it\/socialeelavoro\/wp-json\/wp\/v2\/comments?post=785"}],"version-history":[{"count":3,"href":"https:\/\/www.diocesi.torino.it\/socialeelavoro\/wp-json\/wp\/v2\/pages\/785\/revisions"}],"predecessor-version":[{"id":1604,"href":"https:\/\/www.diocesi.torino.it\/socialeelavoro\/wp-json\/wp\/v2\/pages\/785\/revisions\/1604"}],"up":[{"embeddable":true,"href":"https:\/\/www.diocesi.torino.it\/socialeelavoro\/wp-json\/wp\/v2\/pages\/783"}],"wp:attachment":[{"href":"https:\/\/www.diocesi.torino.it\/socialeelavoro\/wp-json\/wp\/v2\/media?parent=785"}],"curies":[{"name":"wp","href":"https:\/\/api.w.org\/{rel}","templated":true}]}}