{"id":852,"date":"2011-04-23T15:35:00","date_gmt":"2011-04-23T13:35:00","guid":{"rendered":"http:\/\/www.diocesi.torino.it\/socialeelavoro\/regione-eccl-piemontese\/giornate-nazionali-e-regionali\/giornate-di-solidarieta-2011\/"},"modified":"2017-05-16T13:25:35","modified_gmt":"2017-05-16T11:25:35","slug":"giornate-di-solidarieta-2011","status":"publish","type":"page","link":"https:\/\/www.diocesi.torino.it\/socialeelavoro\/regione-eccl-piemontese\/giornate-nazionali-e-regionali\/giornate-di-solidarieta-2011\/","title":{"rendered":"Giornate di solidariet\u00e0 2011"},"content":{"rendered":"<div id=\"pl-852\"  class=\"panel-layout\" ><div id=\"pg-852-0\"  class=\"panel-grid panel-no-style\" ><div id=\"pgc-852-0-0\"  class=\"panel-grid-cell\" ><div id=\"panel-852-0-0-0\" class=\"so-panel widget widget_sow-editor panel-first-child panel-last-child\" data-index=\"0\" ><div\n\t\t\t\n\t\t\tclass=\"so-widget-sow-editor so-widget-sow-editor-base\"\n\t\t\t\n\t\t>\n<div class=\"siteorigin-widget-tinymce textwidget\">\n\t<div><span times=\"\" new=\"\" style=\"font-family: \">Il lavoro \u00e8 oggi per molti giovani, ma anche per tanti adulti che lo perdono, una vera e propria \u0093impresa\u0094, intendendo con questo modo popolare di parlare che oggi diventa difficile sia acquisirlo che essere sicuri di mantenerlo. Il mercato del lavoro \u00e8 diventato talmente veloce che non considera pi\u00f9 la stabilit\u00e0 un valore, richiedendo prestazioni temporanee che non permettono n\u00e9 di entrare realmente in relazione profonda con le persone n\u00e9 di acquisire conoscenze capaci di permettere una reale progressione professionale.<\/span><\/div>\n<\/div>\n<\/div><\/div><\/div><\/div><\/div><hr class=\"wpba_attachment_hr\"><div id='wpba_attachment_list' class='wpba wpba-wrap'>\n<ul class='wpba-attachment-list unstyled'><li id='wpba_attachment_list_1673' class='wpba-list-item pull-left'><img src='https:\/\/www.diocesi.torino.it\/socialeelavoro\/wp-content\/themes\/wp-starter-so\/icons\/document.png' width='16' height='20' class='wpba-icon pull-left'><a href='https:\/\/www.diocesi.torino.it\/socialeelavoro\/wp-content\/uploads\/sites\/8\/2017\/05\/locandina-regionale-_2_.pdf' title='locandina-regionale-_2_' class='wpba-link pull-left' target=\"_blank\">locandina-regionale-_2_<\/a><\/li>\n<li id='wpba_attachment_list_1674' class='wpba-list-item pull-left'><img src='https:\/\/www.diocesi.torino.it\/socialeelavoro\/wp-content\/themes\/wp-starter-so\/icons\/document.png' width='16' height='20' class='wpba-icon pull-left'><a href='https:\/\/www.diocesi.torino.it\/socialeelavoro\/wp-content\/uploads\/sites\/8\/2017\/05\/LOCANDINA-1.pdf' title='LOCANDINA-1' class='wpba-link pull-left' target=\"_blank\">LOCANDINA-1<\/a><\/li>\n<li id='wpba_attachment_list_1675' class='wpba-list-item pull-left'><img src='https:\/\/www.diocesi.torino.it\/socialeelavoro\/wp-content\/themes\/wp-starter-so\/icons\/document.png' width='16' height='20' class='wpba-icon pull-left'><a href='https:\/\/www.diocesi.torino.it\/socialeelavoro\/wp-content\/uploads\/sites\/8\/2017\/05\/sussidioemail-2011.doc' title='sussidioemail-2011' class='wpba-link pull-left' target=\"_blank\">sussidioemail-2011<\/a><\/li>\n<\/ul><\/div>\n","protected":false},"excerpt":{"rendered":"<p>Il lavoro \u00e8 oggi per molti giovani, ma anche per tanti adulti che lo perdono, una vera e propria \u0093impresa\u0094, intendendo con questo modo popolare di parlare che oggi diventa difficile sia acquisirlo che essere sicuri di mantenerlo. Il mercato del lavoro \u00e8 diventato talmente veloce che non considera pi\u00f9 la stabilit\u00e0 un valore, richiedendo prestazioni temporanee che non permettono n\u00e9 di entrare realmente in &hellip; <a href=\"https:\/\/www.diocesi.torino.it\/socialeelavoro\/regione-eccl-piemontese\/giornate-nazionali-e-regionali\/giornate-di-solidarieta-2011\/\" class=\"more-link\">Continua a leggere <span class=\"screen-reader-text\"><\/span> <span class=\"meta-nav\">&raquo;<\/span><\/a><\/p>\n","protected":false},"author":1,"featured_media":1672,"parent":850,"menu_order":0,"comment_status":"closed","ping_status":"closed","template":"","meta":{"ip_address":"","user_agent":"","level":"","revision":"","cookie_id":"","page_referer":"","html_form":"","_expiration-date-status":"","_expiration-date":0,"_expiration-date-type":"","_expiration-date-categories":[],"_expiration-date-options":[]},"acf":[],"yoast_head":"<!-- This site is optimized with the Yoast SEO plugin v20.8 - https:\/\/yoast.com\/wordpress\/plugins\/seo\/ -->\n<title>Giornate di solidariet\u00e0 2011 - Pastorale Sociale e del Lavoro<\/title>\n<meta name=\"robots\" content=\"index, follow, max-snippet:-1, max-image-preview:large, max-video-preview:-1\" \/>\n<link rel=\"canonical\" href=\"https:\/\/www.diocesi.torino.it\/socialeelavoro\/regione-eccl-piemontese\/giornate-nazionali-e-regionali\/giornate-di-solidarieta-2011\/\" \/>\n<meta property=\"og:locale\" content=\"it_IT\" \/>\n<meta property=\"og:type\" content=\"article\" \/>\n<meta property=\"og:title\" content=\"Giornate di solidariet\u00e0 2011 - Pastorale Sociale e del Lavoro\" \/>\n<meta property=\"og:description\" content=\"Il lavoro \u00e8 oggi per molti giovani, ma anche per tanti adulti che lo perdono, una vera e propria \u0093impresa\u0094, intendendo con questo modo popolare di parlare che oggi diventa difficile sia acquisirlo che essere sicuri di mantenerlo. Il mercato del lavoro \u00e8 diventato talmente veloce che non considera pi\u00f9 la stabilit\u00e0 un valore, richiedendo prestazioni temporanee che non permettono n\u00e9 di entrare realmente in &hellip; Continua a leggere &raquo;\" \/>\n<meta property=\"og:url\" content=\"https:\/\/www.diocesi.torino.it\/socialeelavoro\/regione-eccl-piemontese\/giornate-nazionali-e-regionali\/giornate-di-solidarieta-2011\/\" \/>\n<meta property=\"og:site_name\" content=\"Pastorale Sociale e del Lavoro\" \/>\n<meta property=\"article:modified_time\" content=\"2017-05-16T11:25:35+00:00\" \/>\n<meta property=\"og:image\" content=\"https:\/\/www.diocesi.torino.it\/socialeelavoro\/wp-content\/uploads\/sites\/8\/2017\/05\/1277485299Solidarieta.jpg\" \/>\n\t<meta property=\"og:image:width\" content=\"355\" \/>\n\t<meta property=\"og:image:height\" content=\"414\" \/>\n\t<meta property=\"og:image:type\" content=\"image\/jpeg\" \/>\n<meta name=\"twitter:card\" content=\"summary_large_image\" \/>\n<script type=\"application\/ld+json\" class=\"yoast-schema-graph\">{\"@context\":\"https:\/\/schema.org\",\"@graph\":[{\"@type\":\"WebPage\",\"@id\":\"https:\/\/www.diocesi.torino.it\/socialeelavoro\/regione-eccl-piemontese\/giornate-nazionali-e-regionali\/giornate-di-solidarieta-2011\/\",\"url\":\"https:\/\/www.diocesi.torino.it\/socialeelavoro\/regione-eccl-piemontese\/giornate-nazionali-e-regionali\/giornate-di-solidarieta-2011\/\",\"name\":\"Giornate di solidariet\u00e0 2011 - Pastorale Sociale e del Lavoro\",\"isPartOf\":{\"@id\":\"https:\/\/www.diocesi.torino.it\/socialeelavoro\/#website\"},\"datePublished\":\"2011-04-23T13:35:00+00:00\",\"dateModified\":\"2017-05-16T11:25:35+00:00\",\"breadcrumb\":{\"@id\":\"https:\/\/www.diocesi.torino.it\/socialeelavoro\/regione-eccl-piemontese\/giornate-nazionali-e-regionali\/giornate-di-solidarieta-2011\/#breadcrumb\"},\"inLanguage\":\"it-IT\",\"potentialAction\":[{\"@type\":\"ReadAction\",\"target\":[\"https:\/\/www.diocesi.torino.it\/socialeelavoro\/regione-eccl-piemontese\/giornate-nazionali-e-regionali\/giornate-di-solidarieta-2011\/\"]}]},{\"@type\":\"BreadcrumbList\",\"@id\":\"https:\/\/www.diocesi.torino.it\/socialeelavoro\/regione-eccl-piemontese\/giornate-nazionali-e-regionali\/giornate-di-solidarieta-2011\/#breadcrumb\",\"itemListElement\":[{\"@type\":\"ListItem\",\"position\":1,\"name\":\"Home\",\"item\":\"https:\/\/www.diocesi.torino.it\/socialeelavoro\/\"},{\"@type\":\"ListItem\",\"position\":2,\"name\":\"Regione Eccl. Piemontese\",\"item\":\"https:\/\/www.diocesi.torino.it\/socialeelavoro\/regione-eccl-piemontese\/\"},{\"@type\":\"ListItem\",\"position\":3,\"name\":\"Giornate Nazionali e Regionali\",\"item\":\"https:\/\/www.diocesi.torino.it\/socialeelavoro\/regione-eccl-piemontese\/giornate-nazionali-e-regionali\/\"},{\"@type\":\"ListItem\",\"position\":4,\"name\":\"Giornate di solidariet\u00e0 2011\"}]},{\"@type\":\"WebSite\",\"@id\":\"https:\/\/www.diocesi.torino.it\/socialeelavoro\/#website\",\"url\":\"https:\/\/www.diocesi.torino.it\/socialeelavoro\/\",\"name\":\"Pastorale Sociale e del Lavoro\",\"description\":\"\",\"publisher\":{\"@id\":\"https:\/\/www.diocesi.torino.it\/socialeelavoro\/#organization\"},\"potentialAction\":[{\"@type\":\"SearchAction\",\"target\":{\"@type\":\"EntryPoint\",\"urlTemplate\":\"https:\/\/www.diocesi.torino.it\/socialeelavoro\/?s={search_term_string}\"},\"query-input\":\"required name=search_term_string\"}],\"inLanguage\":\"it-IT\"},{\"@type\":\"Organization\",\"@id\":\"https:\/\/www.diocesi.torino.it\/socialeelavoro\/#organization\",\"name\":\"Pastorale Sociale e del Lavoro\",\"url\":\"https:\/\/www.diocesi.torino.it\/socialeelavoro\/\",\"logo\":{\"@type\":\"ImageObject\",\"inLanguage\":\"it-IT\",\"@id\":\"https:\/\/www.diocesi.torino.it\/socialeelavoro\/#\/schema\/logo\/image\/\",\"url\":\"https:\/\/www.diocesi.torino.it\/socialeelavoro\/wp-content\/uploads\/sites\/8\/2021\/03\/upl_logo_black.png\",\"contentUrl\":\"https:\/\/www.diocesi.torino.it\/socialeelavoro\/wp-content\/uploads\/sites\/8\/2021\/03\/upl_logo_black.png\",\"width\":300,\"height\":300,\"caption\":\"Pastorale Sociale e del Lavoro\"},\"image\":{\"@id\":\"https:\/\/www.diocesi.torino.it\/socialeelavoro\/#\/schema\/logo\/image\/\"}}]}<\/script>\n<!-- \/ Yoast SEO plugin. -->","yoast_head_json":{"title":"Giornate di solidariet\u00e0 2011 - Pastorale Sociale e del Lavoro","robots":{"index":"index","follow":"follow","max-snippet":"max-snippet:-1","max-image-preview":"max-image-preview:large","max-video-preview":"max-video-preview:-1"},"canonical":"https:\/\/www.diocesi.torino.it\/socialeelavoro\/regione-eccl-piemontese\/giornate-nazionali-e-regionali\/giornate-di-solidarieta-2011\/","og_locale":"it_IT","og_type":"article","og_title":"Giornate di solidariet\u00e0 2011 - Pastorale Sociale e del Lavoro","og_description":"Il lavoro \u00e8 oggi per molti giovani, ma anche per tanti adulti che lo perdono, una vera e propria \u0093impresa\u0094, intendendo con questo modo popolare di parlare che oggi diventa difficile sia acquisirlo che essere sicuri di mantenerlo. Il mercato del lavoro \u00e8 diventato talmente veloce che non considera pi\u00f9 la stabilit\u00e0 un valore, richiedendo prestazioni temporanee che non permettono n\u00e9 di entrare realmente in &hellip; Continua a leggere &raquo;","og_url":"https:\/\/www.diocesi.torino.it\/socialeelavoro\/regione-eccl-piemontese\/giornate-nazionali-e-regionali\/giornate-di-solidarieta-2011\/","og_site_name":"Pastorale Sociale e del Lavoro","article_modified_time":"2017-05-16T11:25:35+00:00","og_image":[{"width":355,"height":414,"url":"https:\/\/www.diocesi.torino.it\/socialeelavoro\/wp-content\/uploads\/sites\/8\/2017\/05\/1277485299Solidarieta.jpg","type":"image\/jpeg"}],"twitter_card":"summary_large_image","schema":{"@context":"https:\/\/schema.org","@graph":[{"@type":"WebPage","@id":"https:\/\/www.diocesi.torino.it\/socialeelavoro\/regione-eccl-piemontese\/giornate-nazionali-e-regionali\/giornate-di-solidarieta-2011\/","url":"https:\/\/www.diocesi.torino.it\/socialeelavoro\/regione-eccl-piemontese\/giornate-nazionali-e-regionali\/giornate-di-solidarieta-2011\/","name":"Giornate di solidariet\u00e0 2011 - Pastorale Sociale e del Lavoro","isPartOf":{"@id":"https:\/\/www.diocesi.torino.it\/socialeelavoro\/#website"},"datePublished":"2011-04-23T13:35:00+00:00","dateModified":"2017-05-16T11:25:35+00:00","breadcrumb":{"@id":"https:\/\/www.diocesi.torino.it\/socialeelavoro\/regione-eccl-piemontese\/giornate-nazionali-e-regionali\/giornate-di-solidarieta-2011\/#breadcrumb"},"inLanguage":"it-IT","potentialAction":[{"@type":"ReadAction","target":["https:\/\/www.diocesi.torino.it\/socialeelavoro\/regione-eccl-piemontese\/giornate-nazionali-e-regionali\/giornate-di-solidarieta-2011\/"]}]},{"@type":"BreadcrumbList","@id":"https:\/\/www.diocesi.torino.it\/socialeelavoro\/regione-eccl-piemontese\/giornate-nazionali-e-regionali\/giornate-di-solidarieta-2011\/#breadcrumb","itemListElement":[{"@type":"ListItem","position":1,"name":"Home","item":"https:\/\/www.diocesi.torino.it\/socialeelavoro\/"},{"@type":"ListItem","position":2,"name":"Regione Eccl. Piemontese","item":"https:\/\/www.diocesi.torino.it\/socialeelavoro\/regione-eccl-piemontese\/"},{"@type":"ListItem","position":3,"name":"Giornate Nazionali e Regionali","item":"https:\/\/www.diocesi.torino.it\/socialeelavoro\/regione-eccl-piemontese\/giornate-nazionali-e-regionali\/"},{"@type":"ListItem","position":4,"name":"Giornate di solidariet\u00e0 2011"}]},{"@type":"WebSite","@id":"https:\/\/www.diocesi.torino.it\/socialeelavoro\/#website","url":"https:\/\/www.diocesi.torino.it\/socialeelavoro\/","name":"Pastorale Sociale e del Lavoro","description":"","publisher":{"@id":"https:\/\/www.diocesi.torino.it\/socialeelavoro\/#organization"},"potentialAction":[{"@type":"SearchAction","target":{"@type":"EntryPoint","urlTemplate":"https:\/\/www.diocesi.torino.it\/socialeelavoro\/?s={search_term_string}"},"query-input":"required name=search_term_string"}],"inLanguage":"it-IT"},{"@type":"Organization","@id":"https:\/\/www.diocesi.torino.it\/socialeelavoro\/#organization","name":"Pastorale Sociale e del Lavoro","url":"https:\/\/www.diocesi.torino.it\/socialeelavoro\/","logo":{"@type":"ImageObject","inLanguage":"it-IT","@id":"https:\/\/www.diocesi.torino.it\/socialeelavoro\/#\/schema\/logo\/image\/","url":"https:\/\/www.diocesi.torino.it\/socialeelavoro\/wp-content\/uploads\/sites\/8\/2021\/03\/upl_logo_black.png","contentUrl":"https:\/\/www.diocesi.torino.it\/socialeelavoro\/wp-content\/uploads\/sites\/8\/2021\/03\/upl_logo_black.png","width":300,"height":300,"caption":"Pastorale Sociale e del Lavoro"},"image":{"@id":"https:\/\/www.diocesi.torino.it\/socialeelavoro\/#\/schema\/logo\/image\/"}}]}},"_links":{"self":[{"href":"https:\/\/www.diocesi.torino.it\/socialeelavoro\/wp-json\/wp\/v2\/pages\/852"}],"collection":[{"href":"https:\/\/www.diocesi.torino.it\/socialeelavoro\/wp-json\/wp\/v2\/pages"}],"about":[{"href":"https:\/\/www.diocesi.torino.it\/socialeelavoro\/wp-json\/wp\/v2\/types\/page"}],"author":[{"embeddable":true,"href":"https:\/\/www.diocesi.torino.it\/socialeelavoro\/wp-json\/wp\/v2\/users\/1"}],"replies":[{"embeddable":true,"href":"https:\/\/www.diocesi.torino.it\/socialeelavoro\/wp-json\/wp\/v2\/comments?post=852"}],"version-history":[{"count":3,"href":"https:\/\/www.diocesi.torino.it\/socialeelavoro\/wp-json\/wp\/v2\/pages\/852\/revisions"}],"predecessor-version":[{"id":1671,"href":"https:\/\/www.diocesi.torino.it\/socialeelavoro\/wp-json\/wp\/v2\/pages\/852\/revisions\/1671"}],"up":[{"embeddable":true,"href":"https:\/\/www.diocesi.torino.it\/socialeelavoro\/wp-json\/wp\/v2\/pages\/850"}],"wp:featuredmedia":[{"embeddable":true,"href":"https:\/\/www.diocesi.torino.it\/socialeelavoro\/wp-json\/wp\/v2\/media\/1672"}],"wp:attachment":[{"href":"https:\/\/www.diocesi.torino.it\/socialeelavoro\/wp-json\/wp\/v2\/media?parent=852"}],"curies":[{"name":"wp","href":"https:\/\/api.w.org\/{rel}","templated":true}]}}