{"id":334,"date":"2011-06-20T13:35:00","date_gmt":"2011-06-20T11:35:00","guid":{"rendered":"http:\/\/www.diocesi.torino.it\/terzaeta\/link-utili-ufficio-anziani\/associazione-non-piu-da-soli\/"},"modified":"2017-05-19T08:59:17","modified_gmt":"2017-05-19T06:59:17","slug":"associazione-non-piu-da-soli","status":"publish","type":"page","link":"https:\/\/www.diocesi.torino.it\/terzaeta\/link-utili-ufficio-anziani\/associazione-non-piu-da-soli\/","title":{"rendered":"Associazione &#8211; Non pi\u00f9 da Soli"},"content":{"rendered":"<div id=\"pl-334\"  class=\"panel-layout\" ><div id=\"pg-334-0\"  class=\"panel-grid panel-no-style\" ><div id=\"pgc-334-0-0\"  class=\"panel-grid-cell\" ><div id=\"panel-334-0-0-0\" class=\"so-panel widget widget_sow-editor panel-first-child panel-last-child\" data-index=\"0\" ><div\n\t\t\t\n\t\t\tclass=\"so-widget-sow-editor so-widget-sow-editor-base\"\n\t\t\t\n\t\t>\n<div class=\"siteorigin-widget-tinymce textwidget\">\n\t<div><em><strong><span style=\"color: #339966\">Il progetto - <\/span><\/strong><\/em><em><strong><span style=\"color: #339966\">Non pi\u00f9 da soli<\/span><\/strong><\/em><\/p>\n<div>Questo \u00e8 il progetto per cui nasce l\u0092Associazione. E\u0092 un\u0092iniziativa rivolta a studenti universitari la cui residenza \u00e8 lontano dalla citt\u00e0 dove ha sede la propria facolt\u00e0 e agli anziani, completamente autosufficienti, che vivono soli e hanno una camera vuota nel proprio alloggio.<\/div>\n<div>Il fine del progetto \u00e8 duplice, da un lato andare incontro all\u0092esigenza di molti studenti di trovare un posto letto, dall\u0092altro fornire compagnia all\u0092anziano soprattutto nelle ore notturne oltre ad aiutarlo nelle piccole commissioni della vita quotidiana.<\/div>\n<div>\u00a0<\/div>\n<div><em><span style=\"color: #339966\"><strong>Chi Siamo<\/strong><\/span><\/em><\/div>\n<div>\n<div>L\u0092Associazione \u0093Non pi\u00f9 da Soli \u0096 Edera\u0094, nasce nel 2000 dalla consapevolezza da parte di alcuni studenti universitari dell\u0092importanza dell\u0092attivit\u00e0 sociale nei territori di vita, con l\u0092obiettivo di sviluppare, attraverso la cooperazione sociale, partecipazione e protagonismo in progetti che favoriscano il mantenimento del maggior grado di autonomia possibile per gli anziani in difficolt\u00e0.<\/div>\n<div>Obiettivo primario \u00e8 creare e sostenere rapporti privilegiati e importanti tra persone che vengono tradizionalmente considerate distanti e dagli interessi inconciliabili.<\/div>\n<div>\u00a0<\/div>\n<div>\u00a0<\/div>\n<div><span style=\"color: #339966\"><em><strong>L\u0092Aiuto Intergenerazionale<\/strong><\/em><\/span><\/div>\n<div>L\u0092Associazione Non pi\u00f9 da Soli \u0096 Edera \u00e8 impegnata nelle seguenti attivit\u00e0 di sostegno agli anziani:<\/div>\n<div>\u00a0<\/div>\n<div>&#61558; l\u0092accompagnamento per la spesa<\/div>\n<div>&#61558; accompagnamento presso le strutture sanitarie<\/div>\n<div>&#61558; accompagnamento e disbrigo di pratiche burocratiche e da parenti<\/div>\n<div>&#61558; accompagnamento presso le strutture del tempo libero<\/div>\n<div>&#61558; compagnia a persone sole o a coppie di anziani rimasti soli con una scarsa rete parentale e amicale<\/div>\n<div>Organizza, inoltre, attivit\u00e0 ricreative e per il tempo libero, come gite, corsi di ginnastica dolce per anziani, laboratori manuali, cineforum.<\/div>\n<div>\u00a0<\/div>\n<div><strong><em><span style=\"color: #339966\">Dove ci trovate<\/span><\/em><\/strong><\/div>\n<div>Circoscrizione 3:<\/div>\n<div>Spazio Anziani \u0096 Via Osasco 80<\/div>\n<div>Luned\u00ec, marted\u00ec e venerd\u00ec 15.30 \/ 18.30<\/div>\n<div>Gioved\u00ec 9,00 \/ 12,00 e 15.30 \/ 18,30<\/div>\n<div>\u00a0<\/div>\n<div>\u00a0<\/div>\n<div>CST Via Asinari di Bernezzo 98<\/div>\n<div>Marted\u00ec dalle 16.30 alle 18.30<\/div>\n<div>Spazio Anziani Strada del Lionetto 15b<\/div>\n<div>Mercoled\u00ec dalle 15,00 alle 17,00<\/div>\n<div>\u00a0<\/div>\n<div>Circoscrizione 5, 7, 8 e Circoscrizione 10:<\/div>\n<div>All\u0092interno delle iniziative della Domiciliarit\u00e0 Leggera<\/div>\n<div>\u00a0<\/div>\n<div>Circoscrizione 8:<\/div>\n<div>Via Menabrea, 8<\/div>\n<div>Marted\u00ec e Gioved\u00ec dalle 15,30 alle 17,30<\/div>\n<div>CST Via Cellini<\/div>\n<div>Mercoled\u00ec dalle 15,30 alle 17,30<\/div>\n<div>\u00a0<\/div>\n<\/div>\n<div>Associazione Non pi\u00f9 da soli \u0096 Edera<\/p>\n<div>\u00a0<\/div>\n<div>Sede legale: Via Canova 5<\/div>\n<div>10126 Torino<\/div>\n<div>Tel 3472542955<\/div>\n<div>\u00a0<\/div>\n<\/div>\n<div>\u00a0<\/div>\n<\/div>\n<\/div>\n<\/div><\/div><\/div><\/div><\/div><hr class=\"wpba_attachment_hr\"><div id='wpba_attachment_list' class='wpba wpba-wrap'>\n<ul class='wpba-attachment-list unstyled'><li id='wpba_attachment_list_345' class='wpba-list-item pull-left'><img src='https:\/\/www.diocesi.torino.it\/terzaeta\/wp-content\/themes\/wp-starter-so\/icons\/document.png' width='16' height='20' class='wpba-icon pull-left'><a href='https:\/\/www.diocesi.torino.it\/terzaeta\/wp-content\/uploads\/sites\/13\/2017\/05\/Ester-volantino_2.pdf' title='Ester-volantino_2' class='wpba-link pull-left' target=\"_blank\">Ester-volantino_2<\/a><\/li>\n<\/ul><\/div>\n","protected":false},"excerpt":{"rendered":"<p>Il progetto &#8211; Non pi\u00f9 da soliQuesto \u00e8 il progetto per cui nasce l\u0092Associazione. E\u0092 un\u0092iniziativa rivolta a studenti universitari la cui residenza \u00e8 lontano dalla citt\u00e0 dove ha sede la propria facolt\u00e0 e agli anziani, completamente autosufficienti, che vivono soli e hanno una camera vuota nel proprio alloggio.Il fine del progetto \u00e8 duplice, da un lato andare incontro all\u0092esigenza di molti studenti di trovare &hellip; <a href=\"https:\/\/www.diocesi.torino.it\/terzaeta\/link-utili-ufficio-anziani\/associazione-non-piu-da-soli\/\" class=\"more-link\">Continua a leggere <span class=\"screen-reader-text\"><\/span> <span class=\"meta-nav\">&raquo;<\/span><\/a><\/p>\n","protected":false},"author":1,"featured_media":0,"parent":333,"menu_order":0,"comment_status":"closed","ping_status":"closed","template":"","meta":{"ip_address":"","user_agent":"","level":"","revision":"","cookie_id":"","page_referer":"","html_form":"","_expiration-date-status":"","_expiration-date":0,"_expiration-date-type":"","_expiration-date-categories":[],"_expiration-date-options":[]},"acf":[],"yoast_head":"<!-- This site is optimized with the Yoast SEO plugin v20.8 - https:\/\/yoast.com\/wordpress\/plugins\/seo\/ -->\n<title>Associazione - Non pi\u00f9 da Soli - Pastorale degli ANZIANI<\/title>\n<meta name=\"robots\" content=\"index, follow, max-snippet:-1, max-image-preview:large, max-video-preview:-1\" \/>\n<link rel=\"canonical\" href=\"https:\/\/www.diocesi.torino.it\/terzaeta\/link-utili-ufficio-anziani\/associazione-non-piu-da-soli\/\" \/>\n<meta property=\"og:locale\" content=\"it_IT\" \/>\n<meta property=\"og:type\" content=\"article\" \/>\n<meta property=\"og:title\" content=\"Associazione - Non pi\u00f9 da Soli - Pastorale degli ANZIANI\" \/>\n<meta property=\"og:description\" content=\"Il progetto - Non pi\u00f9 da soliQuesto \u00e8 il progetto per cui nasce l\u0092Associazione. E\u0092 un\u0092iniziativa rivolta a studenti universitari la cui residenza \u00e8 lontano dalla citt\u00e0 dove ha sede la propria facolt\u00e0 e agli anziani, completamente autosufficienti, che vivono soli e hanno una camera vuota nel proprio alloggio.Il fine del progetto \u00e8 duplice, da un lato andare incontro all\u0092esigenza di molti studenti di trovare &hellip; Continua a leggere &raquo;\" \/>\n<meta property=\"og:url\" content=\"https:\/\/www.diocesi.torino.it\/terzaeta\/link-utili-ufficio-anziani\/associazione-non-piu-da-soli\/\" \/>\n<meta property=\"og:site_name\" content=\"Pastorale degli ANZIANI\" \/>\n<meta property=\"article:modified_time\" content=\"2017-05-19T06:59:17+00:00\" \/>\n<meta name=\"twitter:card\" content=\"summary_large_image\" \/>\n<meta name=\"twitter:label1\" content=\"Tempo di lettura stimato\" \/>\n\t<meta name=\"twitter:data1\" content=\"2 minuti\" \/>\n<script type=\"application\/ld+json\" class=\"yoast-schema-graph\">{\"@context\":\"https:\/\/schema.org\",\"@graph\":[{\"@type\":\"WebPage\",\"@id\":\"https:\/\/www.diocesi.torino.it\/terzaeta\/link-utili-ufficio-anziani\/associazione-non-piu-da-soli\/\",\"url\":\"https:\/\/www.diocesi.torino.it\/terzaeta\/link-utili-ufficio-anziani\/associazione-non-piu-da-soli\/\",\"name\":\"Associazione - Non pi\u00f9 da Soli - Pastorale degli ANZIANI\",\"isPartOf\":{\"@id\":\"https:\/\/www.diocesi.torino.it\/terzaeta\/#website\"},\"datePublished\":\"2011-06-20T11:35:00+00:00\",\"dateModified\":\"2017-05-19T06:59:17+00:00\",\"breadcrumb\":{\"@id\":\"https:\/\/www.diocesi.torino.it\/terzaeta\/link-utili-ufficio-anziani\/associazione-non-piu-da-soli\/#breadcrumb\"},\"inLanguage\":\"it-IT\",\"potentialAction\":[{\"@type\":\"ReadAction\",\"target\":[\"https:\/\/www.diocesi.torino.it\/terzaeta\/link-utili-ufficio-anziani\/associazione-non-piu-da-soli\/\"]}]},{\"@type\":\"BreadcrumbList\",\"@id\":\"https:\/\/www.diocesi.torino.it\/terzaeta\/link-utili-ufficio-anziani\/associazione-non-piu-da-soli\/#breadcrumb\",\"itemListElement\":[{\"@type\":\"ListItem\",\"position\":1,\"name\":\"Home\",\"item\":\"https:\/\/www.diocesi.torino.it\/terzaeta\/\"},{\"@type\":\"ListItem\",\"position\":2,\"name\":\"Link utili &#8211; Ufficio Anziani\",\"item\":\"https:\/\/www.diocesi.torino.it\/terzaeta\/link-utili-ufficio-anziani\/\"},{\"@type\":\"ListItem\",\"position\":3,\"name\":\"Associazione &#8211; Non pi\u00f9 da Soli\"}]},{\"@type\":\"WebSite\",\"@id\":\"https:\/\/www.diocesi.torino.it\/terzaeta\/#website\",\"url\":\"https:\/\/www.diocesi.torino.it\/terzaeta\/\",\"name\":\"Pastorale degli ANZIANI\",\"description\":\"\",\"potentialAction\":[{\"@type\":\"SearchAction\",\"target\":{\"@type\":\"EntryPoint\",\"urlTemplate\":\"https:\/\/www.diocesi.torino.it\/terzaeta\/?s={search_term_string}\"},\"query-input\":\"required name=search_term_string\"}],\"inLanguage\":\"it-IT\"}]}<\/script>\n<!-- \/ Yoast SEO plugin. -->","yoast_head_json":{"title":"Associazione - Non pi\u00f9 da Soli - Pastorale degli ANZIANI","robots":{"index":"index","follow":"follow","max-snippet":"max-snippet:-1","max-image-preview":"max-image-preview:large","max-video-preview":"max-video-preview:-1"},"canonical":"https:\/\/www.diocesi.torino.it\/terzaeta\/link-utili-ufficio-anziani\/associazione-non-piu-da-soli\/","og_locale":"it_IT","og_type":"article","og_title":"Associazione - Non pi\u00f9 da Soli - Pastorale degli ANZIANI","og_description":"Il progetto - Non pi\u00f9 da soliQuesto \u00e8 il progetto per cui nasce l\u0092Associazione. E\u0092 un\u0092iniziativa rivolta a studenti universitari la cui residenza \u00e8 lontano dalla citt\u00e0 dove ha sede la propria facolt\u00e0 e agli anziani, completamente autosufficienti, che vivono soli e hanno una camera vuota nel proprio alloggio.Il fine del progetto \u00e8 duplice, da un lato andare incontro all\u0092esigenza di molti studenti di trovare &hellip; Continua a leggere &raquo;","og_url":"https:\/\/www.diocesi.torino.it\/terzaeta\/link-utili-ufficio-anziani\/associazione-non-piu-da-soli\/","og_site_name":"Pastorale degli ANZIANI","article_modified_time":"2017-05-19T06:59:17+00:00","twitter_card":"summary_large_image","twitter_misc":{"Tempo di lettura stimato":"2 minuti"},"schema":{"@context":"https:\/\/schema.org","@graph":[{"@type":"WebPage","@id":"https:\/\/www.diocesi.torino.it\/terzaeta\/link-utili-ufficio-anziani\/associazione-non-piu-da-soli\/","url":"https:\/\/www.diocesi.torino.it\/terzaeta\/link-utili-ufficio-anziani\/associazione-non-piu-da-soli\/","name":"Associazione - Non pi\u00f9 da Soli - Pastorale degli ANZIANI","isPartOf":{"@id":"https:\/\/www.diocesi.torino.it\/terzaeta\/#website"},"datePublished":"2011-06-20T11:35:00+00:00","dateModified":"2017-05-19T06:59:17+00:00","breadcrumb":{"@id":"https:\/\/www.diocesi.torino.it\/terzaeta\/link-utili-ufficio-anziani\/associazione-non-piu-da-soli\/#breadcrumb"},"inLanguage":"it-IT","potentialAction":[{"@type":"ReadAction","target":["https:\/\/www.diocesi.torino.it\/terzaeta\/link-utili-ufficio-anziani\/associazione-non-piu-da-soli\/"]}]},{"@type":"BreadcrumbList","@id":"https:\/\/www.diocesi.torino.it\/terzaeta\/link-utili-ufficio-anziani\/associazione-non-piu-da-soli\/#breadcrumb","itemListElement":[{"@type":"ListItem","position":1,"name":"Home","item":"https:\/\/www.diocesi.torino.it\/terzaeta\/"},{"@type":"ListItem","position":2,"name":"Link utili &#8211; Ufficio Anziani","item":"https:\/\/www.diocesi.torino.it\/terzaeta\/link-utili-ufficio-anziani\/"},{"@type":"ListItem","position":3,"name":"Associazione &#8211; Non pi\u00f9 da Soli"}]},{"@type":"WebSite","@id":"https:\/\/www.diocesi.torino.it\/terzaeta\/#website","url":"https:\/\/www.diocesi.torino.it\/terzaeta\/","name":"Pastorale degli ANZIANI","description":"","potentialAction":[{"@type":"SearchAction","target":{"@type":"EntryPoint","urlTemplate":"https:\/\/www.diocesi.torino.it\/terzaeta\/?s={search_term_string}"},"query-input":"required name=search_term_string"}],"inLanguage":"it-IT"}]}},"_links":{"self":[{"href":"https:\/\/www.diocesi.torino.it\/terzaeta\/wp-json\/wp\/v2\/pages\/334"}],"collection":[{"href":"https:\/\/www.diocesi.torino.it\/terzaeta\/wp-json\/wp\/v2\/pages"}],"about":[{"href":"https:\/\/www.diocesi.torino.it\/terzaeta\/wp-json\/wp\/v2\/types\/page"}],"author":[{"embeddable":true,"href":"https:\/\/www.diocesi.torino.it\/terzaeta\/wp-json\/wp\/v2\/users\/1"}],"replies":[{"embeddable":true,"href":"https:\/\/www.diocesi.torino.it\/terzaeta\/wp-json\/wp\/v2\/comments?post=334"}],"version-history":[{"count":2,"href":"https:\/\/www.diocesi.torino.it\/terzaeta\/wp-json\/wp\/v2\/pages\/334\/revisions"}],"predecessor-version":[{"id":344,"href":"https:\/\/www.diocesi.torino.it\/terzaeta\/wp-json\/wp\/v2\/pages\/334\/revisions\/344"}],"up":[{"embeddable":true,"href":"https:\/\/www.diocesi.torino.it\/terzaeta\/wp-json\/wp\/v2\/pages\/333"}],"wp:attachment":[{"href":"https:\/\/www.diocesi.torino.it\/terzaeta\/wp-json\/wp\/v2\/media?parent=334"}],"curies":[{"name":"wp","href":"https:\/\/api.w.org\/{rel}","templated":true}]}}