{"id":2730,"date":"2024-03-23T11:34:35","date_gmt":"2024-03-23T10:34:35","guid":{"rendered":"https:\/\/www.diocesi.torino.it\/vicariato\/?page_id=2730"},"modified":"2025-10-10T16:31:27","modified_gmt":"2025-10-10T14:31:27","slug":"ordo-virginum","status":"publish","type":"page","link":"https:\/\/www.diocesi.torino.it\/vicariato\/ordo-virginum\/","title":{"rendered":"ORDO VIRGINUM"},"content":{"rendered":"<div id=\"pl-2730\"  class=\"panel-layout\" ><div id=\"pg-2730-0\"  class=\"panel-grid panel-no-style\" ><div id=\"pgc-2730-0-0\"  class=\"panel-grid-cell\" ><div id=\"panel-2730-0-0-0\" class=\"so-panel widget widget_siteorigin-panels-post-content panel-first-child\" data-index=\"0\" ><h1 class=\"entry-title\">ORDO VIRGINUM<\/h1><\/div><div id=\"panel-2730-0-0-1\" class=\"so-panel widget widget_sow-image\" data-index=\"1\" ><div\n\t\t\t\n\t\t\tclass=\"so-widget-sow-image so-widget-sow-image-default-8b5b6f678277-2730\"\n\t\t\t\n\t\t>\n\n<div class=\"sow-image-container\">\n\t\t<img src=\"https:\/\/www.diocesi.torino.it\/vicariato\/wp-content\/uploads\/sites\/23\/2025\/01\/incontro-O.V.-26-gennaio-2025.jpg\" width=\"1599\" height=\"978\" srcset=\"https:\/\/www.diocesi.torino.it\/vicariato\/wp-content\/uploads\/sites\/23\/2025\/01\/incontro-O.V.-26-gennaio-2025.jpg 1599w, https:\/\/www.diocesi.torino.it\/vicariato\/wp-content\/uploads\/sites\/23\/2025\/01\/incontro-O.V.-26-gennaio-2025-300x183.jpg 300w, https:\/\/www.diocesi.torino.it\/vicariato\/wp-content\/uploads\/sites\/23\/2025\/01\/incontro-O.V.-26-gennaio-2025-1024x626.jpg 1024w, https:\/\/www.diocesi.torino.it\/vicariato\/wp-content\/uploads\/sites\/23\/2025\/01\/incontro-O.V.-26-gennaio-2025-768x470.jpg 768w, https:\/\/www.diocesi.torino.it\/vicariato\/wp-content\/uploads\/sites\/23\/2025\/01\/incontro-O.V.-26-gennaio-2025-360x220.jpg 360w, https:\/\/www.diocesi.torino.it\/vicariato\/wp-content\/uploads\/sites\/23\/2025\/01\/incontro-O.V.-26-gennaio-2025-1536x939.jpg 1536w, https:\/\/www.diocesi.torino.it\/vicariato\/wp-content\/uploads\/sites\/23\/2025\/01\/incontro-O.V.-26-gennaio-2025-600x367.jpg 600w, https:\/\/www.diocesi.torino.it\/vicariato\/wp-content\/uploads\/sites\/23\/2025\/01\/incontro-O.V.-26-gennaio-2025-1200x734.jpg 1200w, https:\/\/www.diocesi.torino.it\/vicariato\/wp-content\/uploads\/sites\/23\/2025\/01\/incontro-O.V.-26-gennaio-2025-800x489.jpg 800w\" sizes=\"(max-width: 1599px) 100vw, 1599px\" title=\"incontro O.V. 26 gennaio 2025\" alt=\"\" loading=\"lazy\" \t\tclass=\"so-widget-image\"\/>\n\t<\/div>\n\n<\/div><\/div><div id=\"panel-2730-0-0-2\" class=\"so-panel widget widget_sow-editor panel-last-child\" data-index=\"2\" ><div\n\t\t\t\n\t\t\tclass=\"so-widget-sow-editor so-widget-sow-editor-base\"\n\t\t\t\n\t\t>\n<div class=\"siteorigin-widget-tinymce textwidget\">\n\t<p>&nbsp;<\/p>\n<p class=\"Textbody\">L\u2019immagine della Chiesa Sposa di Cristo si presenta nel <i>Nuovo Testamento<\/i> come efficace icona rivelatrice dell\u2019intima natura del rapporto che il Signore Ges\u00f9 ha voluto stabilire con la comunit\u00e0 di coloro che credono in Lui.<\/p>\n<p class=\"Textbody\">Sin dai tempi apostolici questa espressione del mistero della Chiesa ha trovato una manifestazione del tutto peculiare nella vita di quelle donne che, corrispondendo al carisma suscitato in loro dallo Spirito <span style=\"color: black;\">S<\/span>anto, con amore sponsale<span style=\"color: black;\">, hanno risposto alla chiamata<\/span> <span style=\"color: black;\">del<\/span> Signore Ges\u00f9 nella verginit\u00e0, per sperimentare la fecondit\u00e0 spirituale dell\u2019intimo rapporto con Lui e offrirne i frutti alla Chiesa e al mondo<span style=\"color: #c9211e;\">.<\/span><\/p>\n<p>(<em><a href=\"https:\/\/www.diocesi.torino.it\/vicariato\/2024\/03\/23\/ordo-virginum-presentazione\/\" target=\"_blank\" rel=\"noopener\">CONTINUA..<\/a><\/em>.)<\/p>\n<p>&nbsp;<\/p>\n<\/div>\n<\/div><\/div><\/div><div id=\"pgc-2730-0-1\"  class=\"panel-grid-cell\" ><div id=\"panel-2730-0-1-0\" class=\"so-panel widget widget_sow-editor panel-first-child\" data-index=\"3\" ><div class=\"box_edit panel-widget-style panel-widget-style-for-2730-0-1-0\" ><div\n\t\t\t\n\t\t\tclass=\"so-widget-sow-editor so-widget-sow-editor-base\"\n\t\t\t\n\t\t><h3 class=\"widget-title\">INFORMAZIONI e CONTATTI<\/h3>\n<div class=\"siteorigin-widget-tinymce textwidget\">\n\t<p>Delegato arcivescovile per l'Ordo Virginum:<br \/>\n<strong>don Luciano Morello<\/strong><\/p>\n<p>tel. 011 9781039<br \/>\ncell. 335 6409686<\/p>\n<p>email: <a href=\"mailto:l.morello@diocesi.to.it\">l.morello@diocesi.to.it<\/a><\/p>\n<\/div>\n<\/div><\/div><\/div><div id=\"panel-2730-0-1-1\" class=\"so-panel widget widget_sow-editor panel-last-child\" data-index=\"4\" ><div class=\"box_edit panel-widget-style panel-widget-style-for-2730-0-1-1\" ><div\n\t\t\t\n\t\t\tclass=\"so-widget-sow-editor so-widget-sow-editor-base\"\n\t\t\t\n\t\t><h3 class=\"widget-title\">APPROFONDIMENTI<\/h3>\n<div class=\"siteorigin-widget-tinymce textwidget\">\n\t<h5><strong><span style=\"color: #339966;\">- <a style=\"color: #339966;\" href=\"https:\/\/www.diocesi.torino.it\/vicariato\/2024\/03\/23\/ordo-virginum-presentazione\/\" target=\"_blank\" rel=\"noopener\">PRESENTAZIONE<\/a><\/span><\/strong><\/h5>\n<h5><strong><span style=\"color: #339966;\">- <a style=\"color: #339966;\" href=\"https:\/\/www.diocesi.torino.it\/vicariato\/2010\/05\/24\/cenni-storici\/\" target=\"_blank\" rel=\"noopener\">BREVE STORIA<\/a><\/span><\/strong><\/h5>\n<h5><strong><span style=\"color: #339966;\">- <a style=\"color: #339966;\" href=\"https:\/\/www.diocesi.torino.it\/vicariato\/2010\/05\/24\/stile-di-vita\/\" target=\"_blank\" rel=\"noopener\">NUMERI E STILI<\/a><\/span><\/strong><\/h5>\n<h5><strong><span style=\"color: #339966;\">- <a style=\"color: #339966;\" href=\"https:\/\/www.diocesi.torino.it\/vicariato\/2010\/05\/24\/la-formazione\/\" target=\"_blank\" rel=\"noopener\">PERCORSI DI FORMAZIONE<\/a><\/span><\/strong><\/h5>\n<h5><strong><span style=\"color: #339966;\">- <a style=\"color: #339966;\" href=\"https:\/\/www.diocesi.torino.it\/vicariato\/2024\/08\/01\/documenti\/\" target=\"_blank\" rel=\"noopener\">DOCUMENTI<\/a><\/span><\/strong><\/h5>\n<h5><strong>- <a href=\"https:\/\/www.diocesi.torino.it\/vicariato\/category\/consacrazioni\/\" target=\"_blank\" rel=\"noopener\"><span style=\"color: #339966;\">CONSACRAZIONI<\/span><\/a><\/strong><\/h5>\n<h5><strong>- <a href=\"https:\/\/www.diocesi.torino.it\/vicariato\/category\/archivio\/\" target=\"_blank\" rel=\"noopener\"><span style=\"color: #339966;\">ARCHIVIO<\/span><\/a><\/strong><\/h5>\n<\/div>\n<\/div><\/div><\/div><\/div><\/div><div id=\"pg-2730-1\"  class=\"panel-grid panel-no-style\" ><div id=\"pgc-2730-1-0\"  class=\"panel-grid-cell\" ><div id=\"panel-2730-1-0-0\" class=\"so-panel widget widget_seed-so-widget-all-in-one-lite panel-first-child\" data-index=\"5\" ><div id=\"news_primopiano\" class=\"panel-widget-style panel-widget-style-for-2730-1-0-0\" ><div\n\t\t\t\n\t\t\tclass=\"so-widget-seed-so-widget-all-in-one-lite so-widget-seed-so-widget-all-in-one-lite-default-d75171398898-2730\"\n\t\t\t\n\t\t><h3 class=\"widget-title\">in primo piano<\/h3>\n<div class=\"box single-item\" id=\"slideuno\">                             \n<div class=\"slick-slide\">\n<div class=\"miniatura\" style=\"background:url(https:\/\/www.diocesi.torino.it\/vicariato\/wp-content\/uploads\/sites\/23\/2025\/06\/IMG-20250626-WA0010-e1751406534337-1024x626.jpg) no-repeat\">\n<h2><a href=\"https:\/\/www.diocesi.torino.it\/vicariato\/2025\/06\/30\/aspiranti-in-cammino\/\">Aspiranti in cammino<\/a><\/h2>\n<h5>risonanze<\/h5>\n<\/div>\n<\/div>\n                                                       \n<div class=\"slick-slide\">\n<div class=\"miniatura\" style=\"background:url(https:\/\/www.diocesi.torino.it\/vicariato\/wp-content\/uploads\/sites\/23\/2025\/06\/Copertina-incontro-nazionale-Roma-2025-1.jpg) no-repeat\">\n<h2><a href=\"https:\/\/www.diocesi.torino.it\/vicariato\/2025\/06\/20\/pellegrine-di-speranza-alla-scuola-di-maria-di-nazareth\/\">Pellegrine di Speranza alla scuola di Maria di Nazareth<\/a><\/h2>\n<h5>Risonanze Incontro Nazionale ORDO VIRGINUM Roma 2025<\/h5>\n<\/div>\n<\/div>\n                                                       \n<div class=\"slick-slide\">\n<div class=\"miniatura\" style=\"background:url(https:\/\/www.diocesi.torino.it\/vicariato\/wp-content\/uploads\/sites\/23\/2025\/04\/copertina-articolo.jpg) no-repeat\">\n<h2><a href=\"https:\/\/www.diocesi.torino.it\/vicariato\/2025\/04\/27\/una-gita-pellegrinaggio\/\">Gita pellegrinaggio a LA SALETTE (Francia)<\/a><\/h2>\n<h5>Un momento di sororit\u00e0 <\/h5>\n<\/div>\n<\/div>\n                                                       \n<div class=\"slick-slide\">\n<div class=\"miniatura\" style=\"background:url(https:\/\/www.diocesi.torino.it\/vicariato\/wp-content\/uploads\/sites\/23\/2025\/03\/speranza-1-e1742847031224.jpg) no-repeat\">\n<h2><a href=\"https:\/\/www.diocesi.torino.it\/vicariato\/2025\/03\/24\/ritiro-di-quaresima-22-23-marzo-2025\/\">Ritiro di Quaresima 22-23 marzo 2025<\/a><\/h2>\n<h5>Tema: La Speranza<\/h5>\n<\/div>\n<\/div>\n                           <\/div>\n<script>\n                                               jQuery(window).on('load', function () {\n                                               \/\/jQuery(\"document\").ready(function(){\n                                               jQuery('#slideuno').slick({\n                                                               autoplay:true,\n                                                               slidesToShow: 1,\n                                                               slidesToScroll: 1,\n                                                               dots: true,\n                                                               infinite: true\n                                               });\n                                               });\n                                               <\/script><\/div><\/div><\/div><div id=\"panel-2730-1-0-1\" class=\"so-panel widget widget_seed-so-widget-all-in-one-lite panel-last-child\" data-index=\"6\" ><div id=\"news_seconda\" class=\"panel-widget-style panel-widget-style-for-2730-1-0-1\" ><div\n\t\t\t\n\t\t\tclass=\"so-widget-seed-so-widget-all-in-one-lite so-widget-seed-so-widget-all-in-one-lite-default-d75171398898-3278\"\n\t\t\t\n\t\t><h3 class=\"widget-title\">altre news<\/h3>\n<div class=\"box single-item\">                             <div class=\"single\">\n<div class=\"miniatura\"><a href=\"https:\/\/www.diocesi.torino.it\/vicariato\/2022\/12\/28\/rito-di-consacrazione-delle-vergini-un-dono-da-approfondire-alla-luce-della-desiderio-desideravi\/\"><img src=\"https:\/\/www.diocesi.torino.it\/vicariato\/wp-content\/uploads\/sites\/23\/2022\/12\/Immagine-OV-300x145.jpg\" \/><\/a><\/div>\n<h2><a href=\"https:\/\/www.diocesi.torino.it\/vicariato\/2022\/12\/28\/rito-di-consacrazione-delle-vergini-un-dono-da-approfondire-alla-luce-della-desiderio-desideravi\/\">Rito di consacrazione delle vergini: dono da approfondire alla luce della &#8220;Desiderio desideravi&#8221;<\/a><\/h2>\n<h5>Appuntamento dell'Ordo Virginum dedicato al Seminario invernale a Roma il 4 e 5 febbraio 2023<\/h5>\n<\/div>\n                                                       <div class=\"single\">\n<div class=\"miniatura\"><a href=\"https:\/\/www.diocesi.torino.it\/vicariato\/2020\/05\/22\/veglia-per-il-50-anniversario-dellordo-virginum\/\"><img src=\"https:\/\/www.diocesi.torino.it\/vicariato\/wp-content\/uploads\/sites\/23\/2020\/05\/ordo-virginum-300x121.jpg\" \/><\/a><\/div>\n<h2><a href=\"https:\/\/www.diocesi.torino.it\/vicariato\/2020\/05\/22\/veglia-per-il-50-anniversario-dellordo-virginum\/\">Veglia per il 50\u00b0 anniversario dell\u2019Ordo Virginum<\/a><\/h2>\n<h5>Domenica 31 maggio 2020 preghiera a distanza e un video celebrativo on line<\/h5>\n<\/div>\n                                                       <div class=\"single\">\n<div class=\"miniatura\"><a href=\"https:\/\/www.diocesi.torino.it\/vicariato\/2011\/03\/08\/lingresso-del-nuovo-arcivescovo-mons-nosiglia\/\"><img src=\"https:\/\/www.diocesi.torino.it\/vicariato\/wp-content\/uploads\/sites\/23\/2017\/07\/punto15b-300x169.jpg\" \/><\/a><\/div>\n<h2><a href=\"https:\/\/www.diocesi.torino.it\/vicariato\/2011\/03\/08\/lingresso-del-nuovo-arcivescovo-mons-nosiglia\/\">L&#8217;ingresso del nuovo Arcivescovo, mons. Nosiglia<\/a><\/h2>\n<h5><\/h5>\n<\/div>\n                           <\/div><\/div><\/div><\/div><\/div><\/div><\/div>","protected":false},"excerpt":{"rendered":"<p>&nbsp; L\u2019immagine della Chiesa Sposa di Cristo si presenta nel Nuovo Testamento come efficace icona rivelatrice dell\u2019intima natura del rapporto che il Signore Ges\u00f9 ha voluto stabilire con la comunit\u00e0 di coloro che credono in Lui. Sin dai tempi apostolici questa espressione del mistero della Chiesa ha trovato una manifestazione del tutto peculiare nella vita di quelle donne che, corrispondendo al carisma suscitato in loro &hellip; <a href=\"https:\/\/www.diocesi.torino.it\/vicariato\/2011\/03\/08\/lingresso-del-nuovo-arcivescovo-mons-nosiglia\/\" class=\"more-link\">Continua a leggere <span class=\"screen-reader-text\"><\/span> <span class=\"meta-nav\">&raquo;<\/span><\/a><\/p>\n","protected":false},"author":2,"featured_media":3234,"parent":0,"menu_order":0,"comment_status":"closed","ping_status":"closed","template":"","meta":{"ip_address":"","user_agent":"","level":"","revision":"","cookie_id":"","page_referer":"","html_form":"","_expiration-date-status":"","_expiration-date":0,"_expiration-date-type":"","_expiration-date-categories":[],"_expiration-date-options":[]},"acf":[],"yoast_head":"<!-- This site is optimized with the Yoast SEO plugin v20.8 - https:\/\/yoast.com\/wordpress\/plugins\/seo\/ -->\n<title>ORDO VIRGINUM - Vicariato per la Vita consacrata<\/title>\n<meta name=\"robots\" content=\"index, follow, max-snippet:-1, max-image-preview:large, max-video-preview:-1\" \/>\n<link rel=\"canonical\" href=\"https:\/\/www.diocesi.torino.it\/vicariato\/ordo-virginum\/\" \/>\n<meta property=\"og:locale\" content=\"it_IT\" \/>\n<meta property=\"og:type\" content=\"article\" \/>\n<meta property=\"og:title\" content=\"ORDO VIRGINUM - Vicariato per la Vita consacrata\" \/>\n<meta property=\"og:description\" content=\"&nbsp; L\u2019immagine della Chiesa Sposa di Cristo si presenta nel Nuovo Testamento come efficace icona rivelatrice dell\u2019intima natura del rapporto che il Signore Ges\u00f9 ha voluto stabilire con la comunit\u00e0 di coloro che credono in Lui. Sin dai tempi apostolici questa espressione del mistero della Chiesa ha trovato una manifestazione del tutto peculiare nella vita di quelle donne che, corrispondendo al carisma suscitato in loro &hellip; Continua a leggere &raquo;\" \/>\n<meta property=\"og:url\" content=\"https:\/\/www.diocesi.torino.it\/vicariato\/ordo-virginum\/\" \/>\n<meta property=\"og:site_name\" content=\"Vicariato per la Vita consacrata\" \/>\n<meta property=\"article:modified_time\" content=\"2025-10-10T14:31:27+00:00\" \/>\n<meta property=\"og:image\" content=\"https:\/\/www.diocesi.torino.it\/vicariato\/wp-content\/uploads\/sites\/23\/2025\/01\/incontro-O.V.-26-gennaio-2025.jpg\" \/>\n\t<meta property=\"og:image:width\" content=\"1599\" \/>\n\t<meta property=\"og:image:height\" content=\"978\" \/>\n\t<meta property=\"og:image:type\" content=\"image\/jpeg\" \/>\n<meta name=\"twitter:card\" content=\"summary_large_image\" \/>\n<meta name=\"twitter:label1\" content=\"Tempo di lettura stimato\" \/>\n\t<meta name=\"twitter:data1\" content=\"1 minuto\" \/>\n<script type=\"application\/ld+json\" class=\"yoast-schema-graph\">{\"@context\":\"https:\/\/schema.org\",\"@graph\":[{\"@type\":\"WebPage\",\"@id\":\"https:\/\/www.diocesi.torino.it\/vicariato\/ordo-virginum\/\",\"url\":\"https:\/\/www.diocesi.torino.it\/vicariato\/ordo-virginum\/\",\"name\":\"ORDO VIRGINUM - Vicariato per la Vita consacrata\",\"isPartOf\":{\"@id\":\"https:\/\/www.diocesi.torino.it\/vicariato\/#website\"},\"datePublished\":\"2024-03-23T10:34:35+00:00\",\"dateModified\":\"2025-10-10T14:31:27+00:00\",\"breadcrumb\":{\"@id\":\"https:\/\/www.diocesi.torino.it\/vicariato\/ordo-virginum\/#breadcrumb\"},\"inLanguage\":\"it-IT\",\"potentialAction\":[{\"@type\":\"ReadAction\",\"target\":[\"https:\/\/www.diocesi.torino.it\/vicariato\/ordo-virginum\/\"]}]},{\"@type\":\"BreadcrumbList\",\"@id\":\"https:\/\/www.diocesi.torino.it\/vicariato\/ordo-virginum\/#breadcrumb\",\"itemListElement\":[{\"@type\":\"ListItem\",\"position\":1,\"name\":\"Home\",\"item\":\"https:\/\/www.diocesi.torino.it\/vicariato\/\"},{\"@type\":\"ListItem\",\"position\":2,\"name\":\"ORDO VIRGINUM\"}]},{\"@type\":\"WebSite\",\"@id\":\"https:\/\/www.diocesi.torino.it\/vicariato\/#website\",\"url\":\"https:\/\/www.diocesi.torino.it\/vicariato\/\",\"name\":\"Vicariato per la Vita consacrata\",\"description\":\"\",\"potentialAction\":[{\"@type\":\"SearchAction\",\"target\":{\"@type\":\"EntryPoint\",\"urlTemplate\":\"https:\/\/www.diocesi.torino.it\/vicariato\/?s={search_term_string}\"},\"query-input\":\"required name=search_term_string\"}],\"inLanguage\":\"it-IT\"}]}<\/script>\n<!-- \/ Yoast SEO plugin. -->","yoast_head_json":{"title":"ORDO VIRGINUM - Vicariato per la Vita consacrata","robots":{"index":"index","follow":"follow","max-snippet":"max-snippet:-1","max-image-preview":"max-image-preview:large","max-video-preview":"max-video-preview:-1"},"canonical":"https:\/\/www.diocesi.torino.it\/vicariato\/ordo-virginum\/","og_locale":"it_IT","og_type":"article","og_title":"ORDO VIRGINUM - Vicariato per la Vita consacrata","og_description":"&nbsp; L\u2019immagine della Chiesa Sposa di Cristo si presenta nel Nuovo Testamento come efficace icona rivelatrice dell\u2019intima natura del rapporto che il Signore Ges\u00f9 ha voluto stabilire con la comunit\u00e0 di coloro che credono in Lui. Sin dai tempi apostolici questa espressione del mistero della Chiesa ha trovato una manifestazione del tutto peculiare nella vita di quelle donne che, corrispondendo al carisma suscitato in loro &hellip; Continua a leggere &raquo;","og_url":"https:\/\/www.diocesi.torino.it\/vicariato\/ordo-virginum\/","og_site_name":"Vicariato per la Vita consacrata","article_modified_time":"2025-10-10T14:31:27+00:00","og_image":[{"width":1599,"height":978,"url":"https:\/\/www.diocesi.torino.it\/vicariato\/wp-content\/uploads\/sites\/23\/2025\/01\/incontro-O.V.-26-gennaio-2025.jpg","type":"image\/jpeg"}],"twitter_card":"summary_large_image","twitter_misc":{"Tempo di lettura stimato":"1 minuto"},"schema":{"@context":"https:\/\/schema.org","@graph":[{"@type":"WebPage","@id":"https:\/\/www.diocesi.torino.it\/vicariato\/ordo-virginum\/","url":"https:\/\/www.diocesi.torino.it\/vicariato\/ordo-virginum\/","name":"ORDO VIRGINUM - Vicariato per la Vita consacrata","isPartOf":{"@id":"https:\/\/www.diocesi.torino.it\/vicariato\/#website"},"datePublished":"2024-03-23T10:34:35+00:00","dateModified":"2025-10-10T14:31:27+00:00","breadcrumb":{"@id":"https:\/\/www.diocesi.torino.it\/vicariato\/ordo-virginum\/#breadcrumb"},"inLanguage":"it-IT","potentialAction":[{"@type":"ReadAction","target":["https:\/\/www.diocesi.torino.it\/vicariato\/ordo-virginum\/"]}]},{"@type":"BreadcrumbList","@id":"https:\/\/www.diocesi.torino.it\/vicariato\/ordo-virginum\/#breadcrumb","itemListElement":[{"@type":"ListItem","position":1,"name":"Home","item":"https:\/\/www.diocesi.torino.it\/vicariato\/"},{"@type":"ListItem","position":2,"name":"ORDO VIRGINUM"}]},{"@type":"WebSite","@id":"https:\/\/www.diocesi.torino.it\/vicariato\/#website","url":"https:\/\/www.diocesi.torino.it\/vicariato\/","name":"Vicariato per la Vita consacrata","description":"","potentialAction":[{"@type":"SearchAction","target":{"@type":"EntryPoint","urlTemplate":"https:\/\/www.diocesi.torino.it\/vicariato\/?s={search_term_string}"},"query-input":"required name=search_term_string"}],"inLanguage":"it-IT"}]}},"_links":{"self":[{"href":"https:\/\/www.diocesi.torino.it\/vicariato\/wp-json\/wp\/v2\/pages\/2730"}],"collection":[{"href":"https:\/\/www.diocesi.torino.it\/vicariato\/wp-json\/wp\/v2\/pages"}],"about":[{"href":"https:\/\/www.diocesi.torino.it\/vicariato\/wp-json\/wp\/v2\/types\/page"}],"author":[{"embeddable":true,"href":"https:\/\/www.diocesi.torino.it\/vicariato\/wp-json\/wp\/v2\/users\/2"}],"replies":[{"embeddable":true,"href":"https:\/\/www.diocesi.torino.it\/vicariato\/wp-json\/wp\/v2\/comments?post=2730"}],"version-history":[{"count":31,"href":"https:\/\/www.diocesi.torino.it\/vicariato\/wp-json\/wp\/v2\/pages\/2730\/revisions"}],"predecessor-version":[{"id":5480,"href":"https:\/\/www.diocesi.torino.it\/vicariato\/wp-json\/wp\/v2\/pages\/2730\/revisions\/5480"}],"wp:featuredmedia":[{"embeddable":true,"href":"https:\/\/www.diocesi.torino.it\/vicariato\/wp-json\/wp\/v2\/media\/3234"}],"wp:attachment":[{"href":"https:\/\/www.diocesi.torino.it\/vicariato\/wp-json\/wp\/v2\/media?parent=2730"}],"curies":[{"name":"wp","href":"https:\/\/api.w.org\/{rel}","templated":true}]}}